{"id":24934,"date":"2018-11-01T19:45:47","date_gmt":"2018-11-01T19:45:47","guid":{"rendered":"https:\/\/abconlinehold.wpengine.com\/?page_id=24934"},"modified":"2021-08-09T16:18:42","modified_gmt":"2021-08-09T21:18:42","slug":"problemas-por-la-malla-de-la-hernia","status":"publish","type":"page","link":"https:\/\/mcdonaldworley.com\/es\/productos-medicos-defectuosos\/problemas-por-la-malla-de-la-hernia\/","title":{"rendered":"Problemas Por la Malla de la Hernia"},"content":{"rendered":"<p><b>\u00bfSUFRES DE COMPLICACIONES POR LA MALLA DE LA HERNIA?<\/b><\/p>\n<p>Los pacientes que desarrollan una infecci\u00f3n por la malla de la hernia u otras complicaciones por dicha malla pueden tener una demanda legal. Algunos fabricantes de las mallas de cirug\u00eda para la hernia han sido acusados de no probar adecuadamente sus productos antes de ponerlos en el mercado y\/o de no advertir sobre posibles problemas de la malla de la hernia.<\/p>\n<p><b>\u00bfQU\u00c9 ES LA MALLA DE LA HERNIA?<\/b><\/p>\n<p>Usar una malla de la hernia es una opci\u00f3n com\u00fan de tratamiento que se usa para tratar las hernias, que ocurren cuando un \u00f3rgano o tejido se empuja a trav\u00e9s de una abertura o debilidad del tejido conectivo o del m\u00fasculo. Las hernias pueden ocurrir en la pared abdominal, en el \u00e1rea de la ingle, en el ombligo o en un sitio de incisi\u00f3n.<\/p>\n<p>La cirug\u00eda de la malla de la hernia es un dispositivo m\u00e9dico que proporciona la ayuda adicional al tejido da\u00f1ado o debilitado, disminuyendo la posibilidad que la hernia vuelva.<\/p>\n<p><b>TIPOS DE MALLAS UTILIZADAS EN LA CIRUG\u00cdA DE LA HERNIA<\/b><\/p>\n<p>Dependiendo del tipo de malla utilizada en la cirug\u00eda de la hernia, la malla de la hernia puede ser absorbible o no absorbible por el cuerpo humano.<\/p>\n<ul>\n<li><b>La malla absorbible<\/b>\u00a0no est\u00e1 destinada a proporcionar apoyo a largo plazo al sitio de la hernia; en lugar, el nuevo crecimiento del tejido se piensa formar mientras que el material de la malla de la hernia se degrada, proporcionando fuerza al sitio.<\/li>\n<li><b>La malla no-absorbible<\/b>\u00a0se considera un implante permanente para proporcionar apoyo a largo plazo al sitio de la hernia.<\/li>\n<\/ul>\n<p>El material de malla de la hernia puede consistir en tejido animal o materiales sint\u00e9ticos.<\/p>\n<ul>\n<li><b>La malla de cirug\u00eda de la hernia derivada de los animales<\/b>\u00a0se hace del tejido animal que se ha procesado y se ha desinfectado de modo que pueda ser utilizado como dispositivo m\u00e9dico. T\u00edpicamente, los implantes de malla de la hernia derivadas de animales se obtienen de cerdos o vacas y son absorbibles por el cuerpo.<\/li>\n<li><b>La malla de la hernia sint\u00e9tica<\/b> es un implante que puede consistir en hojas de punto o en hojas no tejidas. Pueden consistir en materiales absorbibles, no-absorbibles o una combinaci\u00f3n de las dos.<\/li>\n<\/ul>\n<p><b>COMPLICACIONES DE LA MALLA DE LA HERNIA<\/b><\/p>\n<p>Los problemas de la malla de la hernia pueden presentarse despu\u00e9s de la cirug\u00eda. Las complicaciones potenciales de la malla incluyen:<\/p>\n<ul>\n<li>Erosi\u00f3n de la malla de la hernia<\/li>\n<li>Sangrado<\/li>\n<li>Dolor en la hernia por causa de la malla<\/li>\n<li>Perforaci\u00f3n de los \u00f3rganos<\/li>\n<li>Migraci\u00f3n de la malla<\/li>\n<li>Infecci\u00f3n por causa de la malla en la hernia<\/li>\n<li>Sensibilidad en el sitio del implante<\/li>\n<li>Contracci\u00f3n de la malla de la hernia<\/li>\n<li>F\u00edstulas<\/li>\n<li>Da\u00f1o al nervio<\/li>\n<li>Reacciones autoinmunes<\/li>\n<li>Adherencias<\/li>\n<li>Recurrencia de la hernia<\/li>\n<li>Rechazo de la malla de la hernia<\/li>\n<\/ul>\n<p><b>FALLO DE LA MALLA DE LA HERNIA<\/b><\/p>\n<p>Seg\u00fan un estudio reciente publicado por <i>JAMA Surgery,<\/i> los s\u00edntomas causados por el fallo de la malla de la hernia pueden suceder hasta cinco a\u00f1os despu\u00e9s de la implantaci\u00f3n del dispositivo. Los investigadores encontraron que la frecuencia de problemas causadas por la malla de la hernia aument\u00f3 durante el per\u00edodo de cinco a\u00f1os despu\u00e9s de que un paciente recibe cirug\u00eda de malla de la hernia. Muchos pacientes requirieron cirug\u00eda de la revisi\u00f3n de la malla de la hernia para tratar las complicaciones de dicha malla.<\/p>\n<p><b>S\u00edntomas de la infecci\u00f3n por la malla de la hernia<\/b><\/p>\n<p>Si usted recientemente recibi\u00f3 una cirug\u00eda con dicha malla, es importante monitorear el sitio quir\u00fargico para los s\u00edntomas de la infecci\u00f3n por esta.<\/p>\n<p>Los s\u00edntomas de la infecci\u00f3n de la malla de la hernia pueden incluir:<\/p>\n<ul>\n<li>Inflamaci\u00f3n<\/li>\n<li>Calor en el sitio quir\u00fargico de la malla de la hernia<\/li>\n<li>Incapacidad para curar<\/li>\n<li>Dolor cr\u00f3nico<\/li>\n<li>Problemas dentales<\/li>\n<li>S\u00edntomas similares a la gripe tales como los escalofr\u00edos, fiebre, n\u00e1useas o v\u00f3mitos<\/li>\n<\/ul>\n<p>Si usted ha sufrido complicaciones de la malla de la hernia y tuvo que someterse a una cirug\u00eda de revisi\u00f3n de malla, puede calificar para presentar una demanda para conseguir una indemnizaci\u00f3n por sus lesiones. Cada vez m\u00e1s demandantes ya han tomado medidas legales para responsabilizar a los fabricantes de mallas de la hernia por la seguridad de sus productos.<\/p>\n<p><b>RETIRADAS DE LAS MALLAS DE LA HERNIA<\/b><\/p>\n<p>Varios fabricantes de mallas quir\u00fargicas han emitido retirarlas debido a una alta tasa de eventos adversos o mal desempe\u00f1o de los dispositivos.<\/p>\n<p>Ethicon, Atrium Medical Corporation y Bard Davol se encuentran entre los fabricantes de mallas quir\u00fargicas han emitido retirarlas de sus productos. Algunos de los problemas de malla de hernia incluyen:<\/p>\n<ul>\n<li>Atrium C-QUR Surgical Mesh<\/li>\n<li>Bard Composix Kugel Hernia Parche<\/li>\n<li>Ethicon Physiomesh Hernia Mesh<\/li>\n<li>Ethicon Proceed Hernia Mesh<\/li>\n<\/ul>\n<p>De acuerdo con la Administraci\u00f3n de Medicamentos y Alimentos de los Estados Unidos, varias complicaciones de la malla de hernia se asociaron con productos que ya han sido retirados.<\/p>\n<p><b>CONOZCA SUS DERECHOS LEGALES<\/b><\/p>\n<p>Si usted requiri\u00f3 una reparaci\u00f3n de la malla de la hernia o cirug\u00eda de revisi\u00f3n, usted puede tener una reclamaci\u00f3n legal. Los pacientes que tuvieron que someterse a cirug\u00eda de revisi\u00f3n de malla de la hernia para abordar las complicaciones han presentado pleitos contra los fabricantes de mallas de la hernia, alegando que el dispositivo m\u00e9dico est\u00e1 mal dise\u00f1ado y que los fabricantes no lograron advertir sobre las complicaciones de dicha malla.<\/p>\n<p><b>P\u00f3ngase en contacto con los abogados de responsabilidad civil por productos en McDonald Worley para una evaluaci\u00f3n gratuita del caso.<\/b><\/p>\n<p>Usted puede ser elegible para presentar una demanda de malla de hernia para buscar compensaci\u00f3n por sus facturas m\u00e9dicas, da\u00f1os morales, salarios perdidos y cualquier otra lesi\u00f3n que haya sufrido. Nuestros abogados de malla de la hernia luchar\u00e1n por usted a cada paso del camino para obtener la cantidad m\u00e1xima de compensaci\u00f3n que usted se merece.<\/p>\n","protected":false},"excerpt":{"rendered":"<p>\u00bfSUFRES DE COMPLICACIONES POR LA MALLA DE LA HERNIA? Los pacientes que desarrollan una infecci\u00f3n por la malla de la hernia u otras complicaciones por dicha malla pueden tener una demanda legal. Algunos fabricantes de las mallas de cirug\u00eda para la hernia han sido acusados de no probar adecuadamente sus productos antes de ponerlos en [&hellip;]<\/p>\n","protected":false},"author":65,"featured_media":0,"parent":24884,"menu_order":0,"comment_status":"closed","ping_status":"closed","template":"","meta":{"_acf_changed":false,"site-sidebar-layout":"default","site-content-layout":"","ast-site-content-layout":"default","site-content-style":"default","site-sidebar-style":"default","ast-global-header-display":"","ast-banner-title-visibility":"","ast-main-header-display":"","ast-hfb-above-header-display":"","ast-hfb-below-header-display":"","ast-hfb-mobile-header-display":"","site-post-title":"","ast-breadcrumbs-content":"","ast-featured-img":"","footer-sml-layout":"","ast-disable-related-posts":"","theme-transparent-header-meta":"","adv-header-id-meta":"","stick-header-meta":"","header-above-stick-meta":"","header-main-stick-meta":"","header-below-stick-meta":"","astra-migrate-meta-layouts":"default","ast-page-background-enabled":"default","ast-page-background-meta":{"desktop":{"background-color":"var(--ast-global-color-4)","background-image":"","background-repeat":"repeat","background-position":"center center","background-size":"auto","background-attachment":"scroll","background-type":"","background-media":"","overlay-type":"","overlay-color":"","overlay-opacity":"","overlay-gradient":""},"tablet":{"background-color":"","background-image":"","background-repeat":"repeat","background-position":"center center","background-size":"auto","background-attachment":"scroll","background-type":"","background-media":"","overlay-type":"","overlay-color":"","overlay-opacity":"","overlay-gradient":""},"mobile":{"background-color":"","background-image":"","background-repeat":"repeat","background-position":"center center","background-size":"auto","background-attachment":"scroll","background-type":"","background-media":"","overlay-type":"","overlay-color":"","overlay-opacity":"","overlay-gradient":""}},"ast-content-background-meta":{"desktop":{"background-color":"var(--ast-global-color-5)","background-image":"","background-repeat":"repeat","background-position":"center center","background-size":"auto","background-attachment":"scroll","background-type":"","background-media":"","overlay-type":"","overlay-color":"","overlay-opacity":"","overlay-gradient":""},"tablet":{"background-color":"var(--ast-global-color-5)","background-image":"","background-repeat":"repeat","background-position":"center center","background-size":"auto","background-attachment":"scroll","background-type":"","background-media":"","overlay-type":"","overlay-color":"","overlay-opacity":"","overlay-gradient":""},"mobile":{"background-color":"var(--ast-global-color-5)","background-image":"","background-repeat":"repeat","background-position":"center center","background-size":"auto","background-attachment":"scroll","background-type":"","background-media":"","overlay-type":"","overlay-color":"","overlay-opacity":"","overlay-gradient":""}},"footnotes":""},"class_list":["post-24934","page","type-page","status-publish","hentry"],"acf":[],"_links":{"self":[{"href":"https:\/\/mcdonaldworley.com\/es\/wp-json\/wp\/v2\/pages\/24934","targetHints":{"allow":["GET"]}}],"collection":[{"href":"https:\/\/mcdonaldworley.com\/es\/wp-json\/wp\/v2\/pages"}],"about":[{"href":"https:\/\/mcdonaldworley.com\/es\/wp-json\/wp\/v2\/types\/page"}],"author":[{"embeddable":true,"href":"https:\/\/mcdonaldworley.com\/es\/wp-json\/wp\/v2\/users\/65"}],"replies":[{"embeddable":true,"href":"https:\/\/mcdonaldworley.com\/es\/wp-json\/wp\/v2\/comments?post=24934"}],"version-history":[{"count":0,"href":"https:\/\/mcdonaldworley.com\/es\/wp-json\/wp\/v2\/pages\/24934\/revisions"}],"up":[{"embeddable":true,"href":"https:\/\/mcdonaldworley.com\/es\/wp-json\/wp\/v2\/pages\/24884"}],"wp:attachment":[{"href":"https:\/\/mcdonaldworley.com\/es\/wp-json\/wp\/v2\/media?parent=24934"}],"curies":[{"name":"wp","href":"https:\/\/api.w.org\/{rel}","templated":true}]}}