{"id":24932,"date":"2018-11-01T19:43:50","date_gmt":"2018-11-01T19:43:50","guid":{"rendered":"https:\/\/abconlinehold.wpengine.com\/?page_id=24932"},"modified":"2021-08-09T11:38:26","modified_gmt":"2021-08-09T16:38:26","slug":"lesiones-renales-causadas-por-medicamentos-de-acidez","status":"publish","type":"page","link":"https:\/\/mcdonaldworley.com\/es\/drogas-peligrosas\/lesiones-renales-causadas-por-medicamentos-de-acidez\/","title":{"rendered":"Lesiones Renales Causadas por Medicamentos de Acidez"},"content":{"rendered":"<p><b>\u00bfSufri\u00f3 de insuficiencia renal despu\u00e9s de tomar un medicamento de acidez estomacal como Nexium o Prilosec?<\/b><\/p>\n<p>Muchos estadounidenses han sufrido de los efectos secundarios desagradables del reflujo \u00e1cido o la acidez estomacal y visitan una farmacia o a su m\u00e9dico para tratar de resolver su situaci\u00f3n. Para muchas v\u00edctimas, se recomienda un medicamento de bloqueo de \u00e1cido conocido como el Inhibidor de la Bomba de Protones (IBP) para proporcionar alivio r\u00e1pido de los s\u00edntomas.<\/p>\n<p>Tomar una medicaci\u00f3n popular de la acidez como Nexium, Prilosec o Prevacid que se pueden comprar de venta libre parece una opci\u00f3n segura para los que no aguantan a esperar a ver a un doctor. Despu\u00e9s de todo, varios IBPs est\u00e1n disponibles sin receta, por lo que los consumidores sienten que los medicamentos son lo suficientemente seguros para el p\u00fablico en general.<\/p>\n<p>Sin embargo, aquellos que siguen tomando medicamentos para el ardor de la acidez, a largo plazo pueden tener el riesgo de desarrollar serios efectos secundarios renales que pueden alterar la vida e incluso ser fatales.<\/p>\n<p><b>MEDICAMENTO PARA LA ACIDEZ ESTOMACAL CON EFECTOS SECUNDARIOS DEL RI\u00d1\u00d3N<\/b><\/p>\n<p>Hay varios medicamentos para la acidez estomacal que est\u00e1n en el mercado. Algunos requieren la prescripci\u00f3n de un m\u00e9dico, mientras que otros est\u00e1n disponibles a la venta libre. Algunos pacientes s\u00f3lo necesitan un medicamento de venta libre mientras que otros requieren un medicamento prescrito para satisfacer sus necesidades.<\/p>\n<p>Los medicamentos para la acidez del IBP incluyen:<\/p>\n<ul>\n<li>Aciphex (rabeprazol)<\/li>\n<li>Dexilant (dexlansoprazol)<\/li>\n<li>Nexium (magnesio de esomeprazol)<\/li>\n<li>Prevacid (lansoprazol)<\/li>\n<li>Prilosec (omeprazol)<\/li>\n<li>Protonix (pantoprazol)<\/li>\n<li>Vimvo (esomeprazol y naproxeno)<\/li>\n<li>Ypsprala (aspirina y omeprazol)<\/li>\n<li>Zegerid (omeprazol\/bicarbonato s\u00f3dico)<\/li>\n<\/ul>\n<p><b>\u00bfC\u00d3MO FUNCIONAN LOS MEDICAMENTOS PARA LA ACIDEZ DEL IBP?<\/b><\/p>\n<p>Las medicaciones del IBP funcionan por tapar una enzima en la pared del est\u00f3mago que es responsable de producir el \u00e1cido del est\u00f3mago. Cuando se reduce la cantidad de \u00e1cido, se pueden reducir los s\u00edntomas asociados con la acidez estomacal, el reflujo \u00e1cido, la ERGE (enfermedad por reflujo gastroesof\u00e1gico) y varios tipos de \u00falceras con el uso de medicamentos de IBP.<\/p>\n<p>Aunque estas medicinas bloquean la producci\u00f3n \u00e1cida, no resuelven generalmente el problema subyacente que causa la condici\u00f3n en el primer lugar.<\/p>\n<p>Cuando los individuos experimentan alivio despu\u00e9s de tomar los medicamentos por un tiempo, pueden tratar de disminuir o detener las dosis. Cuando lo hacen, muchos experimentan un efecto de m\u00e1s \u00e1cido despu\u00e9s de que la producci\u00f3n \u00e1cida se haya suprimido inicialmente y esto puede incitarlos a continuar tomando los medicamentos para evitar los efectos negativos que resultan.<\/p>\n<p>Aunque estos medicamentos pueden ser muy efectivos para aliviar los s\u00edntomas, su uso a largo plazo puede llevar a serios problemas, algunos de los cuales afectan la funci\u00f3n renal.<\/p>\n<p><b>INSUFICIENCIA RENAL Y OTROS EFECTOS SECUNDARIOS RELACIONADOS AL RI\u00d1\u00d3N POR CAUSA DE LOS MEDICAMENTOS PARA LA ACIDEZ ESTOMACAL<\/b><\/p>\n<p>De todos los efectos secundarios relacionados con el uso extensivo de los medicamentos para la acidez, la insuficiencia renal y las enfermedades renales son algunas de las m\u00e1s graves, ya que potencialmente pueden tener consecuencias letales.<\/p>\n<p>Los estudios publicados del a\u00f1o pasado muestran un v\u00ednculo entre los medicamentos IBP y varias etapas del da\u00f1o renal. Un estudio publicado en la revista de la Asociaci\u00f3n M\u00e9dica Americana en febrero del 2016 observ\u00f3 a m\u00e1s de 10,000 individuos durante aproximadamente 13 a\u00f1os. Se encontr\u00f3 que cuanto m\u00e1s tiempo un individuo toma\u00a0<a href=\"http:\/\/archinte.jamanetwork.com\/article.aspx?articleid=2481157\" target=\"_blank\" rel=\"nofollow noopener\"><b>Medicamentos I<\/b><\/a><b>BP<\/b>, m\u00e1s probable es que sufra de da\u00f1o renal.<\/p>\n<p>Investigaciones anteriores encontraron un v\u00ednculo entre el uso de IBP y una afecci\u00f3n llamada nefritis intersticial aguda y lesi\u00f3n renal aguda. Adem\u00e1s, otros estudios tambi\u00e9n han sugerido un v\u00ednculo entre el uso de IBP y los problemas renales agudos, mientras que las investigaciones m\u00e1s recientes indican que el ri\u00f1\u00f3n es afectado por problemas cr\u00f3nicos.<\/p>\n<p>Aunque los investigadores no han descubierto muy bien la raz\u00f3n exacta por la cual el da\u00f1o renal puede resultar de la acidez estomacal tiene algunas teor\u00edas. Algunos piensan que la hipo magnesia (niveles bajos de magnesio) causada por el uso de IBP puede da\u00f1ar los ri\u00f1ones. Otros piensan que el tener episodios repetidos de lesi\u00f3n renal aguda puede causar da\u00f1o cr\u00f3nico al ri\u00f1\u00f3n.<\/p>\n<p>Una vez que los ri\u00f1ones est\u00e1n da\u00f1ados cr\u00f3nicamente, pueden empezar a fallar. Mientras que un individuo puede vivir con un solo ri\u00f1\u00f3n o con los ri\u00f1ones parciales, los seres humanos no pueden sobrevivir con los ri\u00f1ones que no funcionan en absoluto. Los ri\u00f1ones sirven como uno de los sistemas de desintoxicaci\u00f3n principal del cuerpo, filtrando las toxinas para mantener el cuerpo sano. Si los ri\u00f1ones fallan y eventualmente se cierran por completo, la muerte pronto seguir\u00e1.<\/p>\n<p><b>DIAGN\u00d3STICO DE LA ENFERMEDAD RENAL<\/b><\/p>\n<p>Se deben observar varios s\u00edntomas al evaluar la enfermedad renal. Estos incluyen:<\/p>\n<ul>\n<li>Confusi\u00f3n<\/li>\n<li>Fatiga o somnolencia excesiva<\/li>\n<li>Retenci\u00f3n de l\u00edquidos causando hinchaz\u00f3n en las piernas, tobillos y pies<\/li>\n<li>N\u00e1usea que persiste<\/li>\n<li>Reducci\u00f3n de la diuresis<\/li>\n<li>Dificultad respiratoria<\/li>\n<\/ul>\n<p>Los m\u00e9dicos buscan una enfermedad renal basada en pruebas de laboratorio de sangre y orina, pruebas de imagen y a veces una muestra de tejido de los ri\u00f1ones.<\/p>\n<p>Se necesitan intervenciones dr\u00e1sticas con da\u00f1o renal avanzado e insuficiencia renal, incluyendo di\u00e1lisis y trasplante de ri\u00f1\u00f3n. Es importante que los que sospechen problemas renales busquen ayuda m\u00e9dica de inmediato.<\/p>\n<p><b>OTROS EFECTOS SECUNDARIOS DE LA ACIDEZ ESTOMACAL<\/b><\/p>\n<p>Los medicamentos IBP tambi\u00e9n tienen un riesgo de otros efectos secundarios. Otros efectos secundarios m\u00e1s all\u00e1 del deterioro renal asociado con los medicamentos inhibidores de la bomba de protones incluyen:<\/p>\n<ul>\n<li>Anemia<\/li>\n<li>Fracturas \u00f3seas<\/li>\n<li>Problemas cardiovasculares<\/li>\n<li>Enfermedad renal cr\u00f3nica<\/li>\n<li>Demencia<\/li>\n<li>Disfunci\u00f3n er\u00e9ctil<\/li>\n<li>Infecciones intestinales<\/li>\n<li>Ataque card\u00edaco<\/li>\n<li>Hipo magnesia (magnesio bajo)<\/li>\n<li>Deficiencias nutricionales<\/li>\n<li>Neumon\u00eda<\/li>\n<li>Movimiento<\/li>\n<li>Aumento de peso<\/li>\n<\/ul>\n<p><b>TOMAR ACCI\u00d3N DESPU\u00c9S DE UNA LESI\u00d3N CAUSADA POR LOS MEDICAMENTOS PARA LA ACIDEZ<\/b><\/p>\n<p>Si usted sufri\u00f3 de insuficiencia renal u otras complicaciones renales graves despu\u00e9s de tomar medicamentos IBP, usted tiene el derecho de consultar con un abogado para discutir la persecuci\u00f3n de la acci\u00f3n legal contra el fabricante.<\/p>\n<p>Las demandas contra los fabricantes pueden ayudar a enviar un mensaje de que los consumidores esperan que su seguridad sea una prioridad m\u00e1xima. Las demandas que presentan pueden tambi\u00e9n ayudar a conseguir compensaci\u00f3n por los da\u00f1os sufridos como resultado de la lesi\u00f3n.<\/p>\n<p>Un abogado de la medicaci\u00f3n del IBP puede proveerle una revisi\u00f3n de caso gratuita para que usted tenga un mejor entendimiento de su situaci\u00f3n y puede explicarle las opciones que usted tiene en la persecuci\u00f3n de la acci\u00f3n legal.<\/p>\n","protected":false},"excerpt":{"rendered":"<p>\u00bfSufri\u00f3 de insuficiencia renal despu\u00e9s de tomar un medicamento de acidez estomacal como Nexium o Prilosec? Muchos estadounidenses han sufrido de los efectos secundarios desagradables del reflujo \u00e1cido o la acidez estomacal y visitan una farmacia o a su m\u00e9dico para tratar de resolver su situaci\u00f3n. Para muchas v\u00edctimas, se recomienda un medicamento de bloqueo [&hellip;]<\/p>\n","protected":false},"author":65,"featured_media":0,"parent":24875,"menu_order":0,"comment_status":"closed","ping_status":"closed","template":"","meta":{"_acf_changed":false,"site-sidebar-layout":"default","site-content-layout":"","ast-site-content-layout":"default","site-content-style":"default","site-sidebar-style":"default","ast-global-header-display":"","ast-banner-title-visibility":"","ast-main-header-display":"","ast-hfb-above-header-display":"","ast-hfb-below-header-display":"","ast-hfb-mobile-header-display":"","site-post-title":"","ast-breadcrumbs-content":"","ast-featured-img":"","footer-sml-layout":"","ast-disable-related-posts":"","theme-transparent-header-meta":"","adv-header-id-meta":"","stick-header-meta":"","header-above-stick-meta":"","header-main-stick-meta":"","header-below-stick-meta":"","astra-migrate-meta-layouts":"default","ast-page-background-enabled":"default","ast-page-background-meta":{"desktop":{"background-color":"var(--ast-global-color-4)","background-image":"","background-repeat":"repeat","background-position":"center center","background-size":"auto","background-attachment":"scroll","background-type":"","background-media":"","overlay-type":"","overlay-color":"","overlay-opacity":"","overlay-gradient":""},"tablet":{"background-color":"","background-image":"","background-repeat":"repeat","background-position":"center center","background-size":"auto","background-attachment":"scroll","background-type":"","background-media":"","overlay-type":"","overlay-color":"","overlay-opacity":"","overlay-gradient":""},"mobile":{"background-color":"","background-image":"","background-repeat":"repeat","background-position":"center center","background-size":"auto","background-attachment":"scroll","background-type":"","background-media":"","overlay-type":"","overlay-color":"","overlay-opacity":"","overlay-gradient":""}},"ast-content-background-meta":{"desktop":{"background-color":"var(--ast-global-color-5)","background-image":"","background-repeat":"repeat","background-position":"center center","background-size":"auto","background-attachment":"scroll","background-type":"","background-media":"","overlay-type":"","overlay-color":"","overlay-opacity":"","overlay-gradient":""},"tablet":{"background-color":"var(--ast-global-color-5)","background-image":"","background-repeat":"repeat","background-position":"center center","background-size":"auto","background-attachment":"scroll","background-type":"","background-media":"","overlay-type":"","overlay-color":"","overlay-opacity":"","overlay-gradient":""},"mobile":{"background-color":"var(--ast-global-color-5)","background-image":"","background-repeat":"repeat","background-position":"center center","background-size":"auto","background-attachment":"scroll","background-type":"","background-media":"","overlay-type":"","overlay-color":"","overlay-opacity":"","overlay-gradient":""}},"footnotes":""},"class_list":["post-24932","page","type-page","status-publish","hentry"],"acf":[],"_links":{"self":[{"href":"https:\/\/mcdonaldworley.com\/es\/wp-json\/wp\/v2\/pages\/24932","targetHints":{"allow":["GET"]}}],"collection":[{"href":"https:\/\/mcdonaldworley.com\/es\/wp-json\/wp\/v2\/pages"}],"about":[{"href":"https:\/\/mcdonaldworley.com\/es\/wp-json\/wp\/v2\/types\/page"}],"author":[{"embeddable":true,"href":"https:\/\/mcdonaldworley.com\/es\/wp-json\/wp\/v2\/users\/65"}],"replies":[{"embeddable":true,"href":"https:\/\/mcdonaldworley.com\/es\/wp-json\/wp\/v2\/comments?post=24932"}],"version-history":[{"count":0,"href":"https:\/\/mcdonaldworley.com\/es\/wp-json\/wp\/v2\/pages\/24932\/revisions"}],"up":[{"embeddable":true,"href":"https:\/\/mcdonaldworley.com\/es\/wp-json\/wp\/v2\/pages\/24875"}],"wp:attachment":[{"href":"https:\/\/mcdonaldworley.com\/es\/wp-json\/wp\/v2\/media?parent=24932"}],"curies":[{"name":"wp","href":"https:\/\/api.w.org\/{rel}","templated":true}]}}