{"id":24929,"date":"2018-11-01T19:38:30","date_gmt":"2018-11-01T19:38:30","guid":{"rendered":"https:\/\/abconlinehold.wpengine.com\/?page_id=24929"},"modified":"2021-08-11T18:26:19","modified_gmt":"2021-08-11T23:26:19","slug":"abogado-de-lesiones-en-la-cabeza-de-houston","status":"publish","type":"page","link":"https:\/\/mcdonaldworley.com\/es\/houston\/abogado-de-lesiones-en-la-cabeza-de-houston\/","title":{"rendered":"Abogado de Lesiones en la Cabeza de Houston"},"content":{"rendered":"<p>Una de las cosas m\u00e1s devastadoras que puede ocurrirle a usted o a sus seres queridos es una lesi\u00f3n cerebral traum\u00e1tica. Esto puede ocurrir por un accidente automovil\u00edstico, asalto o accidente de trabajo. Cuando esto suceda, usted necesita ponerse en contacto con un abogado de la cabeza de Houston inmediatamente. Usted y su familia se van a enfrentar con un largo camino por delante. No quieres hacerlo solo. Usted necesita tener un abogado a su lado para asegurarse de obtener la atenci\u00f3n m\u00e9dica y la compensaci\u00f3n que se merece.<\/p>\n<p>Un abogado de lesiones personales revisar\u00e1 su caso y le ayudar\u00e1 a ir tras <a href=\"https:\/\/mcdonaldworley.com\/es\/houston\/responsable-luces-navidenas-defectuosas\/\" target=\"_blank\" rel=\"noopener\">las personas responsables<\/a> de su lesi\u00f3n.. Dichos <a href=\"https:\/\/mcdonaldworley.com\/es\/anaheim\/abogado-accidentes-automovilisticos\/\" target=\"_blank\" rel=\"noopener\">abogados lidian con casos de accidentes automovil\u00edsticos<\/a> todos los d\u00edas y saben qu\u00e9 buscar.. Saben qu\u00e9 preguntas hacer. Se centran en el lado legal de las cosas mientras que usted trabaja duro para recuperarse.<\/p>\n<p><b>\u00bfQu\u00e9 Causa Lesiones Traum\u00e1ticas En La Cabeza?<\/b><\/p>\n<p>Una lesi\u00f3n traum\u00e1tica en la cabeza es diferente a cualquier otro tipo de lesi\u00f3n. Puede aparecer de inmediato o puede tardar semanas o m\u00e1s en aparecer. No s\u00f3lo te afecta f\u00edsicamente, sino que te afecta mentalmente. Una lesi\u00f3n traum\u00e1tica en la cabeza cambia toda tu vida.<\/p>\n<p>Muchas cosas pueden causar una lesi\u00f3n traum\u00e1tica en la cabeza. Las causas m\u00e1s comunes son las ca\u00eddas, los accidentes automovil\u00edsticos y las armas de fuego. La mayor\u00eda de estas lesiones resultan en varios tipos de heridas:<\/p>\n<ul>\n<li>Lesi\u00f3n en la cabeza abierta \u2013 de una bala, laceraciones o penetraci\u00f3n del cr\u00e1neo<\/li>\n<li>Lesi\u00f3n en la cabeza cerrada \u2013 mucho m\u00e1s peligrosa que abierta porque el da\u00f1o no es visible<\/li>\n<li>Lesi\u00f3n por desaceleraci\u00f3n \u2013 una <a href=\"https:\/\/mcdonaldworley.com\/es\/houston\/lesiones-cerebrales-de-la-nfl\/\" target=\"_blank\" rel=\"noopener\">lesi\u00f3n cerebral<\/a> directa como resultado del cerebro que se mueve dentro del cr\u00e1neo.<\/li>\n<li>Falta de ox\u00edgeno al cerebro \u2013 puede resultar en da\u00f1o cerebral grave<\/li>\n<li>Lesiones qu\u00edmicas o t\u00f3xicas \u2013 afecta a las neuronas y c\u00f3mo funciona su cerebro<\/li>\n<li>Tumores \u2013 algunos estudios vinculan traumatismo craneal con tumores<\/li>\n<li>Infecciones \u2013 probablemente causadas por bacterias<\/li>\n<li>Derrame cerebral \u2013 puede ocurrir por sangrado en el cerebro<\/li>\n<\/ul>\n<p>Todos estos causan da\u00f1o cerebral severo y a veces irreversible. Esto tambi\u00e9n conduce a problemas f\u00edsicos. Toda tu vida cambia. Puede que nunca vuelvas a vivir una vida normal.<\/p>\n<p><b>Un Abogado De Lesiones En La Cabeza Le Puede Aconsejar<\/b><\/p>\n<p>Alrededor de 1.5 millones de personas en el mundo sufren de una lesi\u00f3n traum\u00e1tica en la cabeza cada a\u00f1o. El n\u00famero es probablemente incluso m\u00e1s alto porque mucha gente no divulga su lesi\u00f3n. Puede que ni siquiera sepan que lo tienen. M\u00e1s de 50,000 personas mueren de lesiones traum\u00e1ticas en la cabeza cada a\u00f1o.<\/p>\n<p>Cuando sufras una lesi\u00f3n como \u00e9sta, deber\u00edas tener a un <a href=\"https:\/\/mcdonaldworley.com\/es\/santa-ana\/abogado-lesiones-personales\/\" target=\"_blank\" rel=\"noopener\">abogado de lesiones<\/a> en la cabeza.. Un buen abogado sabe c\u00f3mo manejar este tipo de caso. Su abogado revisar\u00e1 su caso. Si aplica, \u00e9l determinar\u00e1 qui\u00e9n tiene la culpa. \u00c9l le aconsejar\u00e1 sobre qui\u00e9n puede deberle compensaci\u00f3n por sus da\u00f1os. Podr\u00eda ser una compa\u00f1\u00eda, un m\u00e9dico o una compa\u00f1\u00eda de seguros.<\/p>\n<p>Si usted <a href=\"https:\/\/mcdonaldworley.com\/es\/houston\/conductor-trasero-culpa-colision-trasera\/\" target=\"_blank\" rel=\"noopener\">tiene una<\/a> lesi\u00f3n en la cabeza que alguien m\u00e1s le hizo, ellos deben pagar. Vas a tener varias facturas m\u00e9dicas. Usted estar\u00e1 fuera del trabajo por un per\u00edodo de tiempo. Nunca podr\u00e1s volver a trabajar. Deje que su <a href=\"https:\/\/mcdonaldworley.com\/es\/riverside\/abogado-lesiones-personales\/\" target=\"_blank\" rel=\"noopener\">abogado de lesiones<\/a> en la cabeza persiga a las partes que son responsables.. Deja que negocien con las compa\u00f1\u00edas de seguros para conseguirte lo que te mereces.<\/p>\n<p><b>Por Qu\u00e9 Usted Necesita Un <a href=\"https:\/\/mcdonaldworley.com\/fontana\/personal-injury-attorney\/\" target=\"_blank\" rel=\"noopener\">Abogado De Lesiones<\/a> En La Cabeza.<\/b><\/p>\n<p>Hay <a href=\"https:\/\/mcdonaldworley.com\/es\/the-woodlands\/abogado-lesiones-personales\/\" target=\"_blank\" rel=\"noopener\">abogados de lesiones personales<\/a> que se especializan en casos de traumatismo craneal.. Entienden la ciencia detr\u00e1s de ella. Tienen a\u00f1os de experiencia trabajando con doctores que se especializan en lesiones en la cabeza. Un abogado especialista en estas lesiones revisar\u00e1 su archivo y le dar\u00e1 una idea de qu\u00e9 puede esperar.<\/p>\n<p>Su abogado de lesiones en la cabeza no s\u00f3lo le dir\u00e1 a qu\u00e9 tipo de compensaci\u00f3n tiene derecho si no que ellos estar\u00e1n all\u00ed a lo largo del camino para ayudarle a llevar los problemas presentados por lesiones en la cabeza. Ser\u00e1n su abogado de principio a fin.<\/p>\n<p>Usted puede perder a un ser querido por una lesi\u00f3n traum\u00e1tica en la cabeza. Deje que un abogado busque justicia para usted y su familia.<\/p>\n<p><b>Consulta A Un <a href=\"https:\/\/mcdonaldworley.com\/es\/houston-tx\/abogado-de-resbalones-y-caidas\/\" target=\"_blank\" rel=\"noopener\">Abogado De Lesiones En La Cabeza En Houston<\/a>, TX.<\/b><\/p>\n<p>Si usted est\u00e1 buscando un <a href=\"https:\/\/mcdonaldworley.com\/es\/houston\/lesiones-cerebrales\/\" target=\"_blank\" rel=\"noopener\">abogado de lesiones en la cabeza en Houston<\/a>, Texas, usted debe ir a McDonald Worley.. Somos los abogados especialistas en este tipo de <a href=\"https:\/\/mcdonaldworley.com\/es\/texas\/mediacion-caso-de-lesiones-personales\/\" target=\"_blank\" rel=\"noopener\">lesiones y que quieren representar su caso.<\/a>. Entendemos como los casos de traumatismo craneal son \u00fanicos. Luchamos por ti mientras usted lucha para recuperar su vida.<\/p>\n<p>Permita que los profesionales de McDonald Worley est\u00e9n a su lado. Vas a enfrentarte a un largo camino por delante. Quieres que un experto te apoye en el camino, ll\u00e1manos para una consulta gratuita. Si usted es miembro de una familia cuyo ser querido sufri\u00f3 una lesi\u00f3n traum\u00e1tica en la cabeza, d\u00e9jenos ayudarle.<\/p>\n","protected":false},"excerpt":{"rendered":"<p>Una de las cosas m\u00e1s devastadoras que puede ocurrirle a usted o a sus seres queridos es una lesi\u00f3n cerebral traum\u00e1tica. Esto puede ocurrir por un accidente automovil\u00edstico, asalto o accidente de trabajo. Cuando esto suceda, usted necesita ponerse en contacto con un abogado de la cabeza de Houston inmediatamente. Usted y su familia se [&hellip;]<\/p>\n","protected":false},"author":65,"featured_media":0,"parent":24889,"menu_order":0,"comment_status":"closed","ping_status":"closed","template":"","meta":{"_acf_changed":false,"site-sidebar-layout":"default","site-content-layout":"","ast-site-content-layout":"default","site-content-style":"default","site-sidebar-style":"default","ast-global-header-display":"","ast-banner-title-visibility":"","ast-main-header-display":"","ast-hfb-above-header-display":"","ast-hfb-below-header-display":"","ast-hfb-mobile-header-display":"","site-post-title":"","ast-breadcrumbs-content":"","ast-featured-img":"","footer-sml-layout":"","ast-disable-related-posts":"","theme-transparent-header-meta":"","adv-header-id-meta":"","stick-header-meta":"","header-above-stick-meta":"","header-main-stick-meta":"","header-below-stick-meta":"","astra-migrate-meta-layouts":"default","ast-page-background-enabled":"default","ast-page-background-meta":{"desktop":{"background-color":"var(--ast-global-color-4)","background-image":"","background-repeat":"repeat","background-position":"center center","background-size":"auto","background-attachment":"scroll","background-type":"","background-media":"","overlay-type":"","overlay-color":"","overlay-opacity":"","overlay-gradient":""},"tablet":{"background-color":"","background-image":"","background-repeat":"repeat","background-position":"center center","background-size":"auto","background-attachment":"scroll","background-type":"","background-media":"","overlay-type":"","overlay-color":"","overlay-opacity":"","overlay-gradient":""},"mobile":{"background-color":"","background-image":"","background-repeat":"repeat","background-position":"center center","background-size":"auto","background-attachment":"scroll","background-type":"","background-media":"","overlay-type":"","overlay-color":"","overlay-opacity":"","overlay-gradient":""}},"ast-content-background-meta":{"desktop":{"background-color":"var(--ast-global-color-5)","background-image":"","background-repeat":"repeat","background-position":"center center","background-size":"auto","background-attachment":"scroll","background-type":"","background-media":"","overlay-type":"","overlay-color":"","overlay-opacity":"","overlay-gradient":""},"tablet":{"background-color":"var(--ast-global-color-5)","background-image":"","background-repeat":"repeat","background-position":"center center","background-size":"auto","background-attachment":"scroll","background-type":"","background-media":"","overlay-type":"","overlay-color":"","overlay-opacity":"","overlay-gradient":""},"mobile":{"background-color":"var(--ast-global-color-5)","background-image":"","background-repeat":"repeat","background-position":"center center","background-size":"auto","background-attachment":"scroll","background-type":"","background-media":"","overlay-type":"","overlay-color":"","overlay-opacity":"","overlay-gradient":""}},"footnotes":""},"class_list":["post-24929","page","type-page","status-publish","hentry"],"acf":[],"_links":{"self":[{"href":"https:\/\/mcdonaldworley.com\/es\/wp-json\/wp\/v2\/pages\/24929","targetHints":{"allow":["GET"]}}],"collection":[{"href":"https:\/\/mcdonaldworley.com\/es\/wp-json\/wp\/v2\/pages"}],"about":[{"href":"https:\/\/mcdonaldworley.com\/es\/wp-json\/wp\/v2\/types\/page"}],"author":[{"embeddable":true,"href":"https:\/\/mcdonaldworley.com\/es\/wp-json\/wp\/v2\/users\/65"}],"replies":[{"embeddable":true,"href":"https:\/\/mcdonaldworley.com\/es\/wp-json\/wp\/v2\/comments?post=24929"}],"version-history":[{"count":0,"href":"https:\/\/mcdonaldworley.com\/es\/wp-json\/wp\/v2\/pages\/24929\/revisions"}],"up":[{"embeddable":true,"href":"https:\/\/mcdonaldworley.com\/es\/wp-json\/wp\/v2\/pages\/24889"}],"wp:attachment":[{"href":"https:\/\/mcdonaldworley.com\/es\/wp-json\/wp\/v2\/media?parent=24929"}],"curies":[{"name":"wp","href":"https:\/\/api.w.org\/{rel}","templated":true}]}}