{"id":24925,"date":"2018-11-01T19:35:32","date_gmt":"2018-11-01T19:35:32","guid":{"rendered":"https:\/\/abconlinehold.wpengine.com\/?page_id=24925"},"modified":"2019-01-08T20:28:10","modified_gmt":"2019-01-08T20:28:10","slug":"demanda-por-el-gadolinio-en-resonancias-magneticas","status":"publish","type":"page","link":"https:\/\/mcdonaldworley.com\/es\/productos-medicos-defectuosos\/demanda-por-el-gadolinio-en-resonancias-magneticas\/","title":{"rendered":"Demanda por el Gadolinio en Resonancias Magn\u00e9ticas"},"content":{"rendered":"<p><b>\u00bfDebe usted considerar una demanda por el gadolinio en resonancias magn\u00e9ticas?<\/b><\/p>\n<p>Los pacientes han informado que experimentan efectos secundarios severos que dicen que est\u00e1n relacionados con una sustancia en los medicamentos intravenosos utilizados durante los procedimientos de resonancias magn\u00e9ticas \u2014 el gadolinio.<\/p>\n<p>El gadolinio es un metal raro de la tierra que se utiliza en los medicamentos intravenosas llamadas los Agentes de Contraste Basados en el Gadolinio o GBCAs (por sus siglas en ingl\u00e9s), los cuales se utilizan en procedimientos de la proyecci\u00f3n de imagen de diagn\u00f3stico. Casi 30 millones de personas reciben GCBAs cada a\u00f1o.<\/p>\n<p>Los GBCAs se utilizan para ayudar a los profesionales m\u00e9dicos a ver tejidos y \u00f3rganos durante una resonancia magn\u00e9tica. Mientras que la visualizaci\u00f3n mejorada puede ayudar en el diagn\u00f3stico de los pacientes que sufren de c\u00e1ncer o una hemorragia interna, algunos han reportado efectos secundarios de gadolinio severo, incluyendo;<\/p>\n<ul>\n<li>toxicidad por gadolinio<\/li>\n<li>Intoxicaci\u00f3n con gadolinio<\/li>\n<li>Problemas del sistema nervioso central<\/li>\n<li>Deterioro cognitivo<\/li>\n<li>Dolor y sensaciones ardientes<\/li>\n<li>Problemas de la piel<\/li>\n<li>Problemas musculoesquel\u00e9ticos<\/li>\n<\/ul>\n<p>De hecho, la celebridad\u00a0<a href=\"http:\/\/www.newsweek.com\/what-gadolinium-chuck-norris-claims-it-poisoned-his-wife-704647\" target=\"_blank\" rel=\"nofollow noopener\"><b>Chuck Norris ha presentado una demanda de $10 millones por el gadolinio en resonancias magn\u00e9ticas\u00a0<\/b><\/a>alegando que su esposa, Gena, fue envenenado por el gadolinio.<\/p>\n<p>Adem\u00e1s, en el 2008, varias demandas de gadolinio en resonancias magn\u00e9ticas se combinaron en un litigio multi-distrital. Estos pleitos del gadolinio en resonancias magn\u00e9ticas alegaron que el agente del contraste en el GCBA usado durante sus procedimientos de la proyecci\u00f3n de imagen caus\u00f3 la fibrosis del sistema del nefr\u00f3gena caracterizada por el endurecimiento de la piel y de la contracci\u00f3n de empalmes.<\/p>\n<p>En 2017,\u00a0<a href=\"https:\/\/www.fda.gov\/\" target=\"_blank\" rel=\"nofollow noopener\"><b>la Administraci\u00f3n de Alimentos y Medicamentos (FDA por sus siglas en ingl\u00e9s) requiri\u00f3 nuevas etiquetas<\/b><\/a>, llamadas \u00abadvertencias de la caja negra\u00bb, en los GBCAs, los cuales advierten a los pacientes acerca de los efectos secundarios de gadolinio y proporcionan educaci\u00f3n adicional a los pacientes y proveedores de atenci\u00f3n m\u00e9dica sobre los agentes de contraste de gadolinio utilizados durante los procedimientos de imagen.<\/p>\n<p>La Agencia Europea de Medicamentos (EMA, por sus siglas en ingl\u00e9s) ha recomendado restringir el uso de ciertos agentes de contraste, as\u00ed como sobre la base de las preocupaciones sobre el envenenamiento con gadolinio.<\/p>\n<p>De hecho, desde principios de los a\u00f1os ochenta, los investigadores han encontrado evidencia de la deposici\u00f3n de la sustancia y potencialmente devastadores efectos secundarios de gadolinio en los pacientes. Adem\u00e1s de los Estados Unidos y Europa, varios otros pa\u00edses han restringido el uso de los agentes de contraste de gadolinio.<\/p>\n<p><b>C\u00d3MO QUITAR EL GADOLINIO DEL CUERPO<\/b><\/p>\n<p>Se ha anunciado que el gadolinio se elimina a trav\u00e9s de los ri\u00f1ones. En general, se pens\u00f3 que, en una persona con ri\u00f1ones sanos, la sustancia ser\u00eda expulsada dentro de las horas de administraci\u00f3n; sin embargo, los estudios han demostrado que este puede no ser el caso.<\/p>\n<p>Los radi\u00f3logos han expresado una creciente preocupaci\u00f3n por el gadolinio en los \u00faltimos a\u00f1os. En el 2014,\u00a0<a href=\"https:\/\/www.itnonline.com\/article\/debate-over-gadolinium-mri-contrast-toxicity\" target=\"_blank\" rel=\"nofollow noopener\"><b>un estudio<\/b><\/a>\u00a0revel\u00f3 que el gadolinio, en lugar de ser expulsado del cuerpo en cuesti\u00f3n de horas, en realidad puede ser depositado en el cerebro.<\/p>\n<p>Otros estudios han informado que, adem\u00e1s de llegar al cerebro, el equilibrio del gadolinio puede tambi\u00e9n ocurrir debido a los dep\u00f3sitos en la piel y en los huesos.<\/p>\n<p>En el 2000, los investigadores publicaron un estudio que indica que el gadolinio puede adherirse al ADN. La investigaci\u00f3n adicional ha apoyado la conclusi\u00f3n que el gadolinio se conserva en individuos con los ri\u00f1ones sanos.<\/p>\n<p>Los pacientes que se preocupan de c\u00f3mo quitar el gadolinio del cuerpo pueden tomar un examen de orina a las 24 horas despu\u00e9s de la administraci\u00f3n para determinar si la sustancia est\u00e1 todav\u00eda presente.<\/p>\n<p>Desafortunadamente, para aquellos que sufren de efectos secundarios del gadolinio, la eliminaci\u00f3n puede ser costoso o incluso imposible. Los s\u00edntomas de la intoxicaci\u00f3n con gadolinio incluyen:<\/p>\n<ul>\n<li>\u00abCosquilleos\u00bb o sensaciones ardientes en el cuerpo, especialmente los brazos, las piernas, las manos, los pies, y el tronco<\/li>\n<li>Dolor en las articulaciones o incluso en los huesos<\/li>\n<li>Ligamentos o tendones engrosados<\/li>\n<li>Piel esponjosa<\/li>\n<li>Dolores de cabeza que no van a desaparecer<\/li>\n<li>Confusi\u00f3n o sensaci\u00f3n persistentemente cansada o en una \u00abniebla\u00bb<\/li>\n<\/ul>\n<p><b>PRESENTACI\u00d3N DE UNA DEMANDA DE GADOLINIO EN RESONANCIAS MAGN\u00c9TICAS<\/b><\/p>\n<p>Adem\u00e1s de la demanda de gadolinio en resonancias magn\u00e9ticas presentada por Chuck Norris, docenas de casos han sido presentados en todo el condado, incluyendo en California, Illinois y Louisiana. Estas demandas de gadolinio en resonancias magn\u00e9ticas alegan que los fabricantes de los medicamentos y los m\u00e9dicos profesionales sab\u00edan o deb\u00edan haber sido conscientes de los efectos secundarios potencialmente devastadores de la sustancia y deb\u00edan haber advertido a los pacientes sobre el riesgo de la toxicidad del gadolinio.<\/p>\n<p>Los pacientes alegan en sus demandas del gadolinio en resonancias magn\u00e9ticas que despu\u00e9s de ser expuesto a la sustancia sufrieron el envenenamiento del gadolinio que dio lugar a efectos secundarios severos. Algunos est\u00e1n atados en silla de ruedas y otros dicen que no pueden trabajar debido al dolor y al deterioro cognitivo.<\/p>\n","protected":false},"excerpt":{"rendered":"<p>\u00bfDebe usted considerar una demanda por el gadolinio en resonancias magn\u00e9ticas? Los pacientes han informado que experimentan efectos secundarios severos que dicen que est\u00e1n relacionados con una sustancia en los medicamentos intravenosos utilizados durante los procedimientos de resonancias magn\u00e9ticas \u2014 el gadolinio. El gadolinio es un metal raro de la tierra que se utiliza en [&hellip;]<\/p>\n","protected":false},"author":65,"featured_media":0,"parent":24884,"menu_order":0,"comment_status":"closed","ping_status":"closed","template":"","meta":{"_acf_changed":false,"site-sidebar-layout":"default","site-content-layout":"","ast-site-content-layout":"default","site-content-style":"default","site-sidebar-style":"default","ast-global-header-display":"","ast-banner-title-visibility":"","ast-main-header-display":"","ast-hfb-above-header-display":"","ast-hfb-below-header-display":"","ast-hfb-mobile-header-display":"","site-post-title":"","ast-breadcrumbs-content":"","ast-featured-img":"","footer-sml-layout":"","ast-disable-related-posts":"","theme-transparent-header-meta":"","adv-header-id-meta":"","stick-header-meta":"","header-above-stick-meta":"","header-main-stick-meta":"","header-below-stick-meta":"","astra-migrate-meta-layouts":"default","ast-page-background-enabled":"default","ast-page-background-meta":{"desktop":{"background-color":"var(--ast-global-color-4)","background-image":"","background-repeat":"repeat","background-position":"center center","background-size":"auto","background-attachment":"scroll","background-type":"","background-media":"","overlay-type":"","overlay-color":"","overlay-opacity":"","overlay-gradient":""},"tablet":{"background-color":"","background-image":"","background-repeat":"repeat","background-position":"center center","background-size":"auto","background-attachment":"scroll","background-type":"","background-media":"","overlay-type":"","overlay-color":"","overlay-opacity":"","overlay-gradient":""},"mobile":{"background-color":"","background-image":"","background-repeat":"repeat","background-position":"center center","background-size":"auto","background-attachment":"scroll","background-type":"","background-media":"","overlay-type":"","overlay-color":"","overlay-opacity":"","overlay-gradient":""}},"ast-content-background-meta":{"desktop":{"background-color":"var(--ast-global-color-5)","background-image":"","background-repeat":"repeat","background-position":"center center","background-size":"auto","background-attachment":"scroll","background-type":"","background-media":"","overlay-type":"","overlay-color":"","overlay-opacity":"","overlay-gradient":""},"tablet":{"background-color":"var(--ast-global-color-5)","background-image":"","background-repeat":"repeat","background-position":"center center","background-size":"auto","background-attachment":"scroll","background-type":"","background-media":"","overlay-type":"","overlay-color":"","overlay-opacity":"","overlay-gradient":""},"mobile":{"background-color":"var(--ast-global-color-5)","background-image":"","background-repeat":"repeat","background-position":"center center","background-size":"auto","background-attachment":"scroll","background-type":"","background-media":"","overlay-type":"","overlay-color":"","overlay-opacity":"","overlay-gradient":""}},"footnotes":""},"class_list":["post-24925","page","type-page","status-publish","hentry"],"acf":[],"_links":{"self":[{"href":"https:\/\/mcdonaldworley.com\/es\/wp-json\/wp\/v2\/pages\/24925","targetHints":{"allow":["GET"]}}],"collection":[{"href":"https:\/\/mcdonaldworley.com\/es\/wp-json\/wp\/v2\/pages"}],"about":[{"href":"https:\/\/mcdonaldworley.com\/es\/wp-json\/wp\/v2\/types\/page"}],"author":[{"embeddable":true,"href":"https:\/\/mcdonaldworley.com\/es\/wp-json\/wp\/v2\/users\/65"}],"replies":[{"embeddable":true,"href":"https:\/\/mcdonaldworley.com\/es\/wp-json\/wp\/v2\/comments?post=24925"}],"version-history":[{"count":0,"href":"https:\/\/mcdonaldworley.com\/es\/wp-json\/wp\/v2\/pages\/24925\/revisions"}],"up":[{"embeddable":true,"href":"https:\/\/mcdonaldworley.com\/es\/wp-json\/wp\/v2\/pages\/24884"}],"wp:attachment":[{"href":"https:\/\/mcdonaldworley.com\/es\/wp-json\/wp\/v2\/media?parent=24925"}],"curies":[{"name":"wp","href":"https:\/\/api.w.org\/{rel}","templated":true}]}}