{"id":24923,"date":"2018-11-01T19:34:22","date_gmt":"2018-11-01T19:34:22","guid":{"rendered":"https:\/\/abconlinehold.wpengine.com\/?page_id=24923"},"modified":"2021-08-09T14:18:07","modified_gmt":"2021-08-09T19:18:07","slug":"defensa-de-ejecucion-hipotecaria","status":"publish","type":"page","link":"https:\/\/mcdonaldworley.com\/es\/ley-de-proteccion-al-consumidor\/defensa-de-ejecucion-hipotecaria\/","title":{"rendered":"DEFENSA DE EJECUCI\u00d3N HIPOTECARIA"},"content":{"rendered":"<p>Los propietarios de viviendas pueden sentirse impotentes cuando se atrasan en su hipoteca y potencialmente enfrentan procedimientos de ejecuci\u00f3n hipotecaria. Pero cualquiera que posea una casa con una hipoteca debe saber que tiene derechos cuando se enfrenta con la posibilidad de una ejecuci\u00f3n hipotecaria y modificaciones de pr\u00e9stamos.<\/p>\n<p><b>EJECUCI\u00d3N<\/b><\/p>\n<p>M\u00e1s de 4 millones de personas han embargado sus casas desde el 2007. Sin embargo, los propietarios han estado luchando y con la ayuda de un abogado veterano de ejecuci\u00f3n hipotecaria, muchos pueden permanecer en su casa.<\/p>\n<p>Los procedimientos de ejecuci\u00f3n hipotecaria son iniciados por bancos y compa\u00f1\u00edas de pr\u00e9stamos cuando los propietarios no logran completar un pago de hipoteca. El n\u00famero de pagos de pr\u00e9stamos que se pueden perder depende de la ley estatal. A veces un prestamista puede iniciar la ejecuci\u00f3n hipotecaria si la cuota atrasada en un pago omitido no se paga junto con el pago de la hipoteca perdida.<\/p>\n<p>Si el propietario no puede pagar la cantidad adeudada junto con cualquier cargo atrasado, la ley estatal dicta c\u00f3mo se supone que los prestamistas deben proceder. En los estados que permiten la ejecuci\u00f3n hipotecaria no judicial, lo que significa que los bancos no tienen que llevar a un prestatario al tribunal para ejecutar la hipoteca de una propiedad, los prestamistas dar\u00e1n aviso, tambi\u00e9n llamado un \u00abpoder de venta.\u00bb Los propietarios de viviendas deben entonces impugnar la ejecuci\u00f3n hipotecaria en el tribunal, pidi\u00e9ndole a un juez que detenga la ejecuci\u00f3n hipotecaria.<\/p>\n<p>En otros estados, los prestamistas deben iniciar una demanda civil o una ejecuci\u00f3n hipotecaria judicial, lo que significa que el procedimiento de ejecuci\u00f3n hipotecaria ocurrir\u00e1 en el tribunal. En estos estados, el propietario recibir\u00e1 notificaci\u00f3n de una audiencia. En la audiencia, los propietarios de viviendas s\u00f3lo pueden elevar las defensas legales a la ejecuci\u00f3n hipotecaria. Desafortunadamente, las facturas m\u00e9dicas, las p\u00e9rdidas de empleos y las circunstancias similares no son suficientes para detener los procedimientos de ejecuci\u00f3n hipotecaria.<\/p>\n<p>Sin embargo, desde la gran recesi\u00f3n en la d\u00e9cada 2000, los propietarios han estado llevando con \u00e9xito las defensas de su ejecuci\u00f3n hipotecaria y han permanecido en sus hogares.<\/p>\n<p><b>P\u00f3ngase en contacto con los abogados veteranos del consumidor de McDonald Worley para aprender acerca de las defensas a la ejecuci\u00f3n hipotecaria, as\u00ed como los procedimientos de modificaci\u00f3n de pr\u00e9stamos que pueden ayudarle si usted est\u00e1 atrasado en los pagos de la hipoteca. Llena uno de los formularios en esta p\u00e1gina para comenzar. <\/b><\/p>\n<p><b>DEFENSAS A LA EJECUCI\u00d3N HIPOTECARIA<\/b><\/p>\n<p>Las defensas comunes de ejecuci\u00f3n hipotecaria incluyen:<\/p>\n<ul>\n<li>Demostrando que el prestamista cometi\u00f3 errores con respecto a los procedimientos de hipoteca o ejecuci\u00f3n hipotecaria<\/li>\n<li>Relevaci\u00f3n bajo Ley de la Relevaci\u00f3n Civil de los Miembros (SCRA)<\/li>\n<li>Demostrando que el prestamista viol\u00f3 la ley estatal y\/o federal<\/li>\n<li>Presentaci\u00f3n del cap\u00edtulo 7 o bancarrota del cap\u00edtulo 13<\/li>\n<li>Modificaci\u00f3n del pr\u00e9stamo hipotecario<\/li>\n<\/ul>\n<p>Los propietarios de viviendas deben ser conscientes de que los prestamistas a menudo cometen errores al iniciar procedimientos de ejecuci\u00f3n hipotecaria, espec\u00edficamente en relaci\u00f3n con el aviso y el calendario. Las leyes de ejecuci\u00f3n hipotecaria son complicadas y la industria de pr\u00e9stamos hipotecarios a\u00f1ade otra capa de complejidad, por lo que los errores son frecuentes.<\/p>\n<p>Demostrar el error del prestamista cuando es grave \u2014 que es m\u00e1s que un error ortogr\u00e1fico \u2014 es una de las defensas de ejecuci\u00f3n hipotecaria m\u00e1s exitosas.<\/p>\n<p>Las hipotecas son a menudo reparadas por una compa\u00f1\u00eda diferente a la que realmente posee la hipoteca. Estas empresas cambian de manos a menudo; sin embargo, el cambio no siempre se hace correctamente o se escribe en los registros locales de la propiedad. En estas situaciones, un due\u00f1o de casa puede estar pagando su hipoteca a la compa\u00f1\u00eda incorrecta por varios meses y tener procedimientos de ejecuci\u00f3n hipotecaria iniciados. Los pagos tambi\u00e9n pueden haber sido acreditados por error o el monto adeudado pudo haber sido calculado incorrectamente.<\/p>\n<p>Los propietarios de viviendas que tambi\u00e9n son miembros de las fuerzas armadas tambi\u00e9n deben ser conscientes de las protecciones especiales a las que tienen derecho en virtud de la Ley de Socorro Civil de los Miembros del Servicio o SCRA (por sus siglas en ingl\u00e9s.) En virtud de esta ley, los miembros del servicio pueden solicitar una suspensi\u00f3n o detenci\u00f3n del procedimiento si pueden mostrar que est\u00e1n en servicio activo. Los miembros militares pueden tambi\u00e9n tener derecho a un abogado bajo la SCRA.<\/p>\n<p>Otras leyes estatales y federales protegen a los propietarios de viviendas, incluyendo la Ley Federal de la Verdad en los Pr\u00e9stamos (TILA, por sus siglas en ingl\u00e9s) y las leyes hipotecarias estatales. Si el prestamista no cumpli\u00f3 con los est\u00e1ndares bajo las leyes federales y\/o estatales y este fracaso fue grave, un tribunal puede detener los procedimientos de ejecuci\u00f3n hipotecaria.<\/p>\n<p>Otra opci\u00f3n puede ser declararse en bancarrota. Dependiendo del tipo de procedimiento de bancarrota apropiado para la situaci\u00f3n, el prestamista puede ser requerido para objetar o obligar al prestamista a proporcionar pruebas de reclamaci\u00f3n o el t\u00edtulo de la casa.<\/p>\n<p><b>MODIFICACI\u00d3N DEL PR\u00c9STAMO<\/b><\/p>\n<p>Obtener una modificaci\u00f3n de su pr\u00e9stamo hipotecario puede ser otra opci\u00f3n para evitar procedimientos de ejecuci\u00f3n hipotecaria.<\/p>\n<p>Las modificaciones del pr\u00e9stamo pueden incluir:<\/p>\n<ul>\n<li>Pagos mensuales reducidos y\/o cargos por morosidad y sanciones<\/li>\n<li>Reducci\u00f3n del capital adeudado en el pr\u00e9stamo<\/li>\n<li>Alteraci\u00f3n de la tasa de inter\u00e9s<\/li>\n<li>Extensiones en plazos de pago<\/li>\n<li>Abstenci\u00f3n (una interrupci\u00f3n temporal en los pagos)<\/li>\n<\/ul>\n<p>Las modificaciones del pr\u00e9stamo pueden ser la manera m\u00e1s simple de evitar procedimientos de ejecuci\u00f3n hipotecaria. Una modificaci\u00f3n exitosa del pr\u00e9stamo hipotecario le permite al propietario y al prestamista a renegociar la hipoteca.<\/p>\n<p>Los procedimientos de ejecuci\u00f3n hipotecaria pueden ser costosos y una p\u00e9rdida de tiempo para el prestamista, por lo que pueden estar interesados en trabajar con los propietarios de viviendas para encontrar una manera de hacer los pagos m\u00e1s accesibles.<\/p>\n<p>En el 2009, el Departamento de Tesorer\u00eda inici\u00f3 un programa para ayudar a los prestamistas y propietarios de viviendas a reunirse para iniciar la modificaci\u00f3n de la hipoteca y evitar la ejecuci\u00f3n hipotecaria. Muchos tipos de pr\u00e9stamos para el hogar son elegibles por el Programa de Modificaci\u00f3n de Vivienda Accesibles (HAMP, por sus siglas en ingl\u00e9s) y m\u00e1s de un mill\u00f3n de personas con hipotecas han aprovechado el programa.<\/p>\n<p>S\u00f3lo ciertos pr\u00e9stamos domiciliarios son elegibles para una modificaci\u00f3n hipotecaria bajo HAMP, pero un acuerdo gubernamental ayuda a los propietarios de viviendas que obtuvieron hipotecas de varios bancos importantes a renegociar los t\u00e9rminos de su pr\u00e9stamo. Estos bancos, incluyendo Bank of Am\u00e9rica y Wells Fargo, fueron acusados de fraude generalizado y acordaron pagar $25 mil millones para liquidar las reclamaciones.<\/p>\n<p><b>\u00bfNECESITO UN ABOGADO DE EJECUCI\u00d3N HIPOTECARIA?<\/b><\/p>\n<p>Las modificaciones de hipotecas y pr\u00e9stamos pueden ser complejas. Un abogado con experiencia en ejecuciones hipotecarias puede ayudarle a trav\u00e9s del proceso y darle las mejores posibilidades de permanecer en su casa.<\/p>\n","protected":false},"excerpt":{"rendered":"<p>Los propietarios de viviendas pueden sentirse impotentes cuando se atrasan en su hipoteca y potencialmente enfrentan procedimientos de ejecuci\u00f3n hipotecaria. Pero cualquiera que posea una casa con una hipoteca debe saber que tiene derechos cuando se enfrenta con la posibilidad de una ejecuci\u00f3n hipotecaria y modificaciones de pr\u00e9stamos. EJECUCI\u00d3N M\u00e1s de 4 millones de personas [&hellip;]<\/p>\n","protected":false},"author":65,"featured_media":0,"parent":24873,"menu_order":0,"comment_status":"closed","ping_status":"closed","template":"","meta":{"_acf_changed":false,"site-sidebar-layout":"default","site-content-layout":"","ast-site-content-layout":"default","site-content-style":"default","site-sidebar-style":"default","ast-global-header-display":"","ast-banner-title-visibility":"","ast-main-header-display":"","ast-hfb-above-header-display":"","ast-hfb-below-header-display":"","ast-hfb-mobile-header-display":"","site-post-title":"","ast-breadcrumbs-content":"","ast-featured-img":"","footer-sml-layout":"","ast-disable-related-posts":"","theme-transparent-header-meta":"","adv-header-id-meta":"","stick-header-meta":"","header-above-stick-meta":"","header-main-stick-meta":"","header-below-stick-meta":"","astra-migrate-meta-layouts":"default","ast-page-background-enabled":"default","ast-page-background-meta":{"desktop":{"background-color":"var(--ast-global-color-4)","background-image":"","background-repeat":"repeat","background-position":"center center","background-size":"auto","background-attachment":"scroll","background-type":"","background-media":"","overlay-type":"","overlay-color":"","overlay-opacity":"","overlay-gradient":""},"tablet":{"background-color":"","background-image":"","background-repeat":"repeat","background-position":"center center","background-size":"auto","background-attachment":"scroll","background-type":"","background-media":"","overlay-type":"","overlay-color":"","overlay-opacity":"","overlay-gradient":""},"mobile":{"background-color":"","background-image":"","background-repeat":"repeat","background-position":"center center","background-size":"auto","background-attachment":"scroll","background-type":"","background-media":"","overlay-type":"","overlay-color":"","overlay-opacity":"","overlay-gradient":""}},"ast-content-background-meta":{"desktop":{"background-color":"var(--ast-global-color-5)","background-image":"","background-repeat":"repeat","background-position":"center center","background-size":"auto","background-attachment":"scroll","background-type":"","background-media":"","overlay-type":"","overlay-color":"","overlay-opacity":"","overlay-gradient":""},"tablet":{"background-color":"var(--ast-global-color-5)","background-image":"","background-repeat":"repeat","background-position":"center center","background-size":"auto","background-attachment":"scroll","background-type":"","background-media":"","overlay-type":"","overlay-color":"","overlay-opacity":"","overlay-gradient":""},"mobile":{"background-color":"var(--ast-global-color-5)","background-image":"","background-repeat":"repeat","background-position":"center center","background-size":"auto","background-attachment":"scroll","background-type":"","background-media":"","overlay-type":"","overlay-color":"","overlay-opacity":"","overlay-gradient":""}},"footnotes":""},"class_list":["post-24923","page","type-page","status-publish","hentry"],"acf":[],"_links":{"self":[{"href":"https:\/\/mcdonaldworley.com\/es\/wp-json\/wp\/v2\/pages\/24923","targetHints":{"allow":["GET"]}}],"collection":[{"href":"https:\/\/mcdonaldworley.com\/es\/wp-json\/wp\/v2\/pages"}],"about":[{"href":"https:\/\/mcdonaldworley.com\/es\/wp-json\/wp\/v2\/types\/page"}],"author":[{"embeddable":true,"href":"https:\/\/mcdonaldworley.com\/es\/wp-json\/wp\/v2\/users\/65"}],"replies":[{"embeddable":true,"href":"https:\/\/mcdonaldworley.com\/es\/wp-json\/wp\/v2\/comments?post=24923"}],"version-history":[{"count":0,"href":"https:\/\/mcdonaldworley.com\/es\/wp-json\/wp\/v2\/pages\/24923\/revisions"}],"up":[{"embeddable":true,"href":"https:\/\/mcdonaldworley.com\/es\/wp-json\/wp\/v2\/pages\/24873"}],"wp:attachment":[{"href":"https:\/\/mcdonaldworley.com\/es\/wp-json\/wp\/v2\/media?parent=24923"}],"curies":[{"name":"wp","href":"https:\/\/api.w.org\/{rel}","templated":true}]}}