{"id":24919,"date":"2018-11-01T19:30:24","date_gmt":"2018-11-01T19:30:24","guid":{"rendered":"https:\/\/abconlinehold.wpengine.com\/?page_id=24919"},"modified":"2021-08-09T12:04:06","modified_gmt":"2021-08-09T17:04:06","slug":"derecho-de-expropiacion","status":"publish","type":"page","link":"https:\/\/mcdonaldworley.com\/es\/juicio-civil\/derecho-de-expropiacion\/","title":{"rendered":"Derecho de Expropiaci\u00f3n"},"content":{"rendered":"<p><b>\u00bfQU\u00c9 ES EL DERECHO DE EXPROPIACI\u00d3N?<\/b><\/p>\n<p>Cuando la gente escucha el t\u00e9rmino \u201cexpropiaci\u00f3n\u201d, suelen pensar en como el Gobierno toma el terreno de los propietarios. El gobierno si tiene el derecho de tomar la propiedad privada para usarla para un uso p\u00fablico. Sin embargo, la agencia gubernamental debe ofrecer una indemnizaci\u00f3n adecuada por dicho terreno.<\/p>\n<p>Si se le ha notificado que su propiedad puede ser adquirida a trav\u00e9s de una expropiaci\u00f3n, es una buena idea consultar con un abogado con experiencia lo antes posible para conocer sus derechos y opciones legales.<\/p>\n<p><b>DEFINICI\u00d3N DEL DERECHO DE EXPROPIACI\u00d3N<\/b><\/p>\n<p>La expropiaci\u00f3n es el derecho otorgado por la Constituci\u00f3n de los Estados Unidos del gobierno para tomar propiedad privada para uso p\u00fablico. En Texas, los ferrocarriles, las compa\u00f1\u00edas de la l\u00ednea el\u00e9ctrica, las compa\u00f1\u00edas de la tuber\u00eda, las autoridades del agua, las compa\u00f1\u00edas de tel\u00e9fono y los distritos de la utilidad municipal, as\u00ed como los gobiernos federales, estatales y del condado tienen la autoridad del derecho de expropiaci\u00f3n.<\/p>\n<p>El derecho de expropiaci\u00f3n es hecho por un proceso legal llamado condenaci\u00f3n. En este uso del t\u00e9rmino, la condenaci\u00f3n no se refiere a la propiedad que ha sido declarada insegura. Simplemente significa que el gobierno u otra entidad elegible est\u00e1 ejerciendo su derecho a la expropiaci\u00f3n. En un pleito de la condenaci\u00f3n estatutaria, la entidad condenante presenta una petici\u00f3n para adquirir un inter\u00e9s en la tierra para un uso p\u00fablico declarado.<\/p>\n<p><b>EJEMPLOS DE LA EXPROPIACI\u00d3N<\/b><\/p>\n<p>De acuerdo con la ley de expropiaci\u00f3n de Texas, a una entidad s\u00f3lo se le permite tomar propiedad privada para el uso p\u00fablico leg\u00edtimo, tales como:<\/p>\n<ul>\n<li>Construyendo carreteras p\u00fablicas y calles<\/li>\n<li>Construyendo una escuela p\u00fablica o una biblioteca<\/li>\n<li>Creaci\u00f3n de un parque municipal<\/li>\n<li>Suministro de utilidades<\/li>\n<li>Oleoductos o gasoductos<\/li>\n<li>Aeropuertos, bases militares o ferrocarriles<\/li>\n<\/ul>\n<p><b>\u00bfC\u00d3MO FUNCIONAN LOS CASOS DE EXPROPIACI\u00d3N?<\/b><\/p>\n<p>Cuando una entidad condenatoria busca tomar alguna propiedad, a menudo contratan a una empresa de adquisici\u00f3n para tratar de adquirir la propiedad deseada. El due\u00f1o de la propiedad normalmente recibir\u00e1 una carta introductoria que identifique la propiedad como necesaria para un determinado proyecto. La Agencia adquirente puede tratar de obtener la propiedad voluntariamente o a trav\u00e9s de ciertos pasos que se requieren antes de presentar una demanda de condena.<\/p>\n<p>Antes de que una entidad condenatoria presente una demanda de expropiaci\u00f3n, tendr\u00e1 el derecho de entrar en la propiedad con el prop\u00f3sito de examinarla y conducir ciertas evaluaciones ambientales. A veces, estas investigaciones tardar\u00e1n muchos meses o incluso a\u00f1os en completarse antes de que se realice una determinaci\u00f3n.<\/p>\n<p>Un propietario que se niegue a permitir el acceso a la propiedad puede tener una orden de restricci\u00f3n temporal presentada en su contra para que la entidad condenante pueda acceder a la propiedad y llevar a cabo la encuesta y las evaluaciones necesarias. Esta evaluaci\u00f3n se usar\u00e1 para determinar la compensaci\u00f3n justa de la propiedad.<\/p>\n<p>Tanto el propietario como la entidad adquirente pueden presentar pruebas que respalden el valor justo de mercado de la propiedad. Los comisionados designados por el tribunal tendr\u00e1n la tarea de establecer una cantidad que debe depositarse antes de que la entidad adquirente pueda tomar posesi\u00f3n de la tierra.<\/p>\n<p><b>\u00bfTENGO QUE ACEPTAR LA OFERTA DEL GOBIERNO?<\/b><\/p>\n<p>Si el gobierno u otra entidad hace una oferta, el due\u00f1o de la propiedad no est\u00e1 obligado a aceptarlo. Sin embargo, el Gobierno todav\u00eda puede forzar la expropiaci\u00f3n y tomar la propiedad de dicho due\u00f1o.<\/p>\n<p>Los propietarios que est\u00e1n interesados en luchar contra la expropiaci\u00f3n deben discutir sus derechos legales y opciones con un abogado tan pronto como sea posible.<\/p>\n<p>En la mayor\u00eda de los casos de expropiaci\u00f3n, el propietario debe demostrar que el gobierno est\u00e1 actuando incorrectamente para no permitir que la propiedad sea adquirida. Un abogado veterano del derecho de expropiaci\u00f3n entender\u00e1 las complejidades de la ley de expropiaci\u00f3n y puede ayudarle a luchar contra la adquisici\u00f3n de la propiedad y el abuso de la expropiaci\u00f3n.<\/p>\n<p>Antes de aceptar o rechazar una oferta, consulte con un bufete de abogados especializados en el derecho de expropiaci\u00f3n para explorar sus opciones legales. Se supone que el gobierno le debe ofrecer un precio justo por la propiedad. Sin embargo, la cantidad es a menudo determinado por el gobierno. Los abogados de expropiaci\u00f3n pueden luchar para que usted consiga un valor de mercado justo por su propiedad.<\/p>\n<p><b>OBT\u00c9N AYUDA LEGAL<\/b><\/p>\n<p>La ley de expropiaci\u00f3n es muy compleja y puede tener un gran impacto en sus derechos sobre el inmueble y el valor de dicha propiedad. Por esta raz\u00f3n, los procedimientos de expropiaci\u00f3n no deben tomarse a la ligera. Si no act\u00faa con rapidez, corre el riesgo de recibir una oferta m\u00e1s baja de la que le ofrecen y de la que tiene derecho a recibir.<\/p>\n","protected":false},"excerpt":{"rendered":"<p>\u00bfQU\u00c9 ES EL DERECHO DE EXPROPIACI\u00d3N? Cuando la gente escucha el t\u00e9rmino \u201cexpropiaci\u00f3n\u201d, suelen pensar en como el Gobierno toma el terreno de los propietarios. El gobierno si tiene el derecho de tomar la propiedad privada para usarla para un uso p\u00fablico. Sin embargo, la agencia gubernamental debe ofrecer una indemnizaci\u00f3n adecuada por dicho terreno. [&hellip;]<\/p>\n","protected":false},"author":65,"featured_media":0,"parent":24871,"menu_order":0,"comment_status":"closed","ping_status":"closed","template":"","meta":{"_acf_changed":false,"site-sidebar-layout":"default","site-content-layout":"","ast-site-content-layout":"default","site-content-style":"default","site-sidebar-style":"default","ast-global-header-display":"","ast-banner-title-visibility":"","ast-main-header-display":"","ast-hfb-above-header-display":"","ast-hfb-below-header-display":"","ast-hfb-mobile-header-display":"","site-post-title":"","ast-breadcrumbs-content":"","ast-featured-img":"","footer-sml-layout":"","ast-disable-related-posts":"","theme-transparent-header-meta":"","adv-header-id-meta":"","stick-header-meta":"","header-above-stick-meta":"","header-main-stick-meta":"","header-below-stick-meta":"","astra-migrate-meta-layouts":"default","ast-page-background-enabled":"default","ast-page-background-meta":{"desktop":{"background-color":"var(--ast-global-color-4)","background-image":"","background-repeat":"repeat","background-position":"center center","background-size":"auto","background-attachment":"scroll","background-type":"","background-media":"","overlay-type":"","overlay-color":"","overlay-opacity":"","overlay-gradient":""},"tablet":{"background-color":"","background-image":"","background-repeat":"repeat","background-position":"center center","background-size":"auto","background-attachment":"scroll","background-type":"","background-media":"","overlay-type":"","overlay-color":"","overlay-opacity":"","overlay-gradient":""},"mobile":{"background-color":"","background-image":"","background-repeat":"repeat","background-position":"center center","background-size":"auto","background-attachment":"scroll","background-type":"","background-media":"","overlay-type":"","overlay-color":"","overlay-opacity":"","overlay-gradient":""}},"ast-content-background-meta":{"desktop":{"background-color":"var(--ast-global-color-5)","background-image":"","background-repeat":"repeat","background-position":"center center","background-size":"auto","background-attachment":"scroll","background-type":"","background-media":"","overlay-type":"","overlay-color":"","overlay-opacity":"","overlay-gradient":""},"tablet":{"background-color":"var(--ast-global-color-5)","background-image":"","background-repeat":"repeat","background-position":"center center","background-size":"auto","background-attachment":"scroll","background-type":"","background-media":"","overlay-type":"","overlay-color":"","overlay-opacity":"","overlay-gradient":""},"mobile":{"background-color":"var(--ast-global-color-5)","background-image":"","background-repeat":"repeat","background-position":"center center","background-size":"auto","background-attachment":"scroll","background-type":"","background-media":"","overlay-type":"","overlay-color":"","overlay-opacity":"","overlay-gradient":""}},"footnotes":""},"class_list":["post-24919","page","type-page","status-publish","hentry"],"acf":[],"_links":{"self":[{"href":"https:\/\/mcdonaldworley.com\/es\/wp-json\/wp\/v2\/pages\/24919","targetHints":{"allow":["GET"]}}],"collection":[{"href":"https:\/\/mcdonaldworley.com\/es\/wp-json\/wp\/v2\/pages"}],"about":[{"href":"https:\/\/mcdonaldworley.com\/es\/wp-json\/wp\/v2\/types\/page"}],"author":[{"embeddable":true,"href":"https:\/\/mcdonaldworley.com\/es\/wp-json\/wp\/v2\/users\/65"}],"replies":[{"embeddable":true,"href":"https:\/\/mcdonaldworley.com\/es\/wp-json\/wp\/v2\/comments?post=24919"}],"version-history":[{"count":0,"href":"https:\/\/mcdonaldworley.com\/es\/wp-json\/wp\/v2\/pages\/24919\/revisions"}],"up":[{"embeddable":true,"href":"https:\/\/mcdonaldworley.com\/es\/wp-json\/wp\/v2\/pages\/24871"}],"wp:attachment":[{"href":"https:\/\/mcdonaldworley.com\/es\/wp-json\/wp\/v2\/media?parent=24919"}],"curies":[{"name":"wp","href":"https:\/\/api.w.org\/{rel}","templated":true}]}}