{"id":24917,"date":"2018-11-01T19:29:21","date_gmt":"2018-11-01T19:29:21","guid":{"rendered":"https:\/\/abconlinehold.wpengine.com\/?page_id=24917"},"modified":"2021-08-11T18:27:22","modified_gmt":"2021-08-11T23:27:22","slug":"abogado-de-divorcios-en-houston","status":"publish","type":"page","link":"https:\/\/mcdonaldworley.com\/es\/houston\/abogado-de-divorcios","title":{"rendered":"Abogado de Divorcios en Houston"},"content":{"rendered":"<p>El divorcio y otras cuestiones del derecho familiar pueden ser estresantes. Sin embargo, tener un abogado amable y comprensivo de su parte que defienda ferozmente sus derechos puede disminuir tal estr\u00e9s.<\/p>\n<p>Los abogados del derecho familiar en McDonald Worley pueden ayudarle a trav\u00e9s del proceso del divorcio, as\u00ed como con los acuerdos pre y post-matrimoniales, el proceso de divorcio incluyendo la propiedad, pensi\u00f3n alimenticia y manutenci\u00f3n conyugal, asuntos de custodia y manutenci\u00f3n de los hijos.<\/p>\n<p>Tambi\u00e9n podemos ayudar a las familias con el proceso de adopci\u00f3n. Las cuestiones del derecho familiar se vuelven una prioridad en su vida y en la de su familia, nuestros abogados tendr\u00e1n mucho cuidado de dar a su caso el cuidado y la atenci\u00f3n que usted y su familia se merecen.<\/p>\n<p>A continuaci\u00f3n, se muestran las cuestiones del derecho familiar con las que los abogados de divorcio de McDonald Worley en Houston pueden ayudarle.<\/p>\n<p><b>EL PROCESO DE DIVORCIO<\/b><\/p>\n<p>Nadie planea divorciarse, pero a veces es la mejor opci\u00f3n para todos los involucrados. Aunque el proceso de divorcio puede ser estresante, incluso en los casos de divorcio no impugnado, un abogado de divorcios bien informado y atento har\u00e1 todo en su poder para poner este cap\u00edtulo de su vida detr\u00e1s de usted.<\/p>\n<p>Tambi\u00e9n es importante considerar a los abogados veteranos del divorcio en Houston, que pueden ayudarle a conocer las leyes complejas de la familia en Texas.<\/p>\n<p>Hay siete motivos para el divorcio en Texas:<\/p>\n<ol>\n<li>El matrimonio se ha vuelto insoportable debido a la discordia o el conflicto de personalidades que evitan la reconciliaci\u00f3n y destruyen los fines leg\u00edtimos de la relaci\u00f3n<\/li>\n<li>Crueldad por parte de un c\u00f3nyuge haciendo imposible vivir juntos<\/li>\n<li>Adulterio<\/li>\n<li>Un delito cometido por un c\u00f3nyuge que ha estado en el Departamento de Justicia Penal de Texas, una penitenciar\u00eda federal, o la penitenciar\u00eda de otro estado<\/li>\n<li>Abandono durante m\u00e1s de un a\u00f1o<\/li>\n<li>No cohabitar por m\u00e1s de tres a\u00f1os<\/li>\n<li>Estar encarcelado actualmente en un hospital mental del estado o en un hospital mental privado por m\u00e1s de tres a\u00f1os y el desorden mental es severo o una reca\u00edda es probable<\/li>\n<\/ol>\n<p>Aquellos que consideran el divorcio, deben consultar a un abogado veterano para iniciar el proceso y as\u00ed ayudarles a considerar los siguientes temas: manutenci\u00f3n y custodia de menores, Divisi\u00f3n de propiedad, manutenci\u00f3n del c\u00f3nyuge y pensi\u00f3n alimenticia.<\/p>\n<p>El divorcio no es s\u00f3lo un final sino tambi\u00e9n un nuevo comienzo. Conocer sus derechos de divorcio le ayudar\u00e1 a obtener una mejor oportunidad con un nuevo comienzo de manera oportuna.<\/p>\n<p><b>DERECHOS DEL DIVORCIO<\/b><\/p>\n<p>Aquellos que consideran el divorcio en Texas deben saber que tienen derechos y tambi\u00e9n responsabilidades durante el proceso de divorcio. Estos incluyen:<\/p>\n<ul>\n<li>Requisitos de residencia<\/li>\n<li>Requisitos de aviso<\/li>\n<li>Barras de tiempo en el matrimonio con otros durante el proceso<\/li>\n<li>El derecho de un c\u00f3nyuge a cambiar su nombre<\/li>\n<\/ul>\n<p>Los abogados veteranos del divorcio en McDonald Worley defender\u00e1n vigorosamente sus derechos durante el proceso del divorcio. Tambi\u00e9n le ayudar\u00e1n a asegurar que todas sus obligaciones se cumplan y que el proceso se mueva de la manera m\u00e1s fluida y eficiente posible.<\/p>\n<p><b>DERECHO DE FAMILIA<\/b><\/p>\n<p>Adem\u00e1s de proveer asistencia con los procedimientos del divorcio, los abogados de McDonald Worley pueden ayudarle con otros asuntos del derecho familiar con los que se podr\u00eda enfrentar.<\/p>\n<p><b>ACUERDOS PRE Y POST-MATRIMONIALES<\/b><\/p>\n<p>Nadie entra a un matrimonio pensando que el divorcio ocurrir\u00e1, es importante considerar la protecci\u00f3n legal para usted y su futuro c\u00f3nyuge. Esto es especialmente cierto para los due\u00f1os de negocios y aquellos que traen bienes substanciales al matrimonio.<\/p>\n<p>Alternativamente, si su c\u00f3nyuge futuro o actual le pide que firme un acuerdo matrimonial o un acuerdo prenupcial, es importante obtener un abogado de la familia con sus intereses en mente para examinar el acuerdo antes de que usted lo firme.<\/p>\n<p><b>DIVISI\u00d3N DE LA PROPIEDAD EN UN DIVORCIO<\/b><\/p>\n<p>Aparte de la custodia de los hijos, uno de los asuntos mas estresantes en el divorcio puede ser la divisi\u00f3n de la propiedad. La divisi\u00f3n de la propiedad puede ser bastante compleja, dependiendo de si los acuerdos pre o post-matrimoniales est\u00e1n en su lugar y la presencia de herencias o grandes regalos de un c\u00f3nyuge u otro.<\/p>\n<p>Un abogado con experiencia en divorcios puede ayudarle a proteger sus derechos a la propiedad en su situaci\u00f3n, adem\u00e1s de asegurar un proceso de divisi\u00f3n eficiente.<\/p>\n<p><b>MANUTENCI\u00d3N CONYUGAL O PENSI\u00d3N ALIMENTICIA<\/b><\/p>\n<p>Relacionado con la divisi\u00f3n de la propiedad, la cuesti\u00f3n del apoyo conyugal pesa mucho en un divorcio y en su futuro financiero. Texas es un estado de propiedad comunal, lo que significa que la manutenci\u00f3n o el apoyo conyugal es lo que se otorga en los procedimientos de divorcio.<\/p>\n<p>Generalmente, los pagos de pensi\u00f3n alimenticia son limitados en duraci\u00f3n. Sin embargo, la legislatura estatal cambia las reglas en ocasiones, por lo que es importante encontrar un abogado experto que se esforzar\u00e1 por proteger sus derechos.<\/p>\n<p><b>CUSTODIA Y MANUTENCI\u00d3N DE MENORES<\/b><\/p>\n<p>La custodia de los hijos y el apoyo en los procedimientos de divorcio pueden ser una experiencia emocionalmente dif\u00edcil. Al igual que con el procedimiento de divorcio y otras cuestiones del derecho familiar, encontrar abogados con experiencia en el divorcio en Houston puede ayudarle a conocer las complejas leyes estatales.<\/p>\n<p>En Texas, el tribunal considerar\u00e1 el mejor inter\u00e9s del ni\u00f1o o de los ni\u00f1os para determinar las cuestiones de custodia. Los abogados veteranos de McDonald Worley se esforzar\u00e1n mucho para obtener la historia completa y defenderle a usted y a su familia. Tambi\u00e9n pueden ayudar a que el proceso se mueva de la manera m\u00e1s r\u00e1pida y eficiente posible, as\u00ed como a detener acciones legales no relevantes.<\/p>\n<p>La manutenci\u00f3n de los hijos se determina usando el \u00abporcentaje variable del modelo de ingreso\u00bb en Texas. La determinaci\u00f3n se basa en el ingreso neto del c\u00f3nyuge obligado a pagar la manutenci\u00f3n de los hijos bajo la ley.<\/p>\n<p>Los abogados de divorcio de McDonald Worley se asegurar\u00e1n de que usted y los ingresos de su exc\u00f3nyuge est\u00e9n correctamente calculados y defender\u00e1n sus derechos cuando se trata de pagos de manutenci\u00f3n de menores.<\/p>\n<p>McDonald Worley tambi\u00e9n puede ayudarle con anulaciones y adopciones.<\/p>\n","protected":false},"excerpt":{"rendered":"<p>El divorcio y otras cuestiones del derecho familiar pueden ser estresantes. Sin embargo, tener un abogado amable y comprensivo de su parte que defienda ferozmente sus derechos puede disminuir tal estr\u00e9s. Los abogados del derecho familiar en McDonald Worley pueden ayudarle a trav\u00e9s del proceso del divorcio, as\u00ed como con los acuerdos pre y post-matrimoniales, [&hellip;]<\/p>\n","protected":false},"author":65,"featured_media":0,"parent":24871,"menu_order":0,"comment_status":"closed","ping_status":"closed","template":"","meta":{"_acf_changed":false,"site-sidebar-layout":"default","site-content-layout":"","ast-site-content-layout":"default","site-content-style":"default","site-sidebar-style":"default","ast-global-header-display":"","ast-banner-title-visibility":"","ast-main-header-display":"","ast-hfb-above-header-display":"","ast-hfb-below-header-display":"","ast-hfb-mobile-header-display":"","site-post-title":"","ast-breadcrumbs-content":"","ast-featured-img":"","footer-sml-layout":"","ast-disable-related-posts":"","theme-transparent-header-meta":"","adv-header-id-meta":"","stick-header-meta":"","header-above-stick-meta":"","header-main-stick-meta":"","header-below-stick-meta":"","astra-migrate-meta-layouts":"default","ast-page-background-enabled":"default","ast-page-background-meta":{"desktop":{"background-color":"var(--ast-global-color-4)","background-image":"","background-repeat":"repeat","background-position":"center center","background-size":"auto","background-attachment":"scroll","background-type":"","background-media":"","overlay-type":"","overlay-color":"","overlay-opacity":"","overlay-gradient":""},"tablet":{"background-color":"","background-image":"","background-repeat":"repeat","background-position":"center center","background-size":"auto","background-attachment":"scroll","background-type":"","background-media":"","overlay-type":"","overlay-color":"","overlay-opacity":"","overlay-gradient":""},"mobile":{"background-color":"","background-image":"","background-repeat":"repeat","background-position":"center center","background-size":"auto","background-attachment":"scroll","background-type":"","background-media":"","overlay-type":"","overlay-color":"","overlay-opacity":"","overlay-gradient":""}},"ast-content-background-meta":{"desktop":{"background-color":"var(--ast-global-color-5)","background-image":"","background-repeat":"repeat","background-position":"center center","background-size":"auto","background-attachment":"scroll","background-type":"","background-media":"","overlay-type":"","overlay-color":"","overlay-opacity":"","overlay-gradient":""},"tablet":{"background-color":"var(--ast-global-color-5)","background-image":"","background-repeat":"repeat","background-position":"center center","background-size":"auto","background-attachment":"scroll","background-type":"","background-media":"","overlay-type":"","overlay-color":"","overlay-opacity":"","overlay-gradient":""},"mobile":{"background-color":"var(--ast-global-color-5)","background-image":"","background-repeat":"repeat","background-position":"center center","background-size":"auto","background-attachment":"scroll","background-type":"","background-media":"","overlay-type":"","overlay-color":"","overlay-opacity":"","overlay-gradient":""}},"footnotes":""},"class_list":["post-24917","page","type-page","status-publish","hentry"],"acf":[],"_links":{"self":[{"href":"https:\/\/mcdonaldworley.com\/es\/wp-json\/wp\/v2\/pages\/24917","targetHints":{"allow":["GET"]}}],"collection":[{"href":"https:\/\/mcdonaldworley.com\/es\/wp-json\/wp\/v2\/pages"}],"about":[{"href":"https:\/\/mcdonaldworley.com\/es\/wp-json\/wp\/v2\/types\/page"}],"author":[{"embeddable":true,"href":"https:\/\/mcdonaldworley.com\/es\/wp-json\/wp\/v2\/users\/65"}],"replies":[{"embeddable":true,"href":"https:\/\/mcdonaldworley.com\/es\/wp-json\/wp\/v2\/comments?post=24917"}],"version-history":[{"count":0,"href":"https:\/\/mcdonaldworley.com\/es\/wp-json\/wp\/v2\/pages\/24917\/revisions"}],"up":[{"embeddable":true,"href":"https:\/\/mcdonaldworley.com\/es\/wp-json\/wp\/v2\/pages\/24871"}],"wp:attachment":[{"href":"https:\/\/mcdonaldworley.com\/es\/wp-json\/wp\/v2\/media?parent=24917"}],"curies":[{"name":"wp","href":"https:\/\/api.w.org\/{rel}","templated":true}]}}