{"id":24915,"date":"2018-11-01T19:28:16","date_gmt":"2018-11-01T19:28:16","guid":{"rendered":"https:\/\/abconlinehold.wpengine.com\/?page_id=24915"},"modified":"2021-08-09T12:16:10","modified_gmt":"2021-08-09T17:16:10","slug":"exposicion-al-gasoleo","status":"publish","type":"page","link":"https:\/\/mcdonaldworley.com\/es\/juicio-civil\/exposicion-al-gasoleo\/","title":{"rendered":"Exposici\u00f3n al Gas\u00f3leo"},"content":{"rendered":"<p><b>ATENCI\u00d3N: EXPOSICI\u00d3N PROLONGADA A LOS GASES DI\u00c9SEL VINCULADOS A GRAVES RIESGOS PARA LA SALUD<\/b><\/p>\n<p>La exposici\u00f3n a los gases di\u00e9sel se ha relacionado con enfermedades respiratorias severas y las personas con las condiciones existentes pueden tener s\u00edntomas peores. Los abogados principales de los gases di\u00e9sel est\u00e1n investigando los efectos secundarios de la salud de la exposici\u00f3n a los gases di\u00e9sel.<\/p>\n<p>Los camioneros, los profesionales del transporte y otros que han recibido exposici\u00f3n prolongada a los gases t\u00f3xicos deben ponerse en contacto inmediatamente con nuestros abogados veteranos de exposici\u00f3n al gas\u00f3leo, ya que podr\u00edan tener el derecho a una indemnizaci\u00f3n significativa.<\/p>\n<p>Estar expuesto a los gases de escape y a las toxinas en el combustible di\u00e9sel puede llevar a un mayor riesgo de complicaciones de salud graves.<\/p>\n<ul>\n<li>C\u00e1ncer de Pulm\u00f3n<\/li>\n<li>Complicaciones Respiratorias<\/li>\n<li>Enfermedades Card\u00edacas<\/li>\n<li>Derrame Cerebral<\/li>\n<\/ul>\n<p><b>\u00bfTE ENVENENAN LOS GASES DI\u00c9SEL?<\/b><\/p>\n<p>Los abogados de nuestro bufete ofrecen consultas sin costo alguno a cualquier persona que haya trabajado en la industria de camiones que haya desarrollado c\u00e1ncer de pulm\u00f3n u otras complicaciones posiblemente relacionadas con la exposici\u00f3n al escape de gas\u00f3leo.<\/p>\n<p>Mientras que la percepci\u00f3n p\u00fablica es que fumar es la causa m\u00e1s prominente de c\u00e1ncer de pulm\u00f3n, miles de casos se diagnostican cada a\u00f1o en personas que no lo hacen o nunca han fumado. Los estudios recientes han ligado la exposici\u00f3n del di\u00e9sel toxico como causa que contribuye al c\u00e1ncer de pulm\u00f3n.<\/p>\n<p>Si usted trabaj\u00f3 en la industria de transporte de camiones o sufri\u00f3 una exposici\u00f3n a largo plazo de los gases de escape, usted debe ponerse en contacto con nosotros inmediatamente para hablar con un abogado especializado en los gases di\u00e9sel para revisar sus opciones legales.<\/p>\n<p>Estudios recientes han demostrado que las personas que trabajan en la industria de camiones tienen un riesgo elevado de desarrollar c\u00e1ncer de pulm\u00f3n como resultado de su exposici\u00f3n a las toxinas da\u00f1inas encontradas en los gases di\u00e9sel. Sin embargo, este riesgo elevado no afecta s\u00f3lo a los que conducen en largos trayectos. De hecho, se ha extendido a otros como portuarios, as\u00ed como la recolecci\u00f3n y la entrega de los especialistas en conducci\u00f3n.<\/p>\n<p>La evidencia de que los gases de escape han contribuido al desarrollo del c\u00e1ncer de pulm\u00f3n est\u00e1 creciendo r\u00e1pidamente. Desafortunadamente, la industria de camiones ha respondido lentamente. Quienes han trabajado en la industria de camiones y han desarrollado c\u00e1ncer de pulm\u00f3n podr\u00edan tener derecho a una indemnizaci\u00f3n. Si usted ha sido afectado, usted debe aprender sus derechos legales poni\u00e9ndose en contacto con uno de nuestros abogados de c\u00e1ncer de pulm\u00f3n de gases di\u00e9sel inmediatamente.<\/p>\n<p>En el 2002, la EPA public\u00f3 un informe que concluy\u00f3 que la exposici\u00f3n a los gases de escape del gas\u00f3leo durante un largo per\u00edodo de tiempo estaba relacionada con el c\u00e1ncer de pulm\u00f3n. El informe indica que los gases de escape di\u00e9sel han tenido una relaci\u00f3n causal con los casos de c\u00e1ncer de pulm\u00f3n. El informe tambi\u00e9n concluy\u00f3 que la evidencia de la exposici\u00f3n del humo que causa el c\u00e1ncer en seres humanos es persuasiva.<\/p>\n<p>En el momento del informe de la EPA, los fabricantes de motores di\u00e9sel culpaban a los motores m\u00e1s viejos por los hallazgos. Sin embargo, la EPA contrarrest\u00f3 con su declaraci\u00f3n concluyendo que la evidencia que encontr\u00f3 se relaciona con todos los motores en uso, incluyendo motores m\u00e1s nuevos.<\/p>\n<p><b>ESTUDIO DE C\u00c1NCER DE PULM\u00d3N EN LA INDUSTRIA DE CAMIONES<\/b><\/p>\n<p>El estudio de perspectivas de salud ambiental del 2009 fue uno de los estudios originales para medir los peligros de la exposici\u00f3n al gas\u00f3leo en el trabajo. Antes de eso, los estudios sobre el tema estaban limitados por la falta de registros y mediciones de exposici\u00f3n.<\/p>\n<p>El estudio de exposici\u00f3n al gas\u00f3leo examin\u00f3 los registros de trabajo de m\u00e1s de 30,000 trabajadores masculinos de la industria de transporte de camiones en el 1985. El estudio examin\u00f3 las tasas de mortalidad debido al c\u00e1ncer de pulm\u00f3n durante el a\u00f1o 2000. El estudio examin\u00f3 ocho categor\u00edas de trabajadores, incluyendo desde conductores de larga distancia hasta a los recepcionistas.<\/p>\n<p>En su mayor parte, los trabajadores que fueron estudiados ganaron empleo en sus 30 a\u00f1os y eran en su mayor\u00eda cauc\u00e1sicos. Estos trabajadores generalmente viv\u00edan en el medio oeste o en el sur y trabajaban en la industria de camiones por un promedio de 22 a\u00f1os.<\/p>\n<p>El estudio de efectos secundarios de los humos di\u00e9sel encontr\u00f3 que hab\u00eda m\u00e1s de 4,000 muertes y casi 800 casos de c\u00e1ncer de pulm\u00f3n en los a\u00f1os entre el 1985 y el 2000. Casi todos los trabajadores de la industria experimentaron un alto grado de peligro.<\/p>\n<p>Despu\u00e9s de permitir la cantidad normal de tabaco en el trabajo, los investigadores llegaron a la conclusi\u00f3n de que portuarios y aquellos conductores que trabajaban en rutas m\u00e1s cortas experimentaron un aumento de dos por ciento en el riesgo de c\u00e1ncer cada a\u00f1o. Esta tasa fue incluso mayor que la de los conductores de larga distancia. Seg\u00fan los investigadores, esto se debe a que los conductores de larga distancia pasan m\u00e1s tiempo en sus cabinas, lejos de los nocivos gases de escape di\u00e9sel.<\/p>\n<p><b>AYUDA PARA V\u00cdCTIMAS DEL C\u00c1NCER DE PULM\u00d3N POR EXPOSICI\u00d3N AL GAS\u00d3LEO<\/b><\/p>\n<p>Si usted ha sido diagnosticado con s\u00edntomas asociados y tiene exposici\u00f3n prolongada a los gases di\u00e9sel, usted debe ponerse en contacto con nuestros abogados especializados en la exposici\u00f3n al gas\u00f3leo inmediatamente para que revise sus opciones legales. Usted puede tener derecho a una indemnizaci\u00f3n significativa.<\/p>\n","protected":false},"excerpt":{"rendered":"<p>ATENCI\u00d3N: EXPOSICI\u00d3N PROLONGADA A LOS GASES DI\u00c9SEL VINCULADOS A GRAVES RIESGOS PARA LA SALUD La exposici\u00f3n a los gases di\u00e9sel se ha relacionado con enfermedades respiratorias severas y las personas con las condiciones existentes pueden tener s\u00edntomas peores. Los abogados principales de los gases di\u00e9sel est\u00e1n investigando los efectos secundarios de la salud de la [&hellip;]<\/p>\n","protected":false},"author":65,"featured_media":0,"parent":24871,"menu_order":0,"comment_status":"closed","ping_status":"closed","template":"","meta":{"_acf_changed":false,"site-sidebar-layout":"default","site-content-layout":"","ast-site-content-layout":"default","site-content-style":"default","site-sidebar-style":"default","ast-global-header-display":"","ast-banner-title-visibility":"","ast-main-header-display":"","ast-hfb-above-header-display":"","ast-hfb-below-header-display":"","ast-hfb-mobile-header-display":"","site-post-title":"","ast-breadcrumbs-content":"","ast-featured-img":"","footer-sml-layout":"","ast-disable-related-posts":"","theme-transparent-header-meta":"","adv-header-id-meta":"","stick-header-meta":"","header-above-stick-meta":"","header-main-stick-meta":"","header-below-stick-meta":"","astra-migrate-meta-layouts":"default","ast-page-background-enabled":"default","ast-page-background-meta":{"desktop":{"background-color":"var(--ast-global-color-4)","background-image":"","background-repeat":"repeat","background-position":"center center","background-size":"auto","background-attachment":"scroll","background-type":"","background-media":"","overlay-type":"","overlay-color":"","overlay-opacity":"","overlay-gradient":""},"tablet":{"background-color":"","background-image":"","background-repeat":"repeat","background-position":"center center","background-size":"auto","background-attachment":"scroll","background-type":"","background-media":"","overlay-type":"","overlay-color":"","overlay-opacity":"","overlay-gradient":""},"mobile":{"background-color":"","background-image":"","background-repeat":"repeat","background-position":"center center","background-size":"auto","background-attachment":"scroll","background-type":"","background-media":"","overlay-type":"","overlay-color":"","overlay-opacity":"","overlay-gradient":""}},"ast-content-background-meta":{"desktop":{"background-color":"var(--ast-global-color-5)","background-image":"","background-repeat":"repeat","background-position":"center center","background-size":"auto","background-attachment":"scroll","background-type":"","background-media":"","overlay-type":"","overlay-color":"","overlay-opacity":"","overlay-gradient":""},"tablet":{"background-color":"var(--ast-global-color-5)","background-image":"","background-repeat":"repeat","background-position":"center center","background-size":"auto","background-attachment":"scroll","background-type":"","background-media":"","overlay-type":"","overlay-color":"","overlay-opacity":"","overlay-gradient":""},"mobile":{"background-color":"var(--ast-global-color-5)","background-image":"","background-repeat":"repeat","background-position":"center center","background-size":"auto","background-attachment":"scroll","background-type":"","background-media":"","overlay-type":"","overlay-color":"","overlay-opacity":"","overlay-gradient":""}},"footnotes":""},"class_list":["post-24915","page","type-page","status-publish","hentry"],"acf":[],"_links":{"self":[{"href":"https:\/\/mcdonaldworley.com\/es\/wp-json\/wp\/v2\/pages\/24915","targetHints":{"allow":["GET"]}}],"collection":[{"href":"https:\/\/mcdonaldworley.com\/es\/wp-json\/wp\/v2\/pages"}],"about":[{"href":"https:\/\/mcdonaldworley.com\/es\/wp-json\/wp\/v2\/types\/page"}],"author":[{"embeddable":true,"href":"https:\/\/mcdonaldworley.com\/es\/wp-json\/wp\/v2\/users\/65"}],"replies":[{"embeddable":true,"href":"https:\/\/mcdonaldworley.com\/es\/wp-json\/wp\/v2\/comments?post=24915"}],"version-history":[{"count":0,"href":"https:\/\/mcdonaldworley.com\/es\/wp-json\/wp\/v2\/pages\/24915\/revisions"}],"up":[{"embeddable":true,"href":"https:\/\/mcdonaldworley.com\/es\/wp-json\/wp\/v2\/pages\/24871"}],"wp:attachment":[{"href":"https:\/\/mcdonaldworley.com\/es\/wp-json\/wp\/v2\/media?parent=24915"}],"curies":[{"name":"wp","href":"https:\/\/api.w.org\/{rel}","templated":true}]}}