{"id":24913,"date":"2018-11-01T19:26:46","date_gmt":"2018-11-01T19:26:46","guid":{"rendered":"https:\/\/abconlinehold.wpengine.com\/?page_id=24913"},"modified":"2018-11-01T19:26:46","modified_gmt":"2018-11-01T19:26:46","slug":"defectos-congenitos-por-causa-de-depakote","status":"publish","type":"page","link":"https:\/\/mcdonaldworley.com\/es\/drogas-peligrosas\/defectos-congenitos-por-causa-de-depakote\/","title":{"rendered":"Defectos Cong\u00e9nitos por Causa de Depakote"},"content":{"rendered":"<p><b>\u00bfSUFRI\u00d3 SU HIJO DEFECTOS CONG\u00c9NITOS DESPU\u00c9S DE TOMAR DEPAKOTE DURANTE SU EMBARAZO?<\/b><\/p>\n<p>Depakote es un medicamento anticonvulsivo com\u00fan que se ha prescrito a miles de americanos para el tratamiento de la epilepsia, de la man\u00eda bipolar y de la prevenci\u00f3n de migra\u00f1as.<\/p>\n<p>Sin embargo, el tomar Depakote se ha asociado a los efectos da\u00f1osos en el h\u00edgado y a los defectos de nacimiento serios. Si usted, su hijo, o cualquier persona que usted conoce ha tomado la droga y experiment\u00f3 los efectos secundarios serios de Depakote asociados al medicamento, usted puede tener derecho a la remuneraci\u00f3n significativa y debe compartir su experiencia con nuestros abogados <a href=\"https:\/\/mcdonaldworley.com\/dangerous-drugs\/taxotere-permanent-hair-loss\/\" target=\"_blank\" rel=\"noopener\">del defecto cong\u00e9nito por causa<\/a> de Depakote ahora.<\/p>\n<p>Nuestros abogados con amplia experiencia en <a href=\"https:\/\/mcdonaldworley.com\/dangerous-drugs\/heartburn-drug-kidney-injuries\/\" target=\"_blank\" rel=\"noopener\">lesiones causadas por medicamento<\/a> podr\u00e1n responder a sus preguntas acerca de la demanda de Depakote, sin ninguna obligaci\u00f3n, y presentarle sus opciones legales si su hijo o hija sufri\u00f3 de cualquiera de los siguientes defectos cong\u00e9nitos:<\/p>\n<ul>\n<li>Paladar hendido<\/li>\n<li>Espina b\u00edfida<\/li>\n<li>Malformaciones de la mano<\/li>\n<li>Test\u00edculos no descendidos<\/li>\n<li>Hipospadias (una afecci\u00f3n en la que la abertura de la uretra en los beb\u00e9s varones no est\u00e1 correctamente posicionada)<\/li>\n<li>Costillas anormalmente desarrolladas<\/li>\n<li>Muerte fetal potencial<\/li>\n<\/ul>\n<p><b>Comun\u00edquese hoy con los abogados de McDonald Worley para una evaluaci\u00f3n de caso GRATUITA si usted o su ser querido ha sufrido alguno de estos efectos secundarios de Depakote.<\/b><\/p>\n<p><b>DESCRIPCI\u00d3N: USO DE DEPAKOTE<\/b><\/p>\n<p>El medicamento Depakote (divalproex s\u00f3dico) fue dise\u00f1ad0 y prescrito para el tratamiento del desorden bipolar, de la epilepsia y de las migra\u00f1as.<\/p>\n<p>Depakote fue presentado al mercado por <i>Abbott Laboratories<\/i> en 1983. Desde entonces, su patente ha expirado y el medicamento est\u00e1 ahora disponible como divalproex s\u00f3dico gen\u00e9rico y es manufacturado por varios fabricantes gen\u00e9ricos incluyendo <i>Teva Pharmaceuticals<\/i>, <i>Sandoz<\/i>, <i>Lupin Pharmaceuticals<\/i>, <i>Mylan<\/i>, y <i>Sun Pharmaceutical Industries.<\/i><\/p>\n<p><b>Depakote y los Convulsiones\/Epilepsia<\/b><\/p>\n<p>Depakote afecta a los qu\u00edmicos en el cuerpo que pueden causar convulsiones. La droga funciona aumentando la cantidad de \u00e1cido gamma-aminobut\u00edrico (GABA, por sus siglas en ingles) en el cerebro, lo cual es responsable por llevar mensajes entre las c\u00e9lulas del cerebro y calmar los nervios sobre estimulados. El aumento de GABA ayuda a prevenir las se\u00f1ales cerebrales que causan convulsiones.<\/p>\n<p><b>Depakote y el Trastorno Bipolar<\/b><\/p>\n<p>Depakote fue aprobado para el tratamiento del desorden bipolar en el 1995. Desde entonces, Depakote se ha convertido en el estabilizador de estado de \u00e1nimo m\u00e1s prescrito para el tratamiento de episodios man\u00edacos, tambi\u00e9n conocido como maniaco depresivo. Varios estudios han confirmado que este medicamento mejora los s\u00edntomas bipolares sobre el Litio, que sol\u00eda ser el \u00fanico medicamento aprobado por la FDA para la man\u00eda. Los doctores pueden elegir un plan de tratamiento que combine Depakote con antidepresivos tales como los inhibidores selectivos de la recaptaci\u00f3n de serotonina (ISRS).<\/p>\n<p><b>Depakote y las Migra\u00f1as<\/b><\/p>\n<p>La FDA aprob\u00f3 a Depakote para el tratamiento de las migra\u00f1as en el 1996. El medicamento se utiliza antes de la aparici\u00f3n de los s\u00edntomas para prevenir las migra\u00f1as y es m\u00e1s eficaz para los pacientes que t\u00edpicamente tienen m\u00e1s de dos migra\u00f1as por mes.<\/p>\n<p><b>DEPAKOTE VINCULADO A DEFECTOS CONG\u00c9NITOS<\/b><\/p>\n<p>Depakote ha sido el objeto de controversia durante m\u00e1s de una d\u00e9cada debido a sus potenciales efectos secundarios mortales. Se present\u00f3 una demanda colectiva contra Depakote para abordar una serie de alegaciones debido a complicaciones relacionadas con el medicamento.<\/p>\n<p>Demostr\u00f3 que causo da\u00f1o al h\u00edgado en ciertos pacientes y en el 2000 la FDA requiri\u00f3 a Abbott a incluir una advertencia de la caja negra con respecto a los riesgos potenciales del da\u00f1o del h\u00edgado.<\/p>\n<p>A\u00fan m\u00e1s preocupante fue el hallazgo de que el uso de Depakote en mujeres embarazadas aument\u00f3 el riesgo de ciertos tipos de defectos cong\u00e9nitos.<\/p>\n<p>En el 2007, la FDA requiri\u00f3 advertencias adicionales de la caja negra para aconsejar a usuarios de potenciales defectos de nacimiento a los ni\u00f1os que se exponen a Depakote durante el per\u00edodo de gestaci\u00f3n. El medicamento se ha clasificado desde entonces como medicamento de la \u00abcategor\u00eda C\u00bb para las mujeres embarazadas.\u00a0Esta clasificaci\u00f3n es para los medicamentos que han demostrado tener efectos adversos en los estudios con animales. Sin embargo, no se han realizado estudios controlados en mujeres embarazadas.<\/p>\n<p>Se han presentado varias demandas en contra de Depakote alegando lesiones infantiles y los abogados de defectos cong\u00e9nitos contin\u00faan revisando las reclamaciones de Depakote.<\/p>\n<p>Los datos se han presentado por el Registro Norteamericano de Embarazo de Drogas Antiepil\u00e9pticas, los cuales muestran que 1g\/d\u00eda de divalproex s\u00f3dico durante el primer trimestre aumenta el riesgo de defectos cong\u00e9nitas por 4x en comparaci\u00f3n con tratamientos antiepil\u00e9pticos alternativos.<\/p>\n<p>La mayor preocupaci\u00f3n en relaci\u00f3n con el defecto cong\u00e9nito asociado con el uso de Depakote por las mujeres embarazadas es la espina b\u00edfida. Esto es cuando el tubo neural embrionario est\u00e1 malformado o incompleto. Como resultado, el beb\u00e9 nace con una formaci\u00f3n espinal incompleta, causando la exposici\u00f3n de la m\u00e9dula espinal.<\/p>\n<p>El riesgo de espina b\u00edfida en la poblaci\u00f3n general es de s\u00f3lo 0.14 por ciento a 0.20 por ciento. Sin embargo, las mujeres que usan Depakote durante el embarazo tienen un riesgo de hasta el dos por ciento de tener un beb\u00e9 nacido con espina b\u00edfida. Aunque esto todav\u00eda puede considerarse un peque\u00f1o porcentaje, es de cinco a diez veces m\u00e1s riesgoso de lo normal, lo cual es significativo.<\/p>\n<p><b>\u00bfDEBO PRESENTAR UNA DEMANDA DE DEPAKOTE?<\/b><\/p>\n<p>Si usted tiene un ni\u00f1o que naci\u00f3 con defectos de nacimiento despu\u00e9s de que Depakote fue ingerido durante el embarazo, comun\u00edquese inmediatamente con nuestros abogados de lesiones causadas por medicamentos para discutir sus opciones legales y para responder a sus preguntas acerca de una demanda potencial de Depakote.<\/p>\n<p>Un pleito Depakote acertado dar\u00e1 lugar a la recuperaci\u00f3n financiera significativa que puede ayudar con las cargas m\u00e9dicas y financieras con las que se enfrenta.<\/p>\n","protected":false},"excerpt":{"rendered":"<p>\u00bfSUFRI\u00d3 SU HIJO DEFECTOS CONG\u00c9NITOS DESPU\u00c9S DE TOMAR DEPAKOTE DURANTE SU EMBARAZO? Depakote es un medicamento anticonvulsivo com\u00fan que se ha prescrito a miles de americanos para el tratamiento de la epilepsia, de la man\u00eda bipolar y de la prevenci\u00f3n de migra\u00f1as. Sin embargo, el tomar Depakote se ha asociado a los efectos da\u00f1osos en [&hellip;]<\/p>\n","protected":false},"author":65,"featured_media":0,"parent":24875,"menu_order":0,"comment_status":"closed","ping_status":"closed","template":"","meta":{"_acf_changed":false,"site-sidebar-layout":"default","site-content-layout":"","ast-site-content-layout":"default","site-content-style":"default","site-sidebar-style":"default","ast-global-header-display":"","ast-banner-title-visibility":"","ast-main-header-display":"","ast-hfb-above-header-display":"","ast-hfb-below-header-display":"","ast-hfb-mobile-header-display":"","site-post-title":"","ast-breadcrumbs-content":"","ast-featured-img":"","footer-sml-layout":"","ast-disable-related-posts":"","theme-transparent-header-meta":"","adv-header-id-meta":"","stick-header-meta":"","header-above-stick-meta":"","header-main-stick-meta":"","header-below-stick-meta":"","astra-migrate-meta-layouts":"default","ast-page-background-enabled":"default","ast-page-background-meta":{"desktop":{"background-color":"var(--ast-global-color-4)","background-image":"","background-repeat":"repeat","background-position":"center center","background-size":"auto","background-attachment":"scroll","background-type":"","background-media":"","overlay-type":"","overlay-color":"","overlay-opacity":"","overlay-gradient":""},"tablet":{"background-color":"","background-image":"","background-repeat":"repeat","background-position":"center center","background-size":"auto","background-attachment":"scroll","background-type":"","background-media":"","overlay-type":"","overlay-color":"","overlay-opacity":"","overlay-gradient":""},"mobile":{"background-color":"","background-image":"","background-repeat":"repeat","background-position":"center center","background-size":"auto","background-attachment":"scroll","background-type":"","background-media":"","overlay-type":"","overlay-color":"","overlay-opacity":"","overlay-gradient":""}},"ast-content-background-meta":{"desktop":{"background-color":"var(--ast-global-color-5)","background-image":"","background-repeat":"repeat","background-position":"center center","background-size":"auto","background-attachment":"scroll","background-type":"","background-media":"","overlay-type":"","overlay-color":"","overlay-opacity":"","overlay-gradient":""},"tablet":{"background-color":"var(--ast-global-color-5)","background-image":"","background-repeat":"repeat","background-position":"center center","background-size":"auto","background-attachment":"scroll","background-type":"","background-media":"","overlay-type":"","overlay-color":"","overlay-opacity":"","overlay-gradient":""},"mobile":{"background-color":"var(--ast-global-color-5)","background-image":"","background-repeat":"repeat","background-position":"center center","background-size":"auto","background-attachment":"scroll","background-type":"","background-media":"","overlay-type":"","overlay-color":"","overlay-opacity":"","overlay-gradient":""}},"footnotes":""},"class_list":["post-24913","page","type-page","status-publish","hentry"],"acf":[],"_links":{"self":[{"href":"https:\/\/mcdonaldworley.com\/es\/wp-json\/wp\/v2\/pages\/24913","targetHints":{"allow":["GET"]}}],"collection":[{"href":"https:\/\/mcdonaldworley.com\/es\/wp-json\/wp\/v2\/pages"}],"about":[{"href":"https:\/\/mcdonaldworley.com\/es\/wp-json\/wp\/v2\/types\/page"}],"author":[{"embeddable":true,"href":"https:\/\/mcdonaldworley.com\/es\/wp-json\/wp\/v2\/users\/65"}],"replies":[{"embeddable":true,"href":"https:\/\/mcdonaldworley.com\/es\/wp-json\/wp\/v2\/comments?post=24913"}],"version-history":[{"count":0,"href":"https:\/\/mcdonaldworley.com\/es\/wp-json\/wp\/v2\/pages\/24913\/revisions"}],"up":[{"embeddable":true,"href":"https:\/\/mcdonaldworley.com\/es\/wp-json\/wp\/v2\/pages\/24875"}],"wp:attachment":[{"href":"https:\/\/mcdonaldworley.com\/es\/wp-json\/wp\/v2\/media?parent=24913"}],"curies":[{"name":"wp","href":"https:\/\/api.w.org\/{rel}","templated":true}]}}