{"id":24911,"date":"2018-11-01T19:25:29","date_gmt":"2018-11-01T19:25:29","guid":{"rendered":"https:\/\/abconlinehold.wpengine.com\/?page_id=24911"},"modified":"2021-08-09T12:19:55","modified_gmt":"2021-08-09T17:19:55","slug":"exposicion-peligrosa-a-las-toxinas","status":"publish","type":"page","link":"https:\/\/mcdonaldworley.com\/es\/juicio-civil\/exposicion-peligrosa-a-las-toxinas\/","title":{"rendered":"Exposici\u00f3n Peligrosa a las Toxinas"},"content":{"rendered":"<p><b>\u00bfSufri\u00f3 usted o un ser querido una lesi\u00f3n causada por la exposici\u00f3n a una toxina peligrosa?<\/b><\/p>\n<p>Los da\u00f1os por sustancias t\u00f3xicas son mejor descritos como lesiones personales o da\u00f1os de propiedad causadas por la exposici\u00f3n qu\u00edmica, la contaminaci\u00f3n o por la exposici\u00f3n a toxinas. Si usted se enferm\u00f3 despu\u00e9s de estar expuesto a sustancias peligrosas, cu\u00e9ntele a nuestros abogados de exposici\u00f3n de toxinas exactamente lo que le sucedi\u00f3 para conocer cu\u00e1les son sus opciones legales.<\/p>\n<p>Los ejemplos de una exposici\u00f3n t\u00f3xica que requiere un abogado industrial de las lesiones personales incluyen:<\/p>\n<ul>\n<li>Descarrilamiento del tren donde se derraman los qu\u00edmicos t\u00f3xicos y los humos t\u00f3xicos se extienden sobre el vecindario circundante, causando problemas respiratorios.<\/li>\n<li>Manejos plaguicidas de manera continua durante muchos a\u00f1os en los que la toxicidad de los productos qu\u00edmicos se desconoc\u00eda previamente.<\/li>\n<li>Respirar aire altamente contaminado durante largos periodos de tiempo, lo cual conduce a problemas respiratorios.<\/li>\n<li>Contaminaci\u00f3n del agua subterr\u00e1nea o de la tierra causada por vertidos y desechos qu\u00edmicos.<\/li>\n<\/ul>\n<p>Debido al crecimiento de la industria y a un aumento en el uso de productos qu\u00edmicos, el n\u00famero de sustancias peligrosas o t\u00f3xicas en nuestro medio ambiente ha crecido considerablemente.<\/p>\n<p>McDonald Worley est\u00e1 comprometido a proteger la salud y el bienestar de aquellos que han estado expuestos a sustancias t\u00f3xicas encontradas en sus casas o lugares de trabajo, en aguas subterr\u00e1neas o en su entorno local. Hemos representado a varios clientes en sus demandas por exposici\u00f3n t\u00f3xica.<\/p>\n<p><b>EFECTOS SECUNDARIOS DE LA EXPOSICI\u00d3N T\u00d3XICA <\/b><\/p>\n<p>Muchos de los efectos de la exposici\u00f3n t\u00f3xica son permanentes, y a menudo las v\u00edctimas no son conscientes de que los problemas m\u00e9dicos que tienen est\u00e1n directamente relacionados con algo peligroso en su entorno. Es posible que usted no se enferme hasta mucho despu\u00e9s del incidente, o usted puede desarrollar problemas de salud sin sospechar la conexi\u00f3n.<\/p>\n<p>Nuestro bufete de abogados tiene mucha experiencia con las demandas por exposiciones t\u00f3xicas, podemos ayudarle a averiguar como sucedi\u00f3 su lesi\u00f3n o enfermedad y juntos encontraremos al responsable por las lesiones que usted haya sufrido.<\/p>\n<p><b>LITIGIOS POR EXPOSICI\u00d3N T\u00d3XICA<\/b><\/p>\n<p>Un demandante que demuestra que fue expuesto a una sustancia t\u00f3xica debido a la negligencia de otra persona o compa\u00f1\u00eda tiene, el derecho a conseguir compensaci\u00f3n por todas las consecuencias relacionadas con el evento, incluyendo:<\/p>\n<ul>\n<li>Disminuci\u00f3n de la sustancia t\u00f3xica<\/li>\n<li>El costo de la atenci\u00f3n m\u00e9dica pasada y futura<\/li>\n<li>El costo de la rehabilitaci\u00f3n necesaria<\/li>\n<li>P\u00e9rdida de salarios pasados y futuros<\/li>\n<li>P\u00e9rdida de capacidad de ganancia y beneficios complementarios relativos<\/li>\n<li>Da\u00f1os morales asociados con la exposici\u00f3n<\/li>\n<\/ul>\n<p>McDonald Worley consulta con expertos en los campos de la medicina, la higiene industrial, la epidemiolog\u00eda, el medio ambiente, la rehabilitaci\u00f3n, la econom\u00eda y la psicolog\u00eda para ayudar a determinar la causa y el efecto a largo plazo de las lesiones de las toxinas.<\/p>\n<p>Nuestros abogados de exposici\u00f3n industrial ser\u00e1n capaces de establecer claramente sus opciones legales y luchar por la m\u00e1xima compensaci\u00f3n proporcionada por la ley para ayudarle a reconstruir su vida. Nuestro equipo legal ayudar\u00e1 a construir su caso y asegurar que los problemas complejos se proporcionen de manera simple al tribunal para su futuro.<\/p>\n<p>Algunas de las sustancias t\u00f3xicas y las lesiones relacionadas con tales incluyen:<\/p>\n<ul>\n<li>Exposici\u00f3n a los Asbestos<\/li>\n<li>Pintura a base de plomo<\/li>\n<li>Moho<\/li>\n<li>M\u00faltiples sensibilidades qu\u00edmicas<\/li>\n<li>Exposici\u00f3n con el guante de l\u00e1tex<\/li>\n<li>Contaminaci\u00f3n del agua subterr\u00e1nea<\/li>\n<li>Benceno<\/li>\n<\/ul>\n<p>Las demandas de los da\u00f1os por sustancias t\u00f3xicas se presentan contra una variedad de compa\u00f1\u00edas industriales, incluyendo una compa\u00f1\u00eda que contamin\u00f3 las aguas subterr\u00e1neas vertiendo los productos qu\u00edmicos en su fuente, fabricantes o usuarios del asbesto, un propietario que no pudo asegurar correctamente que su propiedad estaba libre de moho, de plomo de la pintura o el fabricante de un medicamento peligroso.<\/p>\n<p><b>OBT\u00c9N LA AYUDA DE ABOGADOS VETERANOS EN AGRAVIOS T\u00d3XICOS<\/b><\/p>\n<p>En caso de que usted haya sido lesionado debido a la exposici\u00f3n a qu\u00edmicos t\u00f3xicos, usted debe compartir lo que sucedi\u00f3 con nuestros abogados de agravio t\u00f3xico ahora para averiguar si usted califica para presentar una demanda por la exposici\u00f3n. El estatuto de limitaciones para presentar tales demandas es normalmente de dos a tres a\u00f1os, as\u00ed que no se demore.<\/p>\n<p>Sin embargo, si usted estuvo expuesto a una sustancia t\u00f3xica en la cual la lesi\u00f3n no aparece inmediatamente, varios estados tienen una \u00abregla de descubrimiento\u00bb. Esto significa que el per\u00edodo de limitaci\u00f3n no comienza hasta despu\u00e9s de que se descubre la lesi\u00f3n.<\/p>\n<p>Nosotros revisaremos su caso, usted no est\u00e1 bajo ninguna obligaci\u00f3n y es absolutamente gratuita. Si usted elige ejercer sus opciones legales, no le cobraremos ning\u00fan pago adelantado. Nuestro bufete de abogados trabaja sobre una base de contingencia. Si no ganamos su caso, usted no paga nada.<\/p>\n","protected":false},"excerpt":{"rendered":"<p>\u00bfSufri\u00f3 usted o un ser querido una lesi\u00f3n causada por la exposici\u00f3n a una toxina peligrosa? Los da\u00f1os por sustancias t\u00f3xicas son mejor descritos como lesiones personales o da\u00f1os de propiedad causadas por la exposici\u00f3n qu\u00edmica, la contaminaci\u00f3n o por la exposici\u00f3n a toxinas. Si usted se enferm\u00f3 despu\u00e9s de estar expuesto a sustancias peligrosas, [&hellip;]<\/p>\n","protected":false},"author":65,"featured_media":0,"parent":24871,"menu_order":0,"comment_status":"closed","ping_status":"closed","template":"","meta":{"_acf_changed":false,"site-sidebar-layout":"default","site-content-layout":"","ast-site-content-layout":"default","site-content-style":"default","site-sidebar-style":"default","ast-global-header-display":"","ast-banner-title-visibility":"","ast-main-header-display":"","ast-hfb-above-header-display":"","ast-hfb-below-header-display":"","ast-hfb-mobile-header-display":"","site-post-title":"","ast-breadcrumbs-content":"","ast-featured-img":"","footer-sml-layout":"","ast-disable-related-posts":"","theme-transparent-header-meta":"","adv-header-id-meta":"","stick-header-meta":"","header-above-stick-meta":"","header-main-stick-meta":"","header-below-stick-meta":"","astra-migrate-meta-layouts":"default","ast-page-background-enabled":"default","ast-page-background-meta":{"desktop":{"background-color":"var(--ast-global-color-4)","background-image":"","background-repeat":"repeat","background-position":"center center","background-size":"auto","background-attachment":"scroll","background-type":"","background-media":"","overlay-type":"","overlay-color":"","overlay-opacity":"","overlay-gradient":""},"tablet":{"background-color":"","background-image":"","background-repeat":"repeat","background-position":"center center","background-size":"auto","background-attachment":"scroll","background-type":"","background-media":"","overlay-type":"","overlay-color":"","overlay-opacity":"","overlay-gradient":""},"mobile":{"background-color":"","background-image":"","background-repeat":"repeat","background-position":"center center","background-size":"auto","background-attachment":"scroll","background-type":"","background-media":"","overlay-type":"","overlay-color":"","overlay-opacity":"","overlay-gradient":""}},"ast-content-background-meta":{"desktop":{"background-color":"var(--ast-global-color-5)","background-image":"","background-repeat":"repeat","background-position":"center center","background-size":"auto","background-attachment":"scroll","background-type":"","background-media":"","overlay-type":"","overlay-color":"","overlay-opacity":"","overlay-gradient":""},"tablet":{"background-color":"var(--ast-global-color-5)","background-image":"","background-repeat":"repeat","background-position":"center center","background-size":"auto","background-attachment":"scroll","background-type":"","background-media":"","overlay-type":"","overlay-color":"","overlay-opacity":"","overlay-gradient":""},"mobile":{"background-color":"var(--ast-global-color-5)","background-image":"","background-repeat":"repeat","background-position":"center center","background-size":"auto","background-attachment":"scroll","background-type":"","background-media":"","overlay-type":"","overlay-color":"","overlay-opacity":"","overlay-gradient":""}},"footnotes":""},"class_list":["post-24911","page","type-page","status-publish","hentry"],"acf":[],"_links":{"self":[{"href":"https:\/\/mcdonaldworley.com\/es\/wp-json\/wp\/v2\/pages\/24911","targetHints":{"allow":["GET"]}}],"collection":[{"href":"https:\/\/mcdonaldworley.com\/es\/wp-json\/wp\/v2\/pages"}],"about":[{"href":"https:\/\/mcdonaldworley.com\/es\/wp-json\/wp\/v2\/types\/page"}],"author":[{"embeddable":true,"href":"https:\/\/mcdonaldworley.com\/es\/wp-json\/wp\/v2\/users\/65"}],"replies":[{"embeddable":true,"href":"https:\/\/mcdonaldworley.com\/es\/wp-json\/wp\/v2\/comments?post=24911"}],"version-history":[{"count":0,"href":"https:\/\/mcdonaldworley.com\/es\/wp-json\/wp\/v2\/pages\/24911\/revisions"}],"up":[{"embeddable":true,"href":"https:\/\/mcdonaldworley.com\/es\/wp-json\/wp\/v2\/pages\/24871"}],"wp:attachment":[{"href":"https:\/\/mcdonaldworley.com\/es\/wp-json\/wp\/v2\/media?parent=24911"}],"curies":[{"name":"wp","href":"https:\/\/api.w.org\/{rel}","templated":true}]}}