{"id":24907,"date":"2018-11-01T19:22:42","date_gmt":"2018-11-01T19:22:42","guid":{"rendered":"https:\/\/abconlinehold.wpengine.com\/?page_id=24907"},"modified":"2021-08-09T11:51:39","modified_gmt":"2021-08-09T16:51:39","slug":"defectos-de-construccion","status":"publish","type":"page","link":"https:\/\/mcdonaldworley.com\/es\/juicio-civil\/defectos-de-construccion\/","title":{"rendered":"Defectos de Construcci\u00f3n"},"content":{"rendered":"<p><b>\u00bfHa reducido el valor de su hogar un defecto de construcci\u00f3n?<\/b><\/p>\n<p>Los defectos de construcci\u00f3n provienen de una amplia gama de problemas, tales como la mala ejecuci\u00f3n, el uso de materiales de construcci\u00f3n mediocres y la negligencia durante la construcci\u00f3n. Los defectos de construcci\u00f3n pueden costar a los propietarios miles de d\u00f3lares a\u00f1os despu\u00e9s de que se construya su casa.<\/p>\n<p>Los defectos de la construcci\u00f3n pueden ser obvios, como ca\u00f1er\u00edas que revientan o el cableado el\u00e9ctrico defectuoso, pero tambi\u00e9n pueden manifestarse de maneras sutiles y permanecer ocultos por muchos a\u00f1os. Los tipos m\u00e1s comunes de defectos son:<\/p>\n<ul>\n<li>Moho<\/li>\n<li>Problemas de agua<\/li>\n<li>Sistemas el\u00e9ctricos<\/li>\n<li>Paisajismo y tierra<\/li>\n<li>Drenaje defectuoso<\/li>\n<li>Grietas en los cimientos, del piso, de la pared y de la azotea<\/li>\n<li>Putrefacci\u00f3n seca<\/li>\n<li>Fallo estructural<\/li>\n<li>Calefacci\u00f3n y electricidad<\/li>\n<\/ul>\n<p>Los <a href=\"https:\/\/mcdonaldworley.com\/es\/texas\/abogado-de-defectos-de-construccion\/\" target=\"_blank\" rel=\"noopener\">defectos de construcci\u00f3n<\/a> tambi\u00e9n pueden ser causados por una combinaci\u00f3n de factores. Un experto en defectos de la construcci\u00f3n puede investigar e identificar el defecto o los defectos que causaron el problema. El experto tambi\u00e9n le explicar\u00e1 c\u00f3mo solucionar el problema y cu\u00e1nto costar\u00e1.<\/p>\n<p>Un abogado profesional de defectos de construcci\u00f3n puede ayudarle a encontrar a un experto de buena reputaci\u00f3n y as\u00ed asegurar que las personas y\/o empresas responsables del defecto paguen su parte justa de las reparaciones y otros costos para el propietario.<\/p>\n<p><b>Si usted cree que es v\u00edctima de defectos de construcci\u00f3n, es posible que califique para presentar una demanda por defectos de construcci\u00f3n. Comun\u00edquese con los abogados de McDonald Worley para una revisi\u00f3n GRATUITA del caso.\u00a0<\/b><\/p>\n<p><b>DEMANDAS POR DEFECTOS DE CONSTRUCCI\u00d3N <\/b><\/p>\n<p>Hay muchas maneras en que los defectos de construcci\u00f3n pueden manifestarse, pero generalmente caen en una de las cuatro categor\u00edas:<\/p>\n<ul>\n<li>Deficiencias de dise\u00f1o<\/li>\n<li>Producto o insuficiencias de materiales<\/li>\n<li>Fallas en el proceso de construcci\u00f3n<\/li>\n<li>Problemas de operaci\u00f3n y mantenimiento<\/li>\n<\/ul>\n<p>El constructor o desarrollador de la casa es responsable de todas las condiciones defectuosas, incluso para el trabajo realizado por los subcontratistas. Adem\u00e1s, el arquitecto y otros profesionales del dise\u00f1o son responsables de su trabajo si el defecto de la construcci\u00f3n es causado por problemas con el dise\u00f1o del edificio.<\/p>\n<p>Los propietarios, incluyendo las asociaciones que pueden representar a aquellos que poseen condominios o una unidad en la vivienda del tracto, tienen el derecho a la restituci\u00f3n cuando los defectos de construcci\u00f3n causan problemas en sus hogares. Los propietarios deben ser conscientes de que, dependiendo de las leyes en su estado, puede existir un l\u00edmite de cu\u00e1nto tiempo tienen disponible para presentar una reclamaci\u00f3n despu\u00e9s de que descubren un defecto de construcci\u00f3n.<\/p>\n<p>Bajo algunas leyes estatales, los propietarios deben notificar al constructor o al desarrollador del defecto de construcci\u00f3n y darles la oportunidad de solucionar el problema. Adem\u00e1s, algunos constructores y desarrolladores tienen varios tipos de seguros profesionales que pueden ayudar a solucionar el problema.<\/p>\n<p>Algunas cuestiones pueden implicar un contrato o una garant\u00eda escrita o impl\u00edcita. Un abogado con experiencia puede asegurar que el aviso apropiado sea enviado a los responsables y tambi\u00e9n puede ayudarle a navegar el mundo complejo y confuso del seguro profesional, las garant\u00edas y de los contratos.<\/p>\n<p>Despu\u00e9s de litigar con \u00e9xito una demanda por defectos de construcci\u00f3n, los propietarios reciben el reembolso por el valor de la reparaci\u00f3n, los gastos \u00a0por los da\u00f1os causados, los gastos y rectificaci\u00f3n de cualquier da\u00f1o resultante de la falla de la casa para cumplir con los est\u00e1ndares de construcci\u00f3n, los gastos de la eliminaci\u00f3n y reemplazo de cualquier reparaci\u00f3n incorrecta por el constructor, los gastos de reubicaci\u00f3n y almacenamiento, los gastos de investigaci\u00f3n por cada violaci\u00f3n establecida y otros gastos.<\/p>\n<p>En el caso de que el defecto caus\u00f3 lesiones personales, el constructor o desarrollador ser\u00e1 hecho responsable. Adicionalmente, si se establece que el constructor o desarrollador fue imprudente o intencionalmente caus\u00f3 el defecto de construcci\u00f3n, el constructor o desarrollador probablemente pagar\u00e1 da\u00f1os punitivos al due\u00f1o de la casa. Cualquiera de los pagos honorarios del abogado u otros gastos del propietario tambi\u00e9n es pagado por el constructor o desarrollador siendo acusado.<\/p>\n<p><b>RESPONSABILIDADES DE LOS PROPIERTARIOS DURANTE UNA DEMANDA POR DEFECTOS DE CONSTRUCCI\u00d3N <\/b><\/p>\n<p>Los contratistas generales, desarrolladores, constructores y\/o arquitectos pueden ser responsables del defecto de construcci\u00f3n que est\u00e1 causando da\u00f1o a su casa, pero los propietarios deben proteger su propiedad de da\u00f1os adicionales. Esos gastos se recuperar\u00e1n durante la demanda por defectos de construcci\u00f3n.<\/p>\n<p>Los propietarios deben mantener registros meticulosos de cualquier gasto incurrido para reparar alg\u00fan da\u00f1o, as\u00ed como documentaci\u00f3n de cualquier contacto con el constructor o desarrollador, e informes de inspectores y expertos en construcci\u00f3n.<\/p>\n<p>Incluso si el constructor o desarrollador responsable del defecto de la construcci\u00f3n ha salido del negocio o se declar\u00f3 en bancarrota, a\u00fan puede ser responsable por los da\u00f1os causados por dicho defecto. Los constructores y desarrolladores est\u00e1n cubiertos por el seguro de responsabilidad civil y la recuperaci\u00f3n de los defectos de construcci\u00f3n se pagar\u00e1 por el producto de las p\u00f3lizas de seguro. En estas situaciones, es importante evaluar cuidadosamente la cobertura de seguro y la naturaleza del procedimiento de bancarrota.<\/p>\n<p>Los propietarios pueden vender y a menudo pueden refinanciar su casa durante una demanda por defectos de construcci\u00f3n, pero tales propietarios est\u00e1n obligados a revelar cualquier litigio pendiente al comprador. Algunos estados no permiten a los propietarios de viviendas refinanciar durante una demanda por defectos de construcci\u00f3n. Por esta raz\u00f3n es tan importante consultar con un abogado antes de hacerlo.<\/p>\n<p><b>\u00bfC\u00d3MO PUEDO PRESENTAR UNA DEMANDA POR DEFECTOS DE CONSTRUCCI\u00d3N? <\/b><\/p>\n<p>Si su casa ha sido da\u00f1ada por un defecto de construcci\u00f3n, el primer paso es consultar a un abogado con experiencia. Usted le explicar\u00e1 su situaci\u00f3n y descubrir\u00e1 c\u00f3mo un abogado puede ayudar a protegerle de los gastos y de la frustraci\u00f3n que los defectos de la construcci\u00f3n causen en su hogar.<\/p>\n<p>Las consultas iniciales en la oficina de derecho de McDonald Worley son siempre gratuitas y confidenciales. Para prepararse para una consulta inicial con un abogado, traiga toda la documentaci\u00f3n que pueda sobre su hogar y los da\u00f1os causados por el defecto de construcci\u00f3n, incluyendo los gastos de reparaciones relacionadas, fotograf\u00edas e informes de inspecci\u00f3n.<\/p>\n<p><b>OBTENGA UNA EVALUACI\u00d3N GRATUITA DE SU CASO <\/b><\/p>\n<p>Los abogados de McDonald Worley est\u00e1n listos para ayudarle con su demanda por defectos de construcci\u00f3n. Representamos a los propietarios de una variedad de estados.<\/p>\n<p>Si su casa se ha visto afectada por un defecto de construcci\u00f3n, los abogados de McDonald Worley le pueden ayudar a determinar los pasos que usted puede tomar para proteger sus derechos legales y obtener la cantidad m\u00e1xima de compensaci\u00f3n que usted tiene derecho a recibir.<\/p>\n","protected":false},"excerpt":{"rendered":"<p>\u00bfHa reducido el valor de su hogar un defecto de construcci\u00f3n? Los defectos de construcci\u00f3n provienen de una amplia gama de problemas, tales como la mala ejecuci\u00f3n, el uso de materiales de construcci\u00f3n mediocres y la negligencia durante la construcci\u00f3n. Los defectos de construcci\u00f3n pueden costar a los propietarios miles de d\u00f3lares a\u00f1os despu\u00e9s de [&hellip;]<\/p>\n","protected":false},"author":65,"featured_media":0,"parent":24871,"menu_order":0,"comment_status":"closed","ping_status":"closed","template":"","meta":{"_acf_changed":false,"site-sidebar-layout":"default","site-content-layout":"","ast-site-content-layout":"default","site-content-style":"default","site-sidebar-style":"default","ast-global-header-display":"","ast-banner-title-visibility":"","ast-main-header-display":"","ast-hfb-above-header-display":"","ast-hfb-below-header-display":"","ast-hfb-mobile-header-display":"","site-post-title":"","ast-breadcrumbs-content":"","ast-featured-img":"","footer-sml-layout":"","ast-disable-related-posts":"","theme-transparent-header-meta":"","adv-header-id-meta":"","stick-header-meta":"","header-above-stick-meta":"","header-main-stick-meta":"","header-below-stick-meta":"","astra-migrate-meta-layouts":"default","ast-page-background-enabled":"default","ast-page-background-meta":{"desktop":{"background-color":"var(--ast-global-color-4)","background-image":"","background-repeat":"repeat","background-position":"center center","background-size":"auto","background-attachment":"scroll","background-type":"","background-media":"","overlay-type":"","overlay-color":"","overlay-opacity":"","overlay-gradient":""},"tablet":{"background-color":"","background-image":"","background-repeat":"repeat","background-position":"center center","background-size":"auto","background-attachment":"scroll","background-type":"","background-media":"","overlay-type":"","overlay-color":"","overlay-opacity":"","overlay-gradient":""},"mobile":{"background-color":"","background-image":"","background-repeat":"repeat","background-position":"center center","background-size":"auto","background-attachment":"scroll","background-type":"","background-media":"","overlay-type":"","overlay-color":"","overlay-opacity":"","overlay-gradient":""}},"ast-content-background-meta":{"desktop":{"background-color":"var(--ast-global-color-5)","background-image":"","background-repeat":"repeat","background-position":"center center","background-size":"auto","background-attachment":"scroll","background-type":"","background-media":"","overlay-type":"","overlay-color":"","overlay-opacity":"","overlay-gradient":""},"tablet":{"background-color":"var(--ast-global-color-5)","background-image":"","background-repeat":"repeat","background-position":"center center","background-size":"auto","background-attachment":"scroll","background-type":"","background-media":"","overlay-type":"","overlay-color":"","overlay-opacity":"","overlay-gradient":""},"mobile":{"background-color":"var(--ast-global-color-5)","background-image":"","background-repeat":"repeat","background-position":"center center","background-size":"auto","background-attachment":"scroll","background-type":"","background-media":"","overlay-type":"","overlay-color":"","overlay-opacity":"","overlay-gradient":""}},"footnotes":""},"class_list":["post-24907","page","type-page","status-publish","hentry"],"acf":[],"_links":{"self":[{"href":"https:\/\/mcdonaldworley.com\/es\/wp-json\/wp\/v2\/pages\/24907","targetHints":{"allow":["GET"]}}],"collection":[{"href":"https:\/\/mcdonaldworley.com\/es\/wp-json\/wp\/v2\/pages"}],"about":[{"href":"https:\/\/mcdonaldworley.com\/es\/wp-json\/wp\/v2\/types\/page"}],"author":[{"embeddable":true,"href":"https:\/\/mcdonaldworley.com\/es\/wp-json\/wp\/v2\/users\/65"}],"replies":[{"embeddable":true,"href":"https:\/\/mcdonaldworley.com\/es\/wp-json\/wp\/v2\/comments?post=24907"}],"version-history":[{"count":0,"href":"https:\/\/mcdonaldworley.com\/es\/wp-json\/wp\/v2\/pages\/24907\/revisions"}],"up":[{"embeddable":true,"href":"https:\/\/mcdonaldworley.com\/es\/wp-json\/wp\/v2\/pages\/24871"}],"wp:attachment":[{"href":"https:\/\/mcdonaldworley.com\/es\/wp-json\/wp\/v2\/media?parent=24907"}],"curies":[{"name":"wp","href":"https:\/\/api.w.org\/{rel}","templated":true}]}}