{"id":24905,"date":"2018-11-01T19:21:07","date_gmt":"2018-11-01T19:21:07","guid":{"rendered":"https:\/\/abconlinehold.wpengine.com\/?page_id=24905"},"modified":"2021-08-09T11:54:02","modified_gmt":"2021-08-09T16:54:02","slug":"demandas-colectivas","status":"publish","type":"page","link":"https:\/\/mcdonaldworley.com\/es\/juicio-civil\/demandas-colectivas\/","title":{"rendered":"Demandas Colectivas"},"content":{"rendered":"<p><b>\u00bfCALIFICA USTED PARA RECLAMAR DINERO POR UNA DEMANDA COLECTIVA?<\/b><\/p>\n<p>Las demandas colectivas les permiten conseguir compensaci\u00f3n a un grupo de personas que hayan sufrido lesiones iguales o similares por actos enga\u00f1osos o negligentes de una compa\u00f1\u00eda.\u00a0Adem\u00e1s de las demandas colectivas presentadas por productos defectuosos, tambi\u00e9n se presentan por fraude del consumidor, pr\u00e1cticas de empleo, mala conducta corporativa y otras violaciones.<\/p>\n<p>Si usted es una parte afectada de un litigio pendiente de una demanda colectiva y le gustar\u00eda unirse, comparta los detalles de lo que sucedi\u00f3 con nuestros abogados de demandas colectivas para ver si usted califica para presentar su reclamaci\u00f3n. Si usted ha sido lesionado, puede que usted tenga el derecho a una indemnizaci\u00f3n y puede que haya dinero esper\u00e1ndole.<\/p>\n<p>Un producto o servicio puede considerarse defectuoso por cualquiera de las siguientes razones:<\/p>\n<ul>\n<li><b>Negligencia<\/b><\/li>\n<li><b>Incumplimiento de Garant\u00edas Impl\u00edcitas o Expresas<\/b><\/li>\n<li><b>Responsabilidad Estricta<\/b><\/li>\n<li><b>Fraude al Consumidor<\/b><\/li>\n<\/ul>\n<p>Los productos defectuosos pueden arruinar las vidas. Pueden causar lesiones graves, incapacidad e incluso la muerte. Sin embargo, algunas acciones de clase pueden abordar el fraude y la p\u00e9rdida financiera del consumidor. Ayude a nuestros abogados a responsabilizar a las empresas que violen la confianza del consumidor.<\/p>\n<p>Si usted fue lesionado por un producto o por las pr\u00e1cticas enga\u00f1osas de una corporaci\u00f3n y cree que otros han sufrido un da\u00f1o similar, usted puede calificar para presentar una demanda colectiva.<\/p>\n<p><b>Comun\u00edquese con los abogados con experiencia en las Demandas Colectivas en McDonald Worley hoy, para una evaluaci\u00f3n de caso GRATUITA.<\/b><\/p>\n<p><b>TIPOS DE DEMANDAS COLECTIVAS<\/b><\/p>\n<p><b>DEMANDAS COLECTIVAS DE PRODUCTOS DE CONSUMIDOR<\/b><\/p>\n<p>Las demandas colectivas del consumidor son presentadas por una persona o por un grupo peque\u00f1o de gente en nombre de un grupo m\u00e1s grande de individuos que se han afectado negativamente por un producto de consumo.<\/p>\n<p>Los productos de consumo que han sido objeto de demandas colectivas incluyen:<\/p>\n<ul>\n<li>Veh\u00edculos\/piezas automotrices<\/li>\n<li>Productos de consumo electr\u00f3nicos<\/li>\n<li>Servicios de consumo financieros<\/li>\n<li>Alimentos, bebidas, y suplementos diet\u00e9ticos<\/li>\n<li>Productos y servicios dom\u00e9sticos<\/li>\n<li>Productos de venta al menudeo<\/li>\n<\/ul>\n<p>Las demandas colectivas del consumidor permiten que aquellas personas afectadas por productos defectuosos o por violaciones de leyes de protecci\u00f3n de consumidor busquen compensaci\u00f3n por las faltas alegadas.<\/p>\n<p>Existe una serie de demandas colectivas del consumidor a nivel nacional y si usted tambi\u00e9n ha sido afectado, es posible que usted tenga el derecho a conseguir compensaci\u00f3n si es que decide participar y dar un testimonio.<\/p>\n<p>P\u00f3ngase en contacto con nosotros hoy si usted ha sido perjudicado por un producto de consumo y le gustar\u00eda saber m\u00e1s acerca de si califica para reclamar una indemnizaci\u00f3n y a\u00f1adir su nombre a los participantes si es que decide hacerlo.<\/p>\n<p><b>DEMANDAS COLECTIVAS DE EMPLEO<\/b><\/p>\n<p>Las demandas colectivas de empleo se presentan contra las empresas por los trabajadores que alegan que sus derechos han sido violados. Estas demandas colectivas del salario y de los horarios incluyen una amplia gama de abusos, incluyendo:<\/p>\n<ul>\n<li>Horas extras no pagadas, infracciones salariales m\u00ednimas<\/li>\n<li>Trabajo por fuera de las horas de trabajo<\/li>\n<li>Clasificaci\u00f3n err\u00f3nea de los contratistas independientes<\/li>\n<li>Comidas y descansos perdidos<\/li>\n<li>Ponerse y quitarse el equipo de trabajo<\/li>\n<li>Juntando propinas<\/li>\n<li>Discriminaci\u00f3n por raza, edad o g\u00e9nero<\/li>\n<\/ul>\n<p><b>DESASTRES MEDIOAMBIENTALES<\/b><\/p>\n<p>Si un desastre ambiental es provocado por la negligencia de una compa\u00f1\u00eda que causa da\u00f1o generalizado a individuos y\/o su propiedad, es posible que califiquen para presentar una demanda de acci\u00f3n de tipo de desastre ambiental. El desastre medioambiental m\u00e1s famoso en los Estados Unidos en la \u00faltima d\u00e9cada es el derrame de petr\u00f3leo de BP que ocurri\u00f3 en el Golfo de M\u00e9xico en el 2012, lo que llev\u00f3 a un extenso da\u00f1o a la propiedad.<\/p>\n<p>Los desastres ambientales que podr\u00edan calificar para demandas colectivas incluyen:<\/p>\n<ul>\n<li>Derrames qu\u00edmicos<\/li>\n<li>Derrames de petr\u00f3leo<\/li>\n<li>Contaminaci\u00f3n del agua<\/li>\n<li>Contaminaci\u00f3n de la tierra<\/li>\n<\/ul>\n<p><b>ANTIMONOPOLIO<\/b><\/p>\n<p>Los consumidores que creen que pagaron m\u00e1s por un producto debido a una conspiraci\u00f3n entre empresas para mantener los precios artificialmente altos pueden calificar para presentar demandas colectivas de antimonopolio. Normalmente, tales pleitos alegan que un grupo de compa\u00f1\u00edas que hacen productos similares o proporcionan servicios similares conspiraron para vender sus productos en un precio fijo para prevenir la competici\u00f3n.<\/p>\n<p>Se han presentado demandas colectivas de antimonopolio contra compa\u00f1\u00edas lecheras, compa\u00f1\u00edas a\u00e9reas, fabricantes de lej\u00edas y fabricantes de piezas de computadoras, por nombrar algunos.<\/p>\n<p><b>PRIVACIDAD\/DERECHOS DEL CONSUMIDOR <\/b><\/p>\n<p>Las empresas tienen la obligaci\u00f3n de mantener su informaci\u00f3n personal segura. Solemos confiar a las empresas con nuestros n\u00fameros de seguro social, n\u00fameros de tarjeta de cr\u00e9dito, fechas de nacimiento y m\u00e1s. El Congreso ha aprobado leyes que detallan los l\u00edmites a las que las empresas deben ir para proteger la privacidad del consumidor.<\/p>\n<p>Ejemplos de violaciones de privacidad incluyen:<\/p>\n<ul>\n<li>Violaciones de la infracci\u00f3n de datos<\/li>\n<li>Violaciones de FACTA (Ley de Transacciones de Cr\u00e9dito Justas y Precisas)<\/li>\n<li>Violaci\u00f3n de TCPA (Ley de Protecci\u00f3n Telef\u00f3nica al Consumidor)<\/li>\n<li>Violaciones de FCRA (Ley de Informes de Cr\u00e9dito Justo)<\/li>\n<\/ul>\n<p><b>DISCRIMINACI\u00d3N POR INCAPACIDAD <\/b><\/p>\n<p>El Congreso aprob\u00f3 la Ley de Americanos con Discapacidades, (<i>ADA por sus siglas en ingl\u00e9s<\/i>) para asegurar que los estadounidenses que son desafiados con discapacidades puedan tener el mismo acceso al mercado que los estadounidenses no discapacitados.<\/p>\n<p>Las demandas colectivas de la ADA han alegado que las compa\u00f1\u00edas no han podido proporcionar sitios web y dispositivos del punto de venta que son accesibles a los que tienen discapacidad visual, que no han proporcionado las entradas y los cuartos de ba\u00f1o de la tienda que no son accesible para sillas de ruedas y las salas de cine no han proporcionado acceso para aquellos que tienen impedimentos auditivos.<\/p>\n<p><b>\u00bfC\u00d3MO PUEDO PRESENTAR UNA DEMANDA COLECTIVA? <\/b><\/p>\n<p>Los mejores abogados saben que su caso es m\u00e1s que un gran acuerdo. Si fuiste herido, defraudado o enga\u00f1ado, la justicia importa. La experiencia y la dedicaci\u00f3n pueden hacer toda la diferencia en su reclamaci\u00f3n, obtenga respuestas de algunos de los mejores abogados litigantes en la naci\u00f3n.<\/p>\n","protected":false},"excerpt":{"rendered":"<p>\u00bfCALIFICA USTED PARA RECLAMAR DINERO POR UNA DEMANDA COLECTIVA? Las demandas colectivas les permiten conseguir compensaci\u00f3n a un grupo de personas que hayan sufrido lesiones iguales o similares por actos enga\u00f1osos o negligentes de una compa\u00f1\u00eda.\u00a0Adem\u00e1s de las demandas colectivas presentadas por productos defectuosos, tambi\u00e9n se presentan por fraude del consumidor, pr\u00e1cticas de empleo, mala [&hellip;]<\/p>\n","protected":false},"author":65,"featured_media":0,"parent":24871,"menu_order":0,"comment_status":"closed","ping_status":"closed","template":"","meta":{"_acf_changed":false,"site-sidebar-layout":"default","site-content-layout":"","ast-site-content-layout":"default","site-content-style":"default","site-sidebar-style":"default","ast-global-header-display":"","ast-banner-title-visibility":"","ast-main-header-display":"","ast-hfb-above-header-display":"","ast-hfb-below-header-display":"","ast-hfb-mobile-header-display":"","site-post-title":"","ast-breadcrumbs-content":"","ast-featured-img":"","footer-sml-layout":"","ast-disable-related-posts":"","theme-transparent-header-meta":"","adv-header-id-meta":"","stick-header-meta":"","header-above-stick-meta":"","header-main-stick-meta":"","header-below-stick-meta":"","astra-migrate-meta-layouts":"default","ast-page-background-enabled":"default","ast-page-background-meta":{"desktop":{"background-color":"var(--ast-global-color-4)","background-image":"","background-repeat":"repeat","background-position":"center center","background-size":"auto","background-attachment":"scroll","background-type":"","background-media":"","overlay-type":"","overlay-color":"","overlay-opacity":"","overlay-gradient":""},"tablet":{"background-color":"","background-image":"","background-repeat":"repeat","background-position":"center center","background-size":"auto","background-attachment":"scroll","background-type":"","background-media":"","overlay-type":"","overlay-color":"","overlay-opacity":"","overlay-gradient":""},"mobile":{"background-color":"","background-image":"","background-repeat":"repeat","background-position":"center center","background-size":"auto","background-attachment":"scroll","background-type":"","background-media":"","overlay-type":"","overlay-color":"","overlay-opacity":"","overlay-gradient":""}},"ast-content-background-meta":{"desktop":{"background-color":"var(--ast-global-color-5)","background-image":"","background-repeat":"repeat","background-position":"center center","background-size":"auto","background-attachment":"scroll","background-type":"","background-media":"","overlay-type":"","overlay-color":"","overlay-opacity":"","overlay-gradient":""},"tablet":{"background-color":"var(--ast-global-color-5)","background-image":"","background-repeat":"repeat","background-position":"center center","background-size":"auto","background-attachment":"scroll","background-type":"","background-media":"","overlay-type":"","overlay-color":"","overlay-opacity":"","overlay-gradient":""},"mobile":{"background-color":"var(--ast-global-color-5)","background-image":"","background-repeat":"repeat","background-position":"center center","background-size":"auto","background-attachment":"scroll","background-type":"","background-media":"","overlay-type":"","overlay-color":"","overlay-opacity":"","overlay-gradient":""}},"footnotes":""},"class_list":["post-24905","page","type-page","status-publish","hentry"],"acf":[],"_links":{"self":[{"href":"https:\/\/mcdonaldworley.com\/es\/wp-json\/wp\/v2\/pages\/24905","targetHints":{"allow":["GET"]}}],"collection":[{"href":"https:\/\/mcdonaldworley.com\/es\/wp-json\/wp\/v2\/pages"}],"about":[{"href":"https:\/\/mcdonaldworley.com\/es\/wp-json\/wp\/v2\/types\/page"}],"author":[{"embeddable":true,"href":"https:\/\/mcdonaldworley.com\/es\/wp-json\/wp\/v2\/users\/65"}],"replies":[{"embeddable":true,"href":"https:\/\/mcdonaldworley.com\/es\/wp-json\/wp\/v2\/comments?post=24905"}],"version-history":[{"count":0,"href":"https:\/\/mcdonaldworley.com\/es\/wp-json\/wp\/v2\/pages\/24905\/revisions"}],"up":[{"embeddable":true,"href":"https:\/\/mcdonaldworley.com\/es\/wp-json\/wp\/v2\/pages\/24871"}],"wp:attachment":[{"href":"https:\/\/mcdonaldworley.com\/es\/wp-json\/wp\/v2\/media?parent=24905"}],"curies":[{"name":"wp","href":"https:\/\/api.w.org\/{rel}","templated":true}]}}