{"id":24902,"date":"2018-11-01T18:53:02","date_gmt":"2018-11-02T00:53:02","guid":{"rendered":"https:\/\/abconlinehold.wpengine.com\/?page_id=24902"},"modified":"2021-08-11T18:03:41","modified_gmt":"2021-08-11T23:03:41","slug":"lesiones-cerebrales","status":"publish","type":"page","link":"https:\/\/mcdonaldworley.com\/es\/houston\/lesiones-cerebrales\/","title":{"rendered":"Abogado de Lesiones Cerebrales en Houston"},"content":{"rendered":"<div class=\"wpb_video_widget wpb_content_element vc_clearfix vc_video-aspect-ratio-169 vc_video-el-width-100 vc_video-align-left\">\n<div class=\"wpb_wrapper\">\n<div class=\"wpb_video_wrapper\"><b>\u00bfSUFRIO USTED O UN SER QUERIDO UNA LESION CEREBRAL DEBIDO A LA NEGLIGENCIA DE OTRA PERSONA O ENTIDAD?<\/b><\/div>\n<div>\n<p><b>Comun\u00edquese con los abogados profesionales de lesiones cerebrales de McDonald Worley.&nbsp;Nosotros entendemos las lesiones cerebrales.<\/b><\/p>\n<p>La lesi\u00f3n cerebral traum\u00e1tica y los pleitos por da\u00f1o cerebral pueden ser extremadamente complejos cuando son presentados ante el sistema judicial. Por esa raz\u00f3n, su abogado necesita experiencia y conocimiento en el manejo de demandas de lesiones cerebrales traum\u00e1ticas.<\/p>\n<p>Cualquiera puede sufrir da\u00f1o cerebral. Cuando la cabeza es golpeada, el cerebro rebota en el interior del cr\u00e1neo potencialmente causando estragos en el tejido fr\u00e1gil. Una lesi\u00f3n cerebral grave (LCG) puede afectar seriamente la capacidad de la persona para razonar, puede afectarlos f\u00edsicamente y hasta puede afectarlos psicol\u00f3gicamente.<\/p>\n<p>Las <a href=\"https:\/\/mcdonaldworley.com\/defective-medical-products\/essure-injuries\/\" target=\"_blank\" rel=\"noopener\">lesiones cerebrales tambi\u00e9n pueden ser causadas por<\/a> conmociones cerebrales, contusiones, lesiones por penetraci\u00f3n y lesiones difusas del ax\u00f3n (agitaciones severas).<\/p>\n<p>Algunos de los efectos secundarios de las lesiones cerebrales incluyen:<\/p>\n<ul>\n<li><b>Deambulaci\u00f3n:<\/b>&nbsp;Ser incapaz de moverse por su cuenta<\/li>\n<li><b>Equilibrio:<\/b>&nbsp;Sentirse inestable en sus pies<\/li>\n<li><b>Coordinaci\u00f3n:<\/b>&nbsp;Una sensaci\u00f3n de ser \u00abtorpe\u00bb o no ser capaz de hacer varias cosas a la vez como en el pasado<\/li>\n<li><b>Habilidades Motrices Limitadas:<\/b>&nbsp;La costura puede llegar a ser complicada o incluso atar los lazos en sus zapatos puede ser dif\u00edcil.<\/li>\n<li><b>Fuerza:<\/b>&nbsp;Ya no es capaz de mover la silla vac\u00eda o levantar juegos de papel o libros<\/li>\n<li><b>Resistencia: <\/b>Varias personas descubren que no pueden caminar tan lejos o subir las escaleras como sol\u00edan hacerlo<\/li>\n<li><b>Memoria:<\/b>&nbsp;Recordando los eventos claramente o recordando los nombres de las personas que usted conoce puede convertirse en un problema<\/li>\n<li><b>Idioma:&nbsp;<\/b>Algunas personas experimentan problemas al hablar y formar palabras correctamente<\/li>\n<li><b>El Procesamiento de la Informaci\u00f3n:<\/b>&nbsp;Puede tomar m\u00e1s tiempo en entender conceptos o situaciones en las que se encuentre.<\/li>\n<li><b>Afrontamiento:<\/b>&nbsp;Dificultad para tratar y aceptar el tener una discapacidad<\/li>\n<\/ul>\n<p>Mientras que la LCG puede ser causada por muchas situaciones, la m\u00e1s com\u00fan ocurre cuando la cabeza golpea un objeto tal como una pared, el suelo u otro objeto duro. Otras causas de trauma pueden incluir la falta de ox\u00edgeno durante un per\u00edodo extendido (an\u00f3xica), envenenamiento e infecci\u00f3n.<\/p>\n<h4><b><i>EXPLORE SUS OPCIONES LEGALES \u2013 TIPOS DE LESIONES CEREBRALES TRAUMATICAS <\/i><\/b><\/h4>\n<p>Algunas lesiones en la cabeza se consideran \u00ablesiones cerebrales traum\u00e1ticas leves\u00bb LCTL). Las caracter\u00edsticas de LCTL incluyen uno o m\u00e1s de los siguientes s\u00edntomas:<\/p>\n<ul>\n<li>Breve p\u00e9rdida de consciencia<\/li>\n<li>P\u00e9rdida de la memoria inmediatamente, anterior o posterior a la lesi\u00f3n<\/li>\n<li>Cualquier alteraci\u00f3n en el estado mental de uno al momento del accidente<\/li>\n<li>Confusi\u00f3n o desorientaci\u00f3n<\/li>\n<li>Dolor de Cabeza<\/li>\n<li>Mareos<\/li>\n<li>Zumbido en los o\u00eddos<\/li>\n<li>Visi\u00f3n borrosa<\/li>\n<li>N\u00e1useas o v\u00f3mitos<\/li>\n<li>Sensibilidad a la luz o al sonido<\/li>\n<li>Problemas para dormir<\/li>\n<li>Fatiga<\/li>\n<li>P\u00e9rdida de equilibrio<\/li>\n<li>Depresi\u00f3n o ansiedad<\/li>\n<li>Altibajos emocionales<\/li>\n<\/ul>\n<p>Otros s\u00edntomas de una lesi\u00f3n cerebral pueden incluir pupilas dilatadas, dificultad para hablar, p\u00e9rdida de coordinaci\u00f3n, agitaci\u00f3n o hasta estar en coma.<\/p>\n<p>Las lesiones cerebrales a menudo pueden ir mal diagnosticadas, a veces los s\u00edntomas no se presentan de inmediato. Es crucial que alguien que haya sufrido una lesi\u00f3n cerebral solicite atenci\u00f3n m\u00e9dica inmediatamente.&nbsp;<b>P\u00f3ngase en contacto con nosotros de inmediato para averiguar sus opciones legales despu\u00e9s de su <a href=\"https:\/\/mcdonaldworley.com\/es\/houston\/abogado-de-lesiones-en-la-cabeza-de-houston\/\" target=\"_blank\" rel=\"noopener\">lesi\u00f3n en la cabeza.<\/a><\/b>.<\/p>\n<p><b>Aprenda m\u00e1s acerca de las <a href=\"https:\/\/mcdonaldworley.com\/es\/los-angeles\/abogado-de-lesiones-cerebrales\/\" target=\"_blank\" rel=\"noopener\">lesiones cerebrales de los<\/a> siguientes recursos:<\/b><\/p>\n<ul>\n<li>Instituto Nacional de Trastornos Neurol\u00f3gicos:&nbsp;Investigaciones Recientes<\/li>\n<li>Fundaci\u00f3n de la Trauma Cerebral:&nbsp;Estad\u00edsticas Recientes de LCG<\/li>\n<li>Asociaci\u00f3n de lesiones cerebrales de Am\u00e9rica:&nbsp;Datos LCG<\/li>\n<li>Biblioteca Nacional de la Medicina de los Estados Unidos; Institutos Nacionales de la Salud:<\/li>\n<li>\u00abLCG Significativamente subdiagnosticado\u00bb \u2013&nbsp;<a href=\"http:\/\/www.ncbi.nlm.nih.gov\/pubmed\/10874909\" target=\"_blank\" rel=\"nofollow noopener\">Informe NCBI<\/a><\/li>\n<\/ul>\n<h4><b><i>OBTEN LA AYUDA DE UN ABOGADO PROFESIONAL EN TRAUMAS CEREBRALES<\/i><\/b><\/h4>\n<p>En muchos casos de LCTL, el individuo puede parecer normal por fuera, pero a\u00fan pueden tener problemas funcionales persistentes. Los efectos secundarios a largo plazo pueden incluir el S\u00edndrome de Post-Conmoci\u00f3n Cerebral (Postconcussion Syndrome, o PCS), los cambios cognitivos y los cambios de personalidad.<\/p>\n<p>Si usted o un ser querido sufri\u00f3 lesiones como resultado de un accidente que podr\u00eda haber sido prevenido o resultante de la negligencia de otro, usted puede tener el derecho a una indemnizaci\u00f3n significativa por su sufrimiento.<\/p>\n<p>El camino a la recuperaci\u00f3n puede ser una lucha larga y dura, cobrando un gran precio en la v\u00edctima, as\u00ed como en la familia y en los amigos.&nbsp;Nuestros <a href=\"https:\/\/mcdonaldworley.com\/es\/pasadena\/abogado-lesiones-personales\/\" target=\"_blank\" rel=\"noopener\">abogados de lesiones<\/a> en la cabeza luchar\u00e1n en su nombre para obtener la justicia que usted merece, y la compensaci\u00f3n completa a la que usted puede tener derecho, d\u00e1ndole la libertad de concentrarse en su recuperaci\u00f3n..<\/p>\n<\/div>\n<\/div>\n<\/div>\n","protected":false},"excerpt":{"rendered":"<p>\u00bfSUFRIO USTED O UN SER QUERIDO UNA LESION CEREBRAL DEBIDO A LA NEGLIGENCIA DE OTRA PERSONA O ENTIDAD? Comun\u00edquese con los abogados profesionales de lesiones cerebrales de McDonald Worley.&nbsp;Nosotros entendemos las lesiones cerebrales. La lesi\u00f3n cerebral traum\u00e1tica y los pleitos por da\u00f1o cerebral pueden ser extremadamente complejos cuando son presentados ante el sistema judicial. Por [&hellip;]<\/p>\n","protected":false},"author":65,"featured_media":0,"parent":24889,"menu_order":0,"comment_status":"closed","ping_status":"closed","template":"","meta":{"_acf_changed":false,"site-sidebar-layout":"default","site-content-layout":"","ast-site-content-layout":"default","site-content-style":"default","site-sidebar-style":"default","ast-global-header-display":"","ast-banner-title-visibility":"","ast-main-header-display":"","ast-hfb-above-header-display":"","ast-hfb-below-header-display":"","ast-hfb-mobile-header-display":"","site-post-title":"","ast-breadcrumbs-content":"","ast-featured-img":"","footer-sml-layout":"","ast-disable-related-posts":"","theme-transparent-header-meta":"","adv-header-id-meta":"","stick-header-meta":"","header-above-stick-meta":"","header-main-stick-meta":"","header-below-stick-meta":"","astra-migrate-meta-layouts":"default","ast-page-background-enabled":"default","ast-page-background-meta":{"desktop":{"background-color":"var(--ast-global-color-4)","background-image":"","background-repeat":"repeat","background-position":"center center","background-size":"auto","background-attachment":"scroll","background-type":"","background-media":"","overlay-type":"","overlay-color":"","overlay-opacity":"","overlay-gradient":""},"tablet":{"background-color":"","background-image":"","background-repeat":"repeat","background-position":"center center","background-size":"auto","background-attachment":"scroll","background-type":"","background-media":"","overlay-type":"","overlay-color":"","overlay-opacity":"","overlay-gradient":""},"mobile":{"background-color":"","background-image":"","background-repeat":"repeat","background-position":"center center","background-size":"auto","background-attachment":"scroll","background-type":"","background-media":"","overlay-type":"","overlay-color":"","overlay-opacity":"","overlay-gradient":""}},"ast-content-background-meta":{"desktop":{"background-color":"var(--ast-global-color-5)","background-image":"","background-repeat":"repeat","background-position":"center center","background-size":"auto","background-attachment":"scroll","background-type":"","background-media":"","overlay-type":"","overlay-color":"","overlay-opacity":"","overlay-gradient":""},"tablet":{"background-color":"var(--ast-global-color-5)","background-image":"","background-repeat":"repeat","background-position":"center center","background-size":"auto","background-attachment":"scroll","background-type":"","background-media":"","overlay-type":"","overlay-color":"","overlay-opacity":"","overlay-gradient":""},"mobile":{"background-color":"var(--ast-global-color-5)","background-image":"","background-repeat":"repeat","background-position":"center center","background-size":"auto","background-attachment":"scroll","background-type":"","background-media":"","overlay-type":"","overlay-color":"","overlay-opacity":"","overlay-gradient":""}},"footnotes":""},"class_list":["post-24902","page","type-page","status-publish","hentry"],"acf":[],"_links":{"self":[{"href":"https:\/\/mcdonaldworley.com\/es\/wp-json\/wp\/v2\/pages\/24902","targetHints":{"allow":["GET"]}}],"collection":[{"href":"https:\/\/mcdonaldworley.com\/es\/wp-json\/wp\/v2\/pages"}],"about":[{"href":"https:\/\/mcdonaldworley.com\/es\/wp-json\/wp\/v2\/types\/page"}],"author":[{"embeddable":true,"href":"https:\/\/mcdonaldworley.com\/es\/wp-json\/wp\/v2\/users\/65"}],"replies":[{"embeddable":true,"href":"https:\/\/mcdonaldworley.com\/es\/wp-json\/wp\/v2\/comments?post=24902"}],"version-history":[{"count":0,"href":"https:\/\/mcdonaldworley.com\/es\/wp-json\/wp\/v2\/pages\/24902\/revisions"}],"up":[{"embeddable":true,"href":"https:\/\/mcdonaldworley.com\/es\/wp-json\/wp\/v2\/pages\/24889"}],"wp:attachment":[{"href":"https:\/\/mcdonaldworley.com\/es\/wp-json\/wp\/v2\/media?parent=24902"}],"curies":[{"name":"wp","href":"https:\/\/api.w.org\/{rel}","templated":true}]}}