{"id":24900,"date":"2018-11-01T18:48:29","date_gmt":"2018-11-01T18:48:29","guid":{"rendered":"https:\/\/abconlinehold.wpengine.com\/?page_id=24900"},"modified":"2021-08-09T12:49:38","modified_gmt":"2021-08-09T17:49:38","slug":"bancarrota","status":"publish","type":"page","link":"https:\/\/mcdonaldworley.com\/es\/ley-de-proteccion-al-consumidor\/bancarrota\/","title":{"rendered":"Bancarrota"},"content":{"rendered":"<p>Si usted est\u00e1 hasta el cuello con problemas financieros y no est\u00e1 seguro de que hacer, puede que su \u00fanica opci\u00f3n para el alivio sea la bancarrota del Cap\u00edtulo 7 o del Cap\u00edtulo 13.<\/p>\n<p>Los abogados de bancarrota pueden ayudarle a averiguar si usted es elegible para declararse en bancarrota y lo que necesita hacer para seguir adelante y protegerse. Dependiendo de sus circunstancias individuales, usted puede solicitar la protecci\u00f3n de la bancarrota bajo el Cap\u00edtulo 7 o el Cap\u00edtulo 13. Estos son los dos tipos de bancarrota para individuos.<\/p>\n<p>Ambos tipos de bancarrota le proporcionan el nuevo comienzo que usted necesita, pero tienen diferentes maneras de sobrellevar su deuda. Es importante estar listo por adelantado para as\u00ed poder tomar una decisi\u00f3n informada sobre qu\u00e9 tipo de bancarrota es apropiada para usted.<\/p>\n<p>Adem\u00e1s, el Cap\u00edtulo 7 de la bancarrota no est\u00e1 disponible para todos, es \u00fatil estar informado sobre los diversos beneficios asociados con la presentaci\u00f3n de la bancarrota.<\/p>\n<p><b>Si usted califica para declararse en bancarrota, llene uno de los formularios en esta p\u00e1gina para una evaluaci\u00f3n de caso GRATUITA.<\/b><\/p>\n<p><b>DEFINICI\u00d3N DE LA BANCARROTA DEL CAP\u00cdTULO 7<\/b><\/p>\n<p>La bancarrota del Cap\u00edtulo 7 permite a los solicitantes el eliminar la gran mayor\u00eda de sus deudas no garantizadas, incluyendo saldos de servicios p\u00fablicos, pr\u00e9stamos personales, gastos m\u00e9dicos y tarjetas de cr\u00e9dito. La bancarrota del Cap\u00edtulo 7 puede ser la mejor v\u00eda para que alguien pueda restablecer su cr\u00e9dito y as\u00ed minimizar su relaci\u00f3n de deuda e ingreso.<\/p>\n<p>En muchos de los casos que se involucra a la bancarrota del Cap\u00edtulo 7 presentada con la ayuda de un abogado de bancarrota experimentado, el solicitante puede ser elegible para mantener su coche, su casa y otras pertenencias personales.<\/p>\n<p>La bancarrota del Cap\u00edtulo 7 puede ayudarle con varios desaf\u00edos con los que puede estar lidiando debido a una situaci\u00f3n financiera abrumadora, tales como embargos salariales, deudas de reposesi\u00f3n, pleitos y acoso de acreedores. El Cap\u00edtulo 7 de la bancarrota es el tipo que com\u00fanmente es presentada en los Estados Unidos. Tambi\u00e9n puede ser referido como liquidaci\u00f3n o bancarrota recta.<\/p>\n<p>Antes de que se presente un caso, deber\u00e1 reunir todos sus registros financieros, incluidos los gastos de su tarjeta de cr\u00e9dito, los talonarios de pagos, los documentos de pr\u00e9stamos y las declaraciones de su cuenta bancaria. En la bancarrota del Cap\u00edtulo 7, el tribunal designar\u00e1 a un fiduciario para supervisar su caso, el trabajo de este es evaluar sus activos para venderlos y distribuir el dinero de los ingresos a los acreedores que presentan las reclamaciones apropiadas.\u00a0Sin embargo, usted es elegible para mantener alguna propiedad exenta en este proceso.<\/p>\n<p>Para presentar la bancarrota del Cap\u00edtulo 7, debe completar una prueba de medios. Esto aclara si usted tiene o no los medios para pagar una parte de sus deudas bajo el Cap\u00edtulo 13. Si usted falla la prueba de medios, s\u00f3lo ser\u00e1 elegible para conseguir la bancarrota del Cap\u00edtulo 7 bajo excepciones limitadas.<\/p>\n<p>Usted tendr\u00e1 que consultar con un abogado de bancarrota experimentado al principio de su caso para tener una mejor visi\u00f3n general de lo que est\u00e1 involucrado con el tribunal de bancarrota.<\/p>\n<p><b>DEFINICI\u00d3N DE LA BANCARROTA DEL CAP\u00cdTULO 13<\/b><\/p>\n<p>Aunque el Cap\u00edtulo 7 es una forma recta de la bancarrota, el Cap\u00edtulo 13 de la bancarrota puede ser una opci\u00f3n m\u00e1s apropiada dependiendo de su situaci\u00f3n individual.<\/p>\n<p>La bancarrota del Cap\u00edtulo 13 no incluye la liquidaci\u00f3n, lo cual significa que un deudor del Cap\u00edtulo 13 suele ser elegible para mantener la mayor\u00eda de sus bienes, independientemente de las exenciones. Esto es cierto siempre y cuando se presente un plan de pago que determine c\u00f3mo se va a pagar una parte de sus deudas en un plazo de tres a cinco a\u00f1os.<\/p>\n<p>Siempre y cuando el plan de reembolso del Cap\u00edtulo 13 siga la ley, el deudor es elegible para mantener la gran mayor\u00eda de sus propiedades. De principio a fin, la bancarrota del Cap\u00edtulo 13 puede durar hasta cinco a\u00f1os, dependiendo del plan de pago mensual que usted sugiera al tribunal para reembolsar una parte de sus deudas.<\/p>\n<p>El prop\u00f3sito del Cap\u00edtulo 13 es reorganizar las deudas con el tiempo. Es una herramienta valiosa para los deudores que est\u00e1n atrasados para ponerse al d\u00eda con sus pagos del coche o pagos de la casa. El plan incluye impuestos recientes sobre la renta, reclamaciones prioritarias, manutenci\u00f3n de los hijos y pensi\u00f3n alimenticia tambi\u00e9n.<\/p>\n<p><b>\u00bfDEBO DECLARARME EN BANCARROTA?<\/b><\/p>\n<p>Consultar con un abogado con experiencia es crucial para cualquier persona que est\u00e1 pensando en declararse en bancarrota y est\u00e1 cuestionando si deben proseguir con el Cap\u00edtulo 13 o el Cap\u00edtulo 7. No hay un momento ideal para declararse la bancarrota, pero si usted anticipa que va a tomar m\u00e1s de cinco a\u00f1os para que usted pague todas sus deudas, puede ser el momento de considerar esta declaraci\u00f3n.<\/p>\n<p>El prop\u00f3sito del c\u00f3digo de bancarrota en los Estados Unidos es para permitir que la gente tenga una segunda oportunidad y no castigar a alguien por el pasado.<\/p>\n<p>Si usted tiene una colecci\u00f3n de facturas m\u00e9dicas, deudas de tarjetas de cr\u00e9dito, deudas hipotecarias que le han destruido financieramente y usted no puede ver una manera de avanzar, es posible que tenga que consultar a un abogado de bancarrota con experiencia para averiguar la mejor recomendaci\u00f3n para usted.<\/p>\n<p><b>\u00bfQU\u00c9 DE LOS PAGOS HONORARIOS DEL ABOGADO?<\/b><\/p>\n<p>Es importante que usted sepa que los pagos honorarios del abogado para la bancarrota son diferentes dependiendo de cada caso individual. Los pagos honorarios del abogado se pueden integrar a un plan de reembolso del Cap\u00edtulo 13 sin inter\u00e9s adicional. Los pagos honorarios del abogado asociados a la bancarrota son normalmente una porci\u00f3n muy peque\u00f1a de la deuda total en cuesti\u00f3n.<\/p>\n","protected":false},"excerpt":{"rendered":"<p>Si usted est\u00e1 hasta el cuello con problemas financieros y no est\u00e1 seguro de que hacer, puede que su \u00fanica opci\u00f3n para el alivio sea la bancarrota del Cap\u00edtulo 7 o del Cap\u00edtulo 13. Los abogados de bancarrota pueden ayudarle a averiguar si usted es elegible para declararse en bancarrota y lo que necesita hacer [&hellip;]<\/p>\n","protected":false},"author":65,"featured_media":0,"parent":24873,"menu_order":0,"comment_status":"closed","ping_status":"closed","template":"","meta":{"_acf_changed":false,"site-sidebar-layout":"default","site-content-layout":"","ast-site-content-layout":"default","site-content-style":"default","site-sidebar-style":"default","ast-global-header-display":"","ast-banner-title-visibility":"","ast-main-header-display":"","ast-hfb-above-header-display":"","ast-hfb-below-header-display":"","ast-hfb-mobile-header-display":"","site-post-title":"","ast-breadcrumbs-content":"","ast-featured-img":"","footer-sml-layout":"","ast-disable-related-posts":"","theme-transparent-header-meta":"","adv-header-id-meta":"","stick-header-meta":"","header-above-stick-meta":"","header-main-stick-meta":"","header-below-stick-meta":"","astra-migrate-meta-layouts":"default","ast-page-background-enabled":"default","ast-page-background-meta":{"desktop":{"background-color":"var(--ast-global-color-4)","background-image":"","background-repeat":"repeat","background-position":"center center","background-size":"auto","background-attachment":"scroll","background-type":"","background-media":"","overlay-type":"","overlay-color":"","overlay-opacity":"","overlay-gradient":""},"tablet":{"background-color":"","background-image":"","background-repeat":"repeat","background-position":"center center","background-size":"auto","background-attachment":"scroll","background-type":"","background-media":"","overlay-type":"","overlay-color":"","overlay-opacity":"","overlay-gradient":""},"mobile":{"background-color":"","background-image":"","background-repeat":"repeat","background-position":"center center","background-size":"auto","background-attachment":"scroll","background-type":"","background-media":"","overlay-type":"","overlay-color":"","overlay-opacity":"","overlay-gradient":""}},"ast-content-background-meta":{"desktop":{"background-color":"var(--ast-global-color-5)","background-image":"","background-repeat":"repeat","background-position":"center center","background-size":"auto","background-attachment":"scroll","background-type":"","background-media":"","overlay-type":"","overlay-color":"","overlay-opacity":"","overlay-gradient":""},"tablet":{"background-color":"var(--ast-global-color-5)","background-image":"","background-repeat":"repeat","background-position":"center center","background-size":"auto","background-attachment":"scroll","background-type":"","background-media":"","overlay-type":"","overlay-color":"","overlay-opacity":"","overlay-gradient":""},"mobile":{"background-color":"var(--ast-global-color-5)","background-image":"","background-repeat":"repeat","background-position":"center center","background-size":"auto","background-attachment":"scroll","background-type":"","background-media":"","overlay-type":"","overlay-color":"","overlay-opacity":"","overlay-gradient":""}},"footnotes":""},"class_list":["post-24900","page","type-page","status-publish","hentry"],"acf":[],"_links":{"self":[{"href":"https:\/\/mcdonaldworley.com\/es\/wp-json\/wp\/v2\/pages\/24900","targetHints":{"allow":["GET"]}}],"collection":[{"href":"https:\/\/mcdonaldworley.com\/es\/wp-json\/wp\/v2\/pages"}],"about":[{"href":"https:\/\/mcdonaldworley.com\/es\/wp-json\/wp\/v2\/types\/page"}],"author":[{"embeddable":true,"href":"https:\/\/mcdonaldworley.com\/es\/wp-json\/wp\/v2\/users\/65"}],"replies":[{"embeddable":true,"href":"https:\/\/mcdonaldworley.com\/es\/wp-json\/wp\/v2\/comments?post=24900"}],"version-history":[{"count":0,"href":"https:\/\/mcdonaldworley.com\/es\/wp-json\/wp\/v2\/pages\/24900\/revisions"}],"up":[{"embeddable":true,"href":"https:\/\/mcdonaldworley.com\/es\/wp-json\/wp\/v2\/pages\/24873"}],"wp:attachment":[{"href":"https:\/\/mcdonaldworley.com\/es\/wp-json\/wp\/v2\/media?parent=24900"}],"curies":[{"name":"wp","href":"https:\/\/api.w.org\/{rel}","templated":true}]}}