{"id":24898,"date":"2018-11-01T18:46:58","date_gmt":"2018-11-01T18:46:58","guid":{"rendered":"https:\/\/abconlinehold.wpengine.com\/?page_id=24898"},"modified":"2021-08-09T16:13:57","modified_gmt":"2021-08-09T21:13:57","slug":"infeccion-articular-causada-por-bair-hugger","status":"publish","type":"page","link":"https:\/\/mcdonaldworley.com\/es\/productos-medicos-defectuosos\/infeccion-articular-causada-por-bair-hugger\/","title":{"rendered":"Infecci\u00f3n Articular Causada por Bair Hugger"},"content":{"rendered":"<p><b>Complicaciones del Sistema de Calentamiento de Bair Hugger: Se est\u00e1 progresando una investigaci\u00f3n acerca de las potenciales infecciones articulares profundas por causa de la manta de aire forzado de calor usada durante cirug\u00edas del reemplazo de la cadera y de la rodilla que causan infecciones articulares peligrosas.<\/b><\/p>\n<p>Si durante una artroplastia de cadera o una cirug\u00eda de rodilla se us\u00f3 una manta de aire forzado de 3M Bair Hugger y usted sufri\u00f3 una infecci\u00f3n despu\u00e9s de su procedimiento, es posible que usted tenga el derecho de conseguir compensaci\u00f3n \u2014 hable con nuestro abogado de acuerdos de demandas de Bair Hugger para explorar sus medidas legales.<\/p>\n<p>Usted puede tener una reclamaci\u00f3n legal contra el fabricante por no advertirle de la posibilidad de las complicaciones peligrosas. Se est\u00e1 investigando la manta de aire forzado para los riesgos de infecci\u00f3n articular peri prot\u00e9sica para los pacientes.<\/p>\n<p>Si usted ha sufrido una infecci\u00f3n articular profunda hasta un a\u00f1o despu\u00e9s de su cirug\u00eda, es posible que califique para presentar una demanda. Comparta lo que pas\u00f3 rellenando el formulario en esta p\u00e1gina para una revisi\u00f3n de caso confidencial ahora.<\/p>\n<p><b>Puede que usted tenga el derecho a conseguir gran compensaci\u00f3n por los da\u00f1os que su familia ha sufrido. <\/b><\/p>\n<p><b>DESCRIPCI\u00d3N: CALENTADOR DE AIRE FORZADO DE 3M BAIR HUGGER<\/b><\/p>\n<p>Se ha demostrado que mantener a los pacientes calientes durante la cirug\u00eda reduce el sangrado y mejora el tiempo de recuperaci\u00f3n. El Bair Hugger es una manta desechable que se conecta a un calentador port\u00e1til que sopla aire caliente en la piel del paciente, ayudando a los pacientes bajo anestesia a regular su temperatura corporal. Cuando el Bair Hugger fue introducido en el mercado en el 1988, tuvo un profundo impacto en las pr\u00e1cticas quir\u00fargicas.<\/p>\n<p>Sin embargo, el Bair Hugger puede representar el riesgo de complicaciones peligrosas para los pacientes que reciben reemplazos de cadera, reemplazos de rodilla u otros implantes articulares. Se alega en un n\u00famero creciente de pleitos de Bair Hugger que el aire forzado puede separar bacterias en el sitio quir\u00fargico, poniendo a pacientes en peligro para las infecciones articulares profundas.<\/p>\n<p>Los estudios de los calentadores de aire forzado, incluyendo el Bair Hugger, no han determinado concluyentemente que causan las infecciones del campo quir\u00fargico (\u00abICQ\u00bb), pero los estudios aumentan la preocupaci\u00f3n sobre sus riesgos potenciales.<\/p>\n<p>En un estudio hecho en el 2011, llamado \u201cLos sopladores de aire forzado: Una evaluaci\u00f3n de la adecuaci\u00f3n de la filtraci\u00f3n y las emisiones de contaminaci\u00f3n aerotransportada en la sala de operaciones\u00bb, publicado en la\u00a0<i>Revista Americana de Control de Infecciones (<\/i>AJIC como sus siglas en ingles), se encontr\u00f3 que el 58 % de los calentadores de aire forzado estudiados (incluido al Bair Hugger) produc\u00edan y emit\u00edan contaminantes a\u00e9reos. Aunque el estudio no determin\u00f3 si los contaminantes eran viables, se observ\u00f3 que los altos niveles de contaminaci\u00f3n no son necesarios para causar una infecci\u00f3n cuando se trata de un reemplazo de cadera o rodilla.<\/p>\n<p>Por otra parte, varios estudios demuestran que el aire forzado del Bair Hugger interrumpe significativamente el flujo ultra-limpio utilizado en quir\u00f3fanos. Estos estudios tambi\u00e9n demuestran que es probable que el Bair Hugger cause diferencias de temperatura que causan corrientes de convecci\u00f3n. Por lo tanto, esas corrientes podr\u00edan extraer aire de \u00e1reas no est\u00e9riles, tal como el suelo en el sitio quir\u00fargico.<\/p>\n<p>Al menos un estudio describi\u00f3 el aire de las \u00e1reas no est\u00e9riles como cargadas de pat\u00f3genos, lo que comprometi\u00f3 la esterilidad del sitio quir\u00fargico. Un estudio del 2011, \u00abEl calentamiento de aire forzado y la ventilaci\u00f3n ultra limpia no se mezclan\u00bb, publicado en\u00a0la <i>Revista de la Cirug\u00eda \u00d3sea y Articular<\/i>, propuso que la interrupci\u00f3n del aire ultra limpio del calentador de aire forzado junto con su creaci\u00f3n de corrientes de convecci\u00f3n de aire de \u00e1reas no est\u00e9riles son explicaciones posibles de lo que encontr\u00f3 como una asociaci\u00f3n significativa entre el uso de calentadores de aire forzado y el riesgo de ICQ.<\/p>\n<p>Por \u00faltimo, un estudio del 2012, \u00ab\u00bfLos dispositivos de calentamiento de los pacientes con aire forzado interrumpen el flujo unidireccional hacia abajo?\u00bb (<i>Journal of Bone &amp; Joint Surgery) <\/i>y dos estudios del 2013 \u2014 \u00abLas mantas de calentamiento de pacientes con aire forzado interrumpen el flujo unidireccional\u00bb (<i>Bone &amp; Joint Journal<\/i>) y \u00abCalentamiento del Paciente Usando el Exceso de Calor: Los Efectos en el Funcionamiento Ortop\u00e9dico de Ventilaci\u00f3n de Quir\u00f3fano\u00bb (<i>Anestesia y Analgesia<\/i>) \u2014 se encontr\u00f3 que el calentamiento de aire forzado aument\u00f3 significativamente el n\u00famero de part\u00edculas aerotransportadas sobre el sitio quir\u00fargico Los estudios no concluyeron que las part\u00edculas adicionales llevaban bacterias, pero encontraron que las part\u00edculas crecientes son una causa de preocupaci\u00f3n.<\/p>\n<p><b>FDA: LA EVIDENCIA SUBSTANCIAL LIGA EL DISPOSITIVO BAIR HUGGER A INFECCIONES QUIR\u00daRGICAS <\/b><\/p>\n<p>Si usted sufri\u00f3 una infecci\u00f3n articular postoperatoria y se us\u00f3 un sistema de calentamiento para pacientes durante su procedimiento, es posible que tenga opciones legales. Los abogados est\u00e1n investigando los posibles v\u00ednculos entre tal dispositivo y el aumento de los riesgos de infecci\u00f3n que se ven en los pacientes. Usted puede ver la advertencia de la FDA (Administraci\u00f3n de los Alimentos y Drogas) al fabricante sobre preocupaciones de la seguridad\u00a0aqu\u00ed.<\/p>\n<p>De acuerdo con una demanda reciente de Bair Hugger presentado contra el fabricante de dispositivos 3M, se encontr\u00f3 que, durante el procedimiento \u00abel dispositivo de calentamiento atrajo los g\u00e9rmenes y los sopl\u00f3 directamente en el reemplazo de cadera\u00bb.<\/p>\n<p>El dispositivo de calentamiento de aire forzado puede estar interrumpiendo los sistemas de ventilaci\u00f3n limpios utilizados en los procedimientos quir\u00fargicos para protegerse de infecciones tal como el estafilococo. Los pacientes pueden no haber sido advertidos adecuadamente de los riesgos de infecci\u00f3n de Bair Hugger antes de optar por el procedimiento. El calentamiento de aire forzado se est\u00e1 reconsiderando en uso durante los procedimientos de artroplastia articular para la cadera y la rodilla debido al posible riesgo de infecci\u00f3n.<\/p>\n<p><b>OBTENGA LA INFORMACI\u00d3N M\u00c1S RECIENTE SOBRE LOS PLEITOS DE BAIR HUGGER <\/b><\/p>\n<p>Es importante actuar r\u00e1pidamente cuando se presenta una demanda de 3M Bair Hugger, ya que las regulaciones limitan la cantidad de tiempo que las v\u00edctimas de complicaciones tienen para reportar una reclamaci\u00f3n y proteger sus derechos legales. Si usted sufri\u00f3 una infecci\u00f3n articular profunda dentro del primer a\u00f1o despu\u00e9s de su procedimiento quir\u00fargico, p\u00f3ngase en contacto con nosotros inmediatamente para que podamos discutir sus opciones legales.<\/p>\n<p>Comun\u00edquese con nuestros abogados de Bair Hugger para obtener la informaci\u00f3n m\u00e1s reciente sobre las demandas y para ver si usted tiene el derecho de conseguir compensaci\u00f3n y para ver como hacerlo.<\/p>\n<p>No tiene la obligaci\u00f3n de presentar una demanda. Simplemente se le pedir\u00e1 que comparta los detalles de su caso para que podamos discutir sus opciones. Si usted decide proceder, no hay costos; si no ganamos no pagas.<\/p>\n","protected":false},"excerpt":{"rendered":"<p>Complicaciones del Sistema de Calentamiento de Bair Hugger: Se est\u00e1 progresando una investigaci\u00f3n acerca de las potenciales infecciones articulares profundas por causa de la manta de aire forzado de calor usada durante cirug\u00edas del reemplazo de la cadera y de la rodilla que causan infecciones articulares peligrosas. Si durante una artroplastia de cadera o una [&hellip;]<\/p>\n","protected":false},"author":65,"featured_media":0,"parent":24884,"menu_order":0,"comment_status":"closed","ping_status":"closed","template":"","meta":{"_acf_changed":false,"site-sidebar-layout":"default","site-content-layout":"","ast-site-content-layout":"default","site-content-style":"default","site-sidebar-style":"default","ast-global-header-display":"","ast-banner-title-visibility":"","ast-main-header-display":"","ast-hfb-above-header-display":"","ast-hfb-below-header-display":"","ast-hfb-mobile-header-display":"","site-post-title":"","ast-breadcrumbs-content":"","ast-featured-img":"","footer-sml-layout":"","ast-disable-related-posts":"","theme-transparent-header-meta":"","adv-header-id-meta":"","stick-header-meta":"","header-above-stick-meta":"","header-main-stick-meta":"","header-below-stick-meta":"","astra-migrate-meta-layouts":"default","ast-page-background-enabled":"default","ast-page-background-meta":{"desktop":{"background-color":"var(--ast-global-color-4)","background-image":"","background-repeat":"repeat","background-position":"center center","background-size":"auto","background-attachment":"scroll","background-type":"","background-media":"","overlay-type":"","overlay-color":"","overlay-opacity":"","overlay-gradient":""},"tablet":{"background-color":"","background-image":"","background-repeat":"repeat","background-position":"center center","background-size":"auto","background-attachment":"scroll","background-type":"","background-media":"","overlay-type":"","overlay-color":"","overlay-opacity":"","overlay-gradient":""},"mobile":{"background-color":"","background-image":"","background-repeat":"repeat","background-position":"center center","background-size":"auto","background-attachment":"scroll","background-type":"","background-media":"","overlay-type":"","overlay-color":"","overlay-opacity":"","overlay-gradient":""}},"ast-content-background-meta":{"desktop":{"background-color":"var(--ast-global-color-5)","background-image":"","background-repeat":"repeat","background-position":"center center","background-size":"auto","background-attachment":"scroll","background-type":"","background-media":"","overlay-type":"","overlay-color":"","overlay-opacity":"","overlay-gradient":""},"tablet":{"background-color":"var(--ast-global-color-5)","background-image":"","background-repeat":"repeat","background-position":"center center","background-size":"auto","background-attachment":"scroll","background-type":"","background-media":"","overlay-type":"","overlay-color":"","overlay-opacity":"","overlay-gradient":""},"mobile":{"background-color":"var(--ast-global-color-5)","background-image":"","background-repeat":"repeat","background-position":"center center","background-size":"auto","background-attachment":"scroll","background-type":"","background-media":"","overlay-type":"","overlay-color":"","overlay-opacity":"","overlay-gradient":""}},"footnotes":""},"class_list":["post-24898","page","type-page","status-publish","hentry"],"acf":[],"_links":{"self":[{"href":"https:\/\/mcdonaldworley.com\/es\/wp-json\/wp\/v2\/pages\/24898","targetHints":{"allow":["GET"]}}],"collection":[{"href":"https:\/\/mcdonaldworley.com\/es\/wp-json\/wp\/v2\/pages"}],"about":[{"href":"https:\/\/mcdonaldworley.com\/es\/wp-json\/wp\/v2\/types\/page"}],"author":[{"embeddable":true,"href":"https:\/\/mcdonaldworley.com\/es\/wp-json\/wp\/v2\/users\/65"}],"replies":[{"embeddable":true,"href":"https:\/\/mcdonaldworley.com\/es\/wp-json\/wp\/v2\/comments?post=24898"}],"version-history":[{"count":0,"href":"https:\/\/mcdonaldworley.com\/es\/wp-json\/wp\/v2\/pages\/24898\/revisions"}],"up":[{"embeddable":true,"href":"https:\/\/mcdonaldworley.com\/es\/wp-json\/wp\/v2\/pages\/24884"}],"wp:attachment":[{"href":"https:\/\/mcdonaldworley.com\/es\/wp-json\/wp\/v2\/media?parent=24898"}],"curies":[{"name":"wp","href":"https:\/\/api.w.org\/{rel}","templated":true}]}}