{"id":24896,"date":"2018-11-01T18:44:57","date_gmt":"2018-11-01T18:44:57","guid":{"rendered":"https:\/\/abconlinehold.wpengine.com\/?page_id=24896"},"modified":"2021-06-30T16:39:13","modified_gmt":"2021-06-30T21:39:13","slug":"problemas-de-comportamiento-compulsivo-por-causa-de-abilify","status":"publish","type":"page","link":"https:\/\/mcdonaldworley.com\/es\/drogas-peligrosas\/problemas-de-comportamiento-compulsivo-por-causa-de-abilify\/","title":{"rendered":"Problemas de Comportamiento Compulsivo por Causa de Abilify"},"content":{"rendered":"<p><b>\u00bfSUFRI\u00d3 ENORMES P\u00c9RDIDAS FINANCIERAS POR EL JUEGO COMPULSIVO O POR LAS COMPRAS COMPULSIVAS DESPU\u00c9S DE TOMAR ABILIFY?<\/b><\/p>\n<p>Las compa\u00f1\u00edas detr\u00e1s de la droga antipsic\u00f3tica conocida como Abilify (aripiprazol) se enfrentan con medidas legales acerca de acusaciones reclamando que no lograron advertir a doctores y pacientes estadounidenses acerca de los riesgos potenciales que conlleva el uso de esta droga. Tales riesgos incluyen la hipersexualidad, el juego y las compras excesivas.<\/p>\n<p>Estos comportamientos compulsivos supuestamente causaron varios otros problemas para los pacientes, incluyendo grandes p\u00e9rdidas financieras, angustia emocional y m\u00e1s. En algunos casos, los demandantes afirman que los efectos secundarios de Abilify los hicieron sufrir da\u00f1os irreparables en su reputaci\u00f3n y en las relaciones con sus seres queridos.<\/p>\n<p>Si usted o un ser querido tom\u00f3 Abilify y exhibi\u00f3 comportamiento compulsivo, puede que usted tenga un reclamo legal.<\/p>\n<p><b>\u00bfPOR QU\u00c9 ABILIFY AUMENTA EL COMPORTAMIENTO COMPULSIVO?<\/b><\/p>\n<p>Abilify se utiliza generalmente para tratar a pacientes en los Estados Unidos con esquizofrenia, desorden bipolar, la depresi\u00f3n y los desordenes del espectro autista.<\/p>\n<p>Abilify es una droga agonista del receptor de la dopamina que act\u00faa sobre los receptores dopamin\u00e9rgicos del cerebro. La dopamina es un neurotransmisor que ayuda a controlar los centros de placer del cerebro, se ha identificado como una posible causa del juego patol\u00f3gico. La dopamina tambi\u00e9n es una causa potencial de otros comportamientos tales como las compras compulsivas y la actividad sexual excesiva.<\/p>\n<p>Un informe de la Administraci\u00f3n de Alimentos y Medicamentos (<i>FDA por sus siglas en ingles<\/i>) de los Estados Unidos mostr\u00f3 que, entre el 2005 y el 2013, Abilify represent\u00f3 m\u00e1s de 50 reportes de problemas de comportamiento compulsivo, incluyendo:<\/p>\n<ul>\n<li>30 reportes de juego compulsivo<\/li>\n<li>12 reportes de comportamiento impulsivo<\/li>\n<li>9 reportes de hipersexualidad causadas por Abilify<\/li>\n<li>3 reportes de compras compulsivas causadas por Abilify<\/li>\n<\/ul>\n<p>El sistema de reportes de eventos adversos de la FDA muestra que el n\u00famero de reportes de comportamiento compulsivo relacionadas a Abilify est\u00e1 aumentando. En el 2014, hubo 29 reportes del juego excesivo causado por Abilify. La droga puede desencadenar una necesidad de apostar constantemente, incluso en personas que no expresaron previamente inter\u00e9s en apostar. En algunos casos, el juego excesivo causado por Abilify ha resultado en varias personas apostando miles de d\u00f3lares.<\/p>\n<p>Seg\u00fan los informes, otras drogas antipsic\u00f3ticas no est\u00e1n asociados con un aumento significativo del juego compulsivo.<\/p>\n<p>La etiqueta de Abilify en los Estados Unidos no incluy\u00f3 una advertencia sobre el riesgo creciente del juego causado por Abilify hasta el 2016.<\/p>\n<p><b>DEMANDA DEL JUEGO POR CAUSA DE ABILIFY<\/b><\/p>\n<p>Bristol-Myers Squibb Company, Otsuka Pharmaceutical Co. Ltd. y Otsuka Am\u00e9rica Pharmaceutical Inc. se enfrentan a litigios de multidistrito presentados por los demandantes que afirman que Abilify les caus\u00f3 a participar en el juego compulsivo, lo cual caus\u00f3 que sufrieran da\u00f1os financieros, mentales y f\u00edsicos.<\/p>\n<p>Seg\u00fan el pleito del juego causado por Abilify, las etiquetas de la droga en Europa y Canad\u00e1 incluyen advertencias sobre el riesgo de \u00abjuego patol\u00f3gico\u00bb asociado a la medicaci\u00f3n. Sin embargo, las compa\u00f1\u00edas farmac\u00e9uticas no incluyeron tales advertencias en los Estados Unidos hasta enero del 2016, cuando seg\u00fan agregaron \u00abjuego patol\u00f3gico\u00bb a la secci\u00f3n de vigilancia post-comercializaci\u00f3n de la etiqueta en los Estados Unidos.<\/p>\n<p>Se alega que la demanda no hab\u00eda mencionado el juego por causa de Abilify u otro comportamiento compulsivo en la gu\u00eda del medicamento para el paciente, lo cual es la informaci\u00f3n que es m\u00e1s probable de ser le\u00edda por m\u00e9dicos y pacientes. Abilify fue introducida por primera vez en los Estados Unidos en el 2002.<\/p>\n<p>En mayo del 2016, la Administraci\u00f3n de Alimentos y Medicamentos de Estados Unidos anunci\u00f3 que las advertencias sobre comportamientos compulsivos Abilify tales como el juego excesivo, comer en exceso, compras excesivas y la hipersexualidad se a\u00f1adir\u00edan a la etiqueta estadounidense.<\/p>\n<p>La demanda de Abilify alega que, \u00abLos acusados se beneficiaron injustamente a expensas de la seguridad del paciente y la divulgaci\u00f3n completa a la comunidad m\u00e9dica al no incluir advertencias sobre el juego excesivo en la etiqueta de los Estados Unidos y por no advertir de cualquier manera al p\u00fablico y a la comunidad m\u00e9dica acerca de la Asociaci\u00f3n de Abilify con el juego excesivo, a pesar de las oportunidades y el deber de hacerlo.\u201d<\/p>\n<p>Los demandantes afirman que la incapacidad de advertir acerca del juego excesivo causado por Abilify en los Estados Unidos permiti\u00f3 a los acusados el obtener significativamente m\u00e1s ingresos de ventas de Abilify en los Estados Unidos en comparaci\u00f3n con los ingresos obtenidos en Europa.<\/p>\n<p>Debido a la mala representaci\u00f3n de los acusados acerca de Abilify, los demandantes alegan que han sufrido p\u00e9rdidas significativas, incluyendo:<\/p>\n<ul>\n<li><a href=\"https:\/\/mcdonaldworley.com\/es\/houston\">Lesiones personales<\/a><\/li>\n<li>Da\u00f1os morales<\/li>\n<li>Angustia mental<\/li>\n<li>P\u00e9rdida de capacidad para el disfrute de la vida<\/li>\n<li>P\u00e9rdidas econ\u00f3micas<\/li>\n<li>Gastos m\u00e9dicos<\/li>\n<\/ul>\n<p><b>COMUN\u00cdQUESE CON UN ABOGADO DEL JUEGO EXCESIVO CAUSADO POR ABILIFY<\/b><\/p>\n<p>Si usted o un ser querido tom\u00f3 Abilify y se involucr\u00f3 en el juego excesivo u otro comportamiento compulsivo, usted puede ser elegible para tomar acci\u00f3n legal contra los fabricantes de esta droga y as\u00ed buscar compensaci\u00f3n por sus lesiones.<\/p>\n\n\n<p><\/p>\n","protected":false},"excerpt":{"rendered":"<p>\u00bfSUFRI\u00d3 ENORMES P\u00c9RDIDAS FINANCIERAS POR EL JUEGO COMPULSIVO O POR LAS COMPRAS COMPULSIVAS DESPU\u00c9S DE TOMAR ABILIFY? Las compa\u00f1\u00edas detr\u00e1s de la droga antipsic\u00f3tica conocida como Abilify (aripiprazol) se enfrentan con medidas legales acerca de acusaciones reclamando que no lograron advertir a doctores y pacientes estadounidenses acerca de los riesgos potenciales que conlleva el uso [&hellip;]<\/p>\n","protected":false},"author":65,"featured_media":0,"parent":24875,"menu_order":0,"comment_status":"closed","ping_status":"closed","template":"","meta":{"_acf_changed":false,"site-sidebar-layout":"default","site-content-layout":"","ast-site-content-layout":"default","site-content-style":"default","site-sidebar-style":"default","ast-global-header-display":"","ast-banner-title-visibility":"","ast-main-header-display":"","ast-hfb-above-header-display":"","ast-hfb-below-header-display":"","ast-hfb-mobile-header-display":"","site-post-title":"","ast-breadcrumbs-content":"","ast-featured-img":"","footer-sml-layout":"","ast-disable-related-posts":"","theme-transparent-header-meta":"","adv-header-id-meta":"","stick-header-meta":"","header-above-stick-meta":"","header-main-stick-meta":"","header-below-stick-meta":"","astra-migrate-meta-layouts":"default","ast-page-background-enabled":"default","ast-page-background-meta":{"desktop":{"background-color":"var(--ast-global-color-4)","background-image":"","background-repeat":"repeat","background-position":"center center","background-size":"auto","background-attachment":"scroll","background-type":"","background-media":"","overlay-type":"","overlay-color":"","overlay-opacity":"","overlay-gradient":""},"tablet":{"background-color":"","background-image":"","background-repeat":"repeat","background-position":"center center","background-size":"auto","background-attachment":"scroll","background-type":"","background-media":"","overlay-type":"","overlay-color":"","overlay-opacity":"","overlay-gradient":""},"mobile":{"background-color":"","background-image":"","background-repeat":"repeat","background-position":"center center","background-size":"auto","background-attachment":"scroll","background-type":"","background-media":"","overlay-type":"","overlay-color":"","overlay-opacity":"","overlay-gradient":""}},"ast-content-background-meta":{"desktop":{"background-color":"var(--ast-global-color-5)","background-image":"","background-repeat":"repeat","background-position":"center center","background-size":"auto","background-attachment":"scroll","background-type":"","background-media":"","overlay-type":"","overlay-color":"","overlay-opacity":"","overlay-gradient":""},"tablet":{"background-color":"var(--ast-global-color-5)","background-image":"","background-repeat":"repeat","background-position":"center center","background-size":"auto","background-attachment":"scroll","background-type":"","background-media":"","overlay-type":"","overlay-color":"","overlay-opacity":"","overlay-gradient":""},"mobile":{"background-color":"var(--ast-global-color-5)","background-image":"","background-repeat":"repeat","background-position":"center center","background-size":"auto","background-attachment":"scroll","background-type":"","background-media":"","overlay-type":"","overlay-color":"","overlay-opacity":"","overlay-gradient":""}},"footnotes":""},"class_list":["post-24896","page","type-page","status-publish","hentry"],"acf":[],"_links":{"self":[{"href":"https:\/\/mcdonaldworley.com\/es\/wp-json\/wp\/v2\/pages\/24896","targetHints":{"allow":["GET"]}}],"collection":[{"href":"https:\/\/mcdonaldworley.com\/es\/wp-json\/wp\/v2\/pages"}],"about":[{"href":"https:\/\/mcdonaldworley.com\/es\/wp-json\/wp\/v2\/types\/page"}],"author":[{"embeddable":true,"href":"https:\/\/mcdonaldworley.com\/es\/wp-json\/wp\/v2\/users\/65"}],"replies":[{"embeddable":true,"href":"https:\/\/mcdonaldworley.com\/es\/wp-json\/wp\/v2\/comments?post=24896"}],"version-history":[{"count":0,"href":"https:\/\/mcdonaldworley.com\/es\/wp-json\/wp\/v2\/pages\/24896\/revisions"}],"up":[{"embeddable":true,"href":"https:\/\/mcdonaldworley.com\/es\/wp-json\/wp\/v2\/pages\/24875"}],"wp:attachment":[{"href":"https:\/\/mcdonaldworley.com\/es\/wp-json\/wp\/v2\/media?parent=24896"}],"curies":[{"name":"wp","href":"https:\/\/api.w.org\/{rel}","templated":true}]}}