{"id":24889,"date":"2018-11-01T18:36:34","date_gmt":"2018-11-01T18:36:34","guid":{"rendered":"https:\/\/abconlinehold.wpengine.com\/?page_id=24889"},"modified":"2021-08-17T06:56:05","modified_gmt":"2021-08-17T11:56:05","slug":"abogado-de-lesiones-personales-en-houston","status":"publish","type":"page","link":"https:\/\/mcdonaldworley.com\/es\/houston","title":{"rendered":"Abogado de Lesiones Personales en Houston"},"content":{"rendered":"<p><img loading=\"lazy\" decoding=\"async\" class=\"alignnone wp-image-27708 size-full\" src=\"https:\/\/mcdonaldworley.com\/wp-content\/uploads\/2019\/11\/abogado-don-2.jpg\" alt=\"abogado don\" width=\"805\" height=\"250\" title=\"\" srcset=\"https:\/\/mcdonaldworley.com\/wp-content\/uploads\/2019\/11\/abogado-don-2.jpg 805w, https:\/\/mcdonaldworley.com\/wp-content\/uploads\/2019\/11\/abogado-don-2-300x93.jpg 300w, https:\/\/mcdonaldworley.com\/wp-content\/uploads\/2019\/11\/abogado-don-2-768x239.jpg 768w\" sizes=\"auto, (max-width: 805px) 100vw, 805px\" \/><\/p>\n<p>Si usted se lesiona por culpa de otra persona, usted debe ser compensado. La ley de Texas permite una indemnizaci\u00f3n. Usted tendr\u00eda que presentar una demanda contra la persona responsable por sus lesiones. Usted puede demandar a m\u00e1s de una persona y puede ser necesario que usted demande a una compa\u00f1\u00eda. Sin embargo, todo depende de las circunstancias de su caso.&nbsp;En varias instancias, las lesiones son el resultado de un <a href=\"https:\/\/mcdonaldworley.com\/es\/boulder-city\/abogado-accidentes-automovilisticos\/\" target=\"_blank\" rel=\"noopener\">accidente automovil\u00edstico<\/a> o un resbal\u00f3n y una ca\u00edda.. Estos son dos de los casos m\u00e1s comunes de <a href=\"https:\/\/mcdonaldworley.com\/es\/sugarland\/abogado-de-lesiones-personales\/\" target=\"_blank\" rel=\"noopener\">lesiones personales.<\/a>. A veces, usted resulta herido como resultado de un crimen tal como un robo o asalto. Sin importar la raz\u00f3n, usted necesitar\u00e1 un <a href=\"https:\/\/mcdonaldworley.com\/es\/nellis-afb\/abogado-lesiones-personales\/\" target=\"_blank\" rel=\"noopener\">abogado de lesiones personales.<\/a>.<\/p>\n<p>Despu\u00e9s de un accidente, es probable que usted est\u00e9 asustado. Puede que est\u00e9s nervioso o ansioso. Si nunca ha estado involucrado en una demanda, probablemente no tienes ni idea de qu\u00e9 hacer. Comun\u00edquese con un <a href=\"https:\/\/mcdonaldworley.com\/es\/oxnard\/abogado-lesiones-personales\/\" target=\"_blank\" rel=\"noopener\">abogado de lesiones personales.<\/a>. Llame a nuestra oficina para una consulta gratuita. Estamos disponibles 24\/7 para responder a cualquier pregunta que pueda tener. No s\u00f3lo la consulta es gratuita, pero nuestros abogados no cobran nada hasta que usted gane su caso.<\/p>\n<p>Dependiendo de sus lesiones, usted tiene derecho a ciertos tipos de indemnizaci\u00f3n. Algunos de los tipos de da\u00f1os que puede estar buscando son:<\/p>\n<ul>\n<li>Gastos m\u00e9dicos<\/li>\n<li>Salarios perdidos<\/li>\n<li>Dolor f\u00edsico<\/li>\n<li>Angustia mental<\/li>\n<li>Discapacidad<\/li>\n<li>Desfiguraci\u00f3n<\/li>\n<\/ul>\n<h4>Por qu\u00e9 debo Elegir a un Abogado de Lesiones Personales de McDonald Worley en Houston?<\/h4>\n<ul>\n<li>McDonald Worley se enorgullece de nuestros valores tradicionales.<\/li>\n<li>Nuestro personal experto e informado est\u00e1 listo para revisar su caso.<\/li>\n<li>Nuestros abogados en McDonald Worley tienen mucha experiencia en la ley de lesiones personales.<\/li>\n<li>No pagas nada hasta que ganemos tu caso.<\/li>\n<\/ul>\n<p>McDonald Worley trabaja duro para conseguirle el dinero que se merece. Presentaremos las pruebas m\u00e1s s\u00f3lidas en apoyo de su reclamaci\u00f3n por los da\u00f1os y perjuicios. Trabajaremos con las compa\u00f1\u00edas de seguros y con los abogados de la otra parte para resolver su caso. Te tratamos como familia. Entendemos que este es un momento aterrador y dif\u00edcil para usted. Vamos a encargarnos del lado legal de las cosas para que usted pueda concentrarse en su recuperaci\u00f3n. Ll\u00e1manos hoy para que podamos repasar tu caso. La consulta es gratuita y no recibimos pago a menos que gane su caso.<\/p>\n<h2>Manejamos Una Variedad De Demandas De Accidentes De Lesiones Personales<\/h2>\n<p>Nuestro bufete de <a href=\"https:\/\/mcdonaldworley.com\/es\/sunrise-manor\/abogado-lesiones-personales\/\" target=\"_blank\" rel=\"noopener\">abogados maneja todo tipo de casos de lesiones personales.<\/a>. Representamos a los clientes por accidentes, resbalones y ca\u00eddas y hasta la negligencia. Sin importar la manera en la que se haya herido, trabajaremos sin descanso para conseguirle la indemnizaci\u00f3n a la que usted tiene derecho. Nosotros entendemos que cada caso es diferente.<\/p>\n<p>McDonald Worley revisar\u00e1 su caso y le dar\u00e1 una idea del valor de dicho caso. Si usted decide continuar a trabajar con nosotros, presentaremos las pruebas m\u00e1s s\u00f3lidas en apoyo de sus reclamos. Trabajaremos incansablemente para resolver su demanda para que usted no tenga que soportar las inconveniencias de un juicio. Manejamos una variedad de casos de lesiones personales, incluyendo:<\/p>\n<h4>Accidentes Automovil\u00edsticos<\/h4>\n<p>Los <a href=\"https:\/\/mcdonaldworley.com\/houston\/car-accident-lawyer\/\">accidentes automovil\u00edsticos<\/a> pasan todos los d\u00edas en los Estados Unidos. De hecho, se estima que m\u00e1s de 2 millones de personas al a\u00f1o se ven perjudicadas por <a href=\"https:\/\/mcdonaldworley.com\/es\/long-beach\/abogado-accidentes-automovilisticos\/\" target=\"_blank\" rel=\"noopener\">accidentes automovil\u00edsticos.<\/a>. A veces, los accidentes s\u00f3lo implican un coche. Sin embargo, normalmente hay dos o m\u00e1s coches involucrados. Su accidente pudo haber sido una colisi\u00f3n de retaguardia o una colisi\u00f3n frontal. Es posible que haya sufrido lesiones leves o lesiones muy graves. Algunas de las causas m\u00e1s comunes de los <a href=\"https:\/\/mcdonaldworley.com\/es\/san-bernardino\/abogado-accidentes-automovilisticos\/\" target=\"_blank\" rel=\"noopener\">accidentes automovil\u00edsticos<\/a> son:<\/p>\n<ul>\n<li>Conducir ebrio o conducir bajo el consumo de drogas<\/li>\n<li>Mensajes de texto y conducci\u00f3n<\/li>\n<li>Acelerar<\/li>\n<li>Quedarse dormido al volante<\/li>\n<\/ul>\n<h4>Accidentes de Camiones<\/h4>\n<p>Cerca de 480,000 veh\u00edculos comerciales \u2014 incluyendo semirremolques, camiones de caja, autobuses y m\u00e1s \u2014 estuvieron involucrados en <a href=\"https:\/\/mcdonaldworley.com\/houston\/car-accident-lawyer\/truck-accident-lawyer-in-houston\/\">accidentes de tr\u00e1fico<\/a> en un a\u00f1o. Esto es de acuerdo con la Financiaci\u00f3n de Demandas de Litigios de los Estados Unidos.<\/p>\n<p>Los tractores-remolques y otros veh\u00edculos comerciales son enormes. Pesan mucho m\u00e1s que un coche o VUD. Por lo tanto, causan mucho da\u00f1o. Pueden infligir lesiones sustanciales. Si le atropella un veh\u00edculo comercial, llame a McDonald Worley. Usted querr\u00e1 la mejor representaci\u00f3n para ir en contra de la compa\u00f1\u00eda de seguros y abogados corporativos.<\/p>\n<h4>Accidentes de Motocicletas<\/h4>\n<p>Texas es un estado popular para los motociclistas. Tiene <a href=\"http:\/\/www.motorcycleroads.com\/augments\/infographics\/2013-infographics\/motorcycling-popularity-us-states.html#sthash.QHoVKgmO.dpbs\" target=\"_blank\" rel=\"nofollow noopener\">el tercer n\u00famero mayor de motocicletas registradas<\/a>&nbsp;en todos los Estados Unidos. &nbsp;La gente se divierte mucho al montar las motocicletas. Pueden ser mucho m\u00e1s baratos que los coches. Una motocicleta tambi\u00e9n ofrece la libertad de la carretera. Sin embargo, tambi\u00e9n puede ser peligroso.<\/p>\n<p>No hay nada entre usted y estas situaciones peligrosas cuando se conduce una motocicleta. Lo \u00fanico que tienes para protegerte es un casco. &nbsp;Muchas cosas pueden causar accidentes en motocicletas. Estos incluyen conductores agresivos, conductores descuidados, motocicletas defectuosas y conductores que no respetan los derechos de los ciclistas. Muchas personas involucradas en <a href=\"https:\/\/mcdonaldworley.com\/houston\/car-accident-lawyer\/motorcycle-accident-injuries\/\">accidentes de motocicletas<\/a> reciben lesiones muy graves. Es crucial que usted busque tratamiento m\u00e9dico. Una vez que haya sido tratado y seguro, llame a su <a href=\"https:\/\/mcdonaldworley.com\/es\/irvine\/abogado-lesiones-personales\/\" target=\"_blank\" rel=\"noopener\">abogado de lesiones personales.<\/a>.<\/p>\n<h4>Accidentes de Bicicleta<\/h4>\n<p>En esta \u00e9poca \u00abecologista\u00bb, mucha gente est\u00e1 optando por andar en bicicleta para ir a trabajar. El problema es que usted est\u00e1 en riesgo en la carretera cuando monta una bicicleta. Usted est\u00e1 compartiendo el camino <a href=\"https:\/\/mcdonaldworley.com\/es\/conductor-de-valet-choca-con-auto-de-cliente\/\" target=\"_blank\" rel=\"noopener\">con los conductores<\/a> r\u00e1pidos y agresivos.. Muchas veces, las personas en los coches no ven o no ceden el paso a los ciclistas. Usted tiene que tener mucho cuidado al montar su bicicleta en las carreteras principales o calles concurridas. Si usted est\u00e1 involucrado en un accidente, usted puede sufrir lesiones significativas. Si un conductor de coche no sigue las reglas del tr\u00e1fico, ellos ser\u00e1n los culpables.<\/p>\n<h4>Accidentes Peatonales<\/h4>\n<p>Pensar\u00edas que estar\u00edas a salvo caminando por las calles de la ciudad. Sin embargo, los accidentes peatonales son m\u00e1s comunes de lo que usted piensa. Podr\u00edas ser golpeado mientras cruzabas la calle. Puede ocurrir que un coche o autob\u00fas salga de control y se suba a la acera. Usted podr\u00eda ser golpeado por una bicicleta o una motocicleta. Hay varias maneras posibles en la que usted podr\u00eda ser lastimado mientras va caminando. No hay nada que te proteja. Podr\u00edas estar seriamente herido. Aseg\u00farese de ponerse en contacto con un <a href=\"https:\/\/mcdonaldworley.com\/es\/san-bernardino\/abogado-lesiones-personales\/\" target=\"_blank\" rel=\"noopener\">abogado de lesiones personales<\/a> para ver si tiene una reclamaci\u00f3n contra otra persona.<\/p>\n<h4>Responsabilidad Civil<\/h4>\n<p>Algunos <a href=\"https:\/\/mcdonaldworley.com\/es\/texas\/mediacion-caso-de-lesiones-personales\/\" target=\"_blank\" rel=\"noopener\">casos de lesiones personales no tienen nada que<\/a> ver con los accidentes automovil\u00edsticos. Tienen que ver con los accidentes cotidianos. Podr\u00edas caer o ser golpeado por un instrumento. Podr\u00eda ser la v\u00edctima de un equipo defectuoso. Usted hasta puede ser mordido por un perro en la casa de un amigo o vecino.<\/p>\n<p>Los propietarios tienen el deber de mantener sus instalaciones seguras. Si no lo hacen, van a ser responsables de cualquier lesi\u00f3n que se produzca como resultado de su negligencia. Con suerte, tus heridas no ser\u00e1n tan malas como en un <a href=\"https:\/\/mcdonaldworley.com\/es\/glendale\/abogado-accidentes-automovilisticos\/\" target=\"_blank\" rel=\"noopener\">accidente automovil\u00edstico.<\/a>. Sin embargo, este no es siempre el caso. Algunos casos de responsabilidad civil son el resultado de:<\/p>\n<ul>\n<li>fallo del equipo<\/li>\n<li>ca\u00eddas sobre hielo o nieve<\/li>\n<li>escombros u hoyos en el pavimento<\/li>\n<li>mordeduras de perro<\/li>\n<li>cortes de se\u00f1ales de almac\u00e9n de fallas<\/li>\n<\/ul>\n<p>Si usted est\u00e1 involucrado en cualquier incidente tal como estos, es importante que llame a McDonald Worley para una consulta gratuita.<\/p>\n<h2>Otros Tipos De Demandas De Lesiones Personales<\/h2>\n<p>Abuso en el hogar de ancianos\u2013 El maltrato de los ancianos es cada vez m\u00e1s com\u00fan en estos d\u00edas. La gente vive m\u00e1s tiempo, lo cual significa que cada vez mas personas viven en asilos de ancianos, comunidades de jubilados, centros de cuidados a largo plazo e instalaciones para la vida asistida.<\/p>\n<p>Los ancianos y otros residentes se lastiman todo el tiempo. A veces es el resultado de la negligencia y otras veces es intencional. Los residentes incluso se lastiman entre ellos. Hay un n\u00famero creciente de demandas del abuso del anciano contra hogares de reposo. Hay agencias gubernamentales que dan casos como este a bufetes de abogados para representar a la parte lesionada. Los miembros de la familia pueden notar lesiones a sus seres queridos y llamar a un abogado de lesiones personales.<\/p>\n<p>Los hospitales y otras instalaciones no quieren su reputaci\u00f3n da\u00f1ada por una demanda. Por lo tanto, generalmente est\u00e1n dispuestos a resolver estos casos fuera de la corte. Llame a nuestra oficina para discutir su caso. Haremos nuestro mejor esfuerzo para conseguir a su ser querido la remuneraci\u00f3n que se merecen.<\/p>\n<h4>Medicamentos Peligrosos<\/h4>\n<p>Las compa\u00f1\u00edas farmac\u00e9uticas son m\u00e1s grandes ahora que nunca. Los nuevos medicamentos salen al mercado todos los d\u00edas. Puede que no se hayan hecho las pruebas necesarias para asegurar que estas drogas sean seguras. Usted puede notar esto por los comercios de medicamentos \u2013 los cuales tienen cerca de dos docenas de renuncias al final. Esto se ha convertido en un negocio aterrador.<\/p>\n<p>Si usted o un ser querido son lesionados como resultado de <a href=\"https:\/\/mcdonaldworley.com\/dangerous-drugs\/\">tomar alguna medicaci\u00f3n<\/a>, usted necesita buscar representaci\u00f3n legal. H\u00e1galo enseguida. Si usted espera demasiado, puede ser dif\u00edcil o hasta imposible el poder probar las lesiones resultantes de los medicamentos.<\/p>\n<h4>Productos Defectuosos<\/h4>\n<p>Desafortunadamente, muchas personas son lastimadas por productos defectuosos. Hay veces donde las v\u00edctimas son ni\u00f1os. Las empresas no venden productos peligrosos intencionalmente. No pueden permanecer en el negocio si esa es su pr\u00e1ctica. Sin embargo, <a href=\"https:\/\/mcdonaldworley.com\/es\/que-pasa-si-te-lastimas-en-juego-houston-texans\/\" target=\"_blank\" rel=\"noopener\">los errores son cometidos y las cosas pasan.<\/a>. Aun un producto que es seguro 99 veces fuera de 100 puede lastimarle.<\/p>\n<p>Otras veces, el fabricante simplemente no pone advertencias de seguridad adecuadas en sus productos. Estas advertencias no son una defensa total para una demanda. Pero al menos ponen al usuario en aviso de que el producto podr\u00eda ser peligroso.<\/p>\n<p>Se necesita un <a href=\"https:\/\/mcdonaldworley.com\/es\/the-woodlands\/abogado-lesiones-personales\/\" target=\"_blank\" rel=\"noopener\">abogado de lesiones personales<\/a> para manejar un caso de responsabilidad civil por productos.. Llame a los expertos de McDonald Worley para una consulta gratuita.<\/p>\n<h4>Demandas de Mesotelioma<\/h4>\n<p>Algunos trabajos son m\u00e1s peligrosos que otros. Estos trabajos normalmente pagan m\u00e1s que otros trabajos. Sin embargo, la paga m\u00e1s alta no absuelve a la compa\u00f1\u00eda de toda la responsabilidad.<\/p>\n<p>Hay algunas industrias que se han convertido en defensores repetidores cuando se trata de mesotelioma. Esta es una especie de c\u00e1ncer asociado con el amianto. Durante muchos a\u00f1os, los cient\u00edficos ni siquiera sab\u00edan que el asbesto causaba c\u00e1ncer. Una vez que se dieron cuenta, era demasiado tarde para proteger a muchas personas. El mesotelioma es una terrible clase de c\u00e1ncer con un gran riesgo de ser mort\u00edfero. Algunos de los empleados que llevan este riesgo son:<\/p>\n<ul>\n<li>bomberos<\/li>\n<li>trabajadores de la construcci\u00f3n<\/li>\n<li>trabajadores industriales<\/li>\n<li>trabajadores de centrales el\u00e9ctricas<\/li>\n<li>trabajadores de astilleros.<\/li>\n<\/ul>\n<p>Puede que usted o un familiar haya sido expuesto al asbesto. Puede que le hayan <a href=\"https:\/\/mcdonaldworley.com\/civil-litigation\/mesothelioma-claims\/\">diagnosticado con mesotelioma<\/a>. Comun\u00edquese con uno de nuestros abogados expertos en McDonald Worley para discutir una posible demanda.<\/p>\n<h2>Tipos Comunes De Lesiones Personales<\/h2>\n<p>Los tipos de accidentes que discutimos aqu\u00ed pueden causar todo tipo de lesiones. Los abogados de McDonald Worley han manejado todo tipo de casos incluyendo:<\/p>\n<ul>\n<li>traumatismos craneales y traumatismos cerebrales<\/li>\n<li>lesiones medulares<\/li>\n<li>lesiones por quemaduras<\/li>\n<li>lesiones de la espalda<\/li>\n<li>lesiones en el cuello<\/li>\n<li>lesiones internas<\/li>\n<li>desfiguraci\u00f3n facial<\/li>\n<\/ul>\n<p>Recuerde, incluso lesiones menores pueden <a href=\"https:\/\/mcdonaldworley.com\/defective-medical-products\/power-morcellation-cancer\/\" target=\"_blank\" rel=\"noopener\">causar problemas de por<\/a> vida.. Usted se merece compensaci\u00f3n por sus heridas. Trabajamos duro para conseguirte el dinero que se merece. Trataremos de resolver el asunto con su compa\u00f1\u00eda de seguros. De esa manera no tienes que pasar por la molestia de una demanda. Tener un <a href=\"https:\/\/mcdonaldworley.com\/es\/moreno-valley\/abogado-lesiones-personales\/\" target=\"_blank\" rel=\"noopener\">abogado de lesiones personales<\/a> a su lado har\u00e1 que el proceso sea mucho menos doloroso..<\/p>\n<p>Si usted ha sufrido lesiones m\u00e1s graves, necesita a\u00fan m\u00e1s de un abogad. Los abogados saben c\u00f3mo presentar las pruebas de la mejor manera para demostrar sus p\u00e9rdidas. Tenemos d\u00e9cadas de experiencia en la lucha por nuestros clientes. Le conseguiremos una compensaci\u00f3n por el dinero que haya perdido y por las p\u00e9rdidas futuras. Te quitaremos el estr\u00e9s para que puedas concentrarte en tu recuperaci\u00f3n.<\/p>\n<h2>Sus Derechos Como V\u00edctima De Un Accidente<\/h2>\n<p>Los accidentes son una parte normal de la vida. A veces es tu culpa y a veces es culpa de otra persona. En cualquier caso, usted necesita de un abogado a su lado para asegurarse de que sus derechos est\u00e9n protegidos.<\/p>\n<p>Alguien que sale herido legalmente puede responsabilizar a la otra persona. Ser\u00e1n responsables de los da\u00f1os sufridos. Tendr\u00e1n que pagar por las lesiones o da\u00f1os sufridos. La primera cosa que usted necesita hacer es tener a un <a href=\"https:\/\/mcdonaldworley.com\/fontana\/personal-injury-attorney\/\" target=\"_blank\" rel=\"noopener\">abogado de lesiones personales<\/a> para que repase su caso..<\/p>\n<p>Puede que su <a href=\"https:\/\/mcdonaldworley.com\/es\/north-las-vegas\/abogado-lesiones-personales\/\" target=\"_blank\" rel=\"noopener\">abogado de lesionas personales<\/a> necesite contratar a otros expertos para probar su caso.. Tendr\u00e1 que obtener declaraciones de testigos y puede que tenga que testificar. Sin embargo, los <a href=\"https:\/\/mcdonaldworley.com\/es\/houston-tx\/abogado-accidentes-por-exceso-de-velocidad\/\" target=\"_blank\" rel=\"noopener\">abogados trabajan duro para resolver los casos por<\/a> lo que no se necesita de un juicio..<\/p>\n<p>Puede preguntarse qui\u00e9n podr\u00eda estar en un caso de <a href=\"https:\/\/mcdonaldworley.com\/es\/new-york-city\/abogado-de-lesiones-personales\/\" target=\"_blank\" rel=\"noopener\">lesiones personales.<\/a>. &nbsp;Incluyen:<\/p>\n<p>Individuos<\/p>\n<ul>\n<li>Conductores ebrios o agresivos<\/li>\n<li>Conductores comerciales negligentes<\/li>\n<li>M\u00e9dicos en un caso de negligencia m\u00e9dica<\/li>\n<li>Propietarios<\/li>\n<\/ul>\n<p>Corporaciones que:<\/p>\n<ul>\n<li>Venden art\u00edculos defectuosos<\/li>\n<li>Fabrican drogas peligrosas<\/li>\n<li>Mantienen un sitio de construcci\u00f3n inseguro<\/li>\n<li>Contratan empleados negligentes<\/li>\n<\/ul>\n<p>Entidades gubernamentales \u2013&nbsp;A veces, el acusado es una entidad o agencia gubernamental. Esto incluye los casos en que los accidentes o lesiones resultan de:<\/p>\n<ul>\n<li>carreteras peligrosas<\/li>\n<li>escuelas p\u00fablicas<\/li>\n<li>calles de la ciudad<\/li>\n<li>brutalidad policial<\/li>\n<\/ul>\n<h2>Comun\u00edquese Con Un Abogado De Lesiones Personales De Houston<\/h2>\n<p>Si resulta lesionado en un accidente, lo primero que <a href=\"https:\/\/mcdonaldworley.com\/es\/houston\/que-hacer-si-perro-de-vecino-me-muerde\/\" target=\"_blank\" rel=\"noopener\">debe hacer<\/a> es buscar tratamiento m\u00e9dico.. Lo siguiente que debe hacer es llamar a un <a href=\"https:\/\/mcdonaldworley.com\/atascocita\/personal-injury-lawyer\/\" target=\"_blank\" rel=\"noopener\">abogado de lesiones personales<\/a>.. Los expertos de McDonald Worley est\u00e1n disponibles las 24 horas del d\u00eda para responder su llamada. Ofrecemos una consulta gratis. Revisaremos su caso y veremos sus lesiones. Le daremos una idea de lo que creemos que vale su caso. Recuerde, no pagar\u00e1 nada a menos que ganemos su caso.<\/p>\n","protected":false},"excerpt":{"rendered":"<p>Si usted se lesiona por culpa de otra persona, usted debe ser compensado. La ley de Texas permite una indemnizaci\u00f3n. Usted tendr\u00eda que presentar una demanda contra la persona responsable por sus lesiones. Usted puede demandar a m\u00e1s de una persona y puede ser necesario que usted demande a una compa\u00f1\u00eda. Sin embargo, todo depende [&hellip;]<\/p>\n","protected":false},"author":65,"featured_media":0,"parent":0,"menu_order":0,"comment_status":"closed","ping_status":"closed","template":"","meta":{"_acf_changed":false,"site-sidebar-layout":"default","site-content-layout":"","ast-site-content-layout":"default","site-content-style":"default","site-sidebar-style":"default","ast-global-header-display":"","ast-banner-title-visibility":"","ast-main-header-display":"","ast-hfb-above-header-display":"","ast-hfb-below-header-display":"","ast-hfb-mobile-header-display":"","site-post-title":"","ast-breadcrumbs-content":"","ast-featured-img":"","footer-sml-layout":"","ast-disable-related-posts":"","theme-transparent-header-meta":"","adv-header-id-meta":"","stick-header-meta":"","header-above-stick-meta":"","header-main-stick-meta":"","header-below-stick-meta":"","astra-migrate-meta-layouts":"default","ast-page-background-enabled":"default","ast-page-background-meta":{"desktop":{"background-color":"var(--ast-global-color-4)","background-image":"","background-repeat":"repeat","background-position":"center center","background-size":"auto","background-attachment":"scroll","background-type":"","background-media":"","overlay-type":"","overlay-color":"","overlay-opacity":"","overlay-gradient":""},"tablet":{"background-color":"","background-image":"","background-repeat":"repeat","background-position":"center center","background-size":"auto","background-attachment":"scroll","background-type":"","background-media":"","overlay-type":"","overlay-color":"","overlay-opacity":"","overlay-gradient":""},"mobile":{"background-color":"","background-image":"","background-repeat":"repeat","background-position":"center center","background-size":"auto","background-attachment":"scroll","background-type":"","background-media":"","overlay-type":"","overlay-color":"","overlay-opacity":"","overlay-gradient":""}},"ast-content-background-meta":{"desktop":{"background-color":"var(--ast-global-color-5)","background-image":"","background-repeat":"repeat","background-position":"center center","background-size":"auto","background-attachment":"scroll","background-type":"","background-media":"","overlay-type":"","overlay-color":"","overlay-opacity":"","overlay-gradient":""},"tablet":{"background-color":"var(--ast-global-color-5)","background-image":"","background-repeat":"repeat","background-position":"center center","background-size":"auto","background-attachment":"scroll","background-type":"","background-media":"","overlay-type":"","overlay-color":"","overlay-opacity":"","overlay-gradient":""},"mobile":{"background-color":"var(--ast-global-color-5)","background-image":"","background-repeat":"repeat","background-position":"center center","background-size":"auto","background-attachment":"scroll","background-type":"","background-media":"","overlay-type":"","overlay-color":"","overlay-opacity":"","overlay-gradient":""}},"footnotes":""},"class_list":["post-24889","page","type-page","status-publish","hentry"],"acf":[],"_links":{"self":[{"href":"https:\/\/mcdonaldworley.com\/es\/wp-json\/wp\/v2\/pages\/24889","targetHints":{"allow":["GET"]}}],"collection":[{"href":"https:\/\/mcdonaldworley.com\/es\/wp-json\/wp\/v2\/pages"}],"about":[{"href":"https:\/\/mcdonaldworley.com\/es\/wp-json\/wp\/v2\/types\/page"}],"author":[{"embeddable":true,"href":"https:\/\/mcdonaldworley.com\/es\/wp-json\/wp\/v2\/users\/65"}],"replies":[{"embeddable":true,"href":"https:\/\/mcdonaldworley.com\/es\/wp-json\/wp\/v2\/comments?post=24889"}],"version-history":[{"count":0,"href":"https:\/\/mcdonaldworley.com\/es\/wp-json\/wp\/v2\/pages\/24889\/revisions"}],"wp:attachment":[{"href":"https:\/\/mcdonaldworley.com\/es\/wp-json\/wp\/v2\/media?parent=24889"}],"curies":[{"name":"wp","href":"https:\/\/api.w.org\/{rel}","templated":true}]}}