{"id":24887,"date":"2018-11-01T18:32:53","date_gmt":"2018-11-01T18:32:53","guid":{"rendered":"https:\/\/abconlinehold.wpengine.com\/?page_id=24887"},"modified":"2021-08-09T14:40:42","modified_gmt":"2021-08-09T19:40:42","slug":"productos-defectuosos","status":"publish","type":"page","link":"https:\/\/mcdonaldworley.com\/es\/productos-defectuosos\/","title":{"rendered":"Productos Defectuosos"},"content":{"rendered":"<p><b>\u00bfQU\u00c9 SON LAS DEMANDAS DE RESPONSABILIDAD CIVIL POR PRODUCTOS?<\/b><\/p>\n<p>Las demandas de responsabilidad por productos son aquellos presentadas contra el fabricante y otros involucrados en la venta y distribuci\u00f3n de un producto cuando es considerado defectuoso o peligroso.<\/p>\n<p>Normalmente, una persona que presenta una demanda de responsabilidad por productos debe alegar que hay defectos que caen en una o m\u00e1s de las siguientes categor\u00edas:<\/p>\n<p><b>Defectos de Dise\u00f1o:<\/b>\u00a0Las demandas de responsabilidad civil por productos alegan que incluso antes de que un producto fuera hecho, hab\u00eda problemas inherentes en el dise\u00f1o que lo hace inseguro.<\/p>\n<p><b>Defectos de Fabricaci\u00f3n:<\/b>\u00a0Los defectos de fabricaci\u00f3n alegados en demandas de responsabilidad civil por productos indican que los asuntos que rodean a la producci\u00f3n o el montaje de un producto lo han hecho inseguro.<\/p>\n<p><b>Defectos de Comercializaci\u00f3n:<\/b>\u00a0La falta de advertencia adecuada a los consumidores y a otros, el etiquetado incorrecto de los productos y las instrucciones que son insuficientes para asegurar el uso seguro de un producto, son todas las reclamaciones de defectos de comercializaci\u00f3n que pueden ser planteadas en una demanda de responsabilidad civil por productos.<\/p>\n<p><b>LOS QUE PODR\u00cdAN SER NOMBRADOS EN UNA DEMANDA DE RESPONSABILIDAD CIVIL POR PRODUCTOS<\/b><\/p>\n<p>Cuando las demandas de responsabilidad civil por productos se archivan, normalmente nombran a todos los implicados en la cadena de distribuci\u00f3n del producto. Generalmente, las compa\u00f1\u00edas responsables del dise\u00f1o, fabricaci\u00f3n y comercializaci\u00f3n del producto, as\u00ed como los distribuidores, pueden ser nombrados.<\/p>\n<p><b>Dise\u00f1ador\/Fabricante:<\/b>\u00a0Muchas veces, el dise\u00f1ador puede ser la misma compa\u00f1\u00eda que produjo dicho producto, pero ese no es siempre el caso. Si se alega el dise\u00f1o defectuoso y si una compa\u00f1\u00eda adem\u00e1s del fabricante dise\u00f1\u00f3 el producto, puede ser nombrado por separado en la demanda. Adem\u00e1s, los fabricantes de los componentes utilizados para ensamblar un producto final tambi\u00e9n pueden ser nombrados en una demanda de responsabilidad civil por productos.<\/p>\n<p><b>Mayorista\/Distribuidor:<\/b>\u00a0Los mayoristas, proveedores, distribuidores y otras empresas que son responsables de entregar el producto manufacturado al sector minorista pueden ser nombrados en una demanda de responsabilidad civil por productos.<\/p>\n<p><b>Minorista:<\/b>\u00a0La compa\u00f1\u00eda minorista de la cual usted compr\u00f3 el producto defectuoso puede ser hecho responsable por venderle dicho objeto y tambi\u00e9n puede ser nombrado en la demanda.<\/p>\n<p><b>COMPENSACI\u00d3N POR UNA DEMANDA DE RESPONSABILIDAD CIVIL POR PRODUCTOS <\/b><\/p>\n<p>Una demanda de responsabilidad civil por productos puede elevar las reclamaciones de responsabilidad estricta, la negligencia y el incumplimiento de garant\u00edas expl\u00edcitas e impl\u00edcitas.<\/p>\n<p>La responsabilidad estricta, tambi\u00e9n conocida como responsabilidad absoluta, se refiere a los productos que fueron utilizados de la forma en la que fueron destinados a ser utilizados, pero presentan problemas de seguridad debido a defectos en el producto. En los casos en los que se alega una responsabilidad estricta, los demandantes deben demostrar que el producto defectuoso caus\u00f3 lesiones o da\u00f1os, pero no est\u00e1n obligados a probar la manera exacta en la que el fabricante fue negligente en la producci\u00f3n.<\/p>\n<p>Los demandantes pueden recibir indemnizaci\u00f3n por da\u00f1os relacionados con gastos m\u00e9dicos, salarios perdidos, p\u00e9rdida de capacidad de ganancia, da\u00f1os morales, angustia emocional, p\u00e9rdida de compa\u00f1erismo y en casos severos, hasta demandas de muerte injusta.<\/p>\n<p>Si se considera que la conducta del acusado es excesivamente imprudente, tambi\u00e9n se pueden recuperar los da\u00f1os compensatorios o los da\u00f1os punitivos.<\/p>\n<p><b>PRODUCTOS DEFECTUOSOS<\/b><\/p>\n<p>Podemos ayudarle con una variedad de demandas de responsabilidad civil por productos, incluyendo, pero no limitados a:<\/p>\n<p><b>Esc\u00e1ndalo de Emisiones de Volkswagen:<\/b>\u00a0Las reclamaciones derivadas del esc\u00e1ndalo de emisiones de VW pueden ser elegibles para una demanda colectiva contra el fabricante. Las demandas contra VW alegan que la compa\u00f1\u00eda enga\u00f1\u00f3 intencionalmente al p\u00fablico cuando instal\u00f3 un dispositivo enga\u00f1oso dise\u00f1ado para encenderse durante pruebas de las emisiones.<\/p>\n<p><b>Sistema de Calentamiento de Aire de Bair Hugger:<\/b>\u00a0Los pacientes que presentadas demandas contra Bair Hugger alegan que el dispositivo de calentamiento de aire usado durante su cirug\u00eda fue dise\u00f1ado de una manera en la que los contaminantes bacterianos fueran soplados por el aire caliente de la unidad y subieron al techo en la sala de operaciones y potencialmente depositaron las bacterias en los sitios quir\u00fargicos abiertos, lo cual caus\u00f3 infecciones serias.<\/p>\n<p><b>Dispositivos de Reemplazo de Cadera:<\/b>\u00a0La mayor\u00eda de las demandas del dispositivo del reemplazo de la cadera alegan que el dise\u00f1o de metal sobre el producto llev\u00f3 al envenenamiento del cuerpo, que condujo a un n\u00famero de otros s\u00edntomas y de condiciones que causaban da\u00f1o.<\/p>\n<p><b>Dispositivos de Reemplazo de Rodilla:<\/b>\u00a0Las demandas contra fabricantes de dispositivos de reemplazo de rodilla indican que el dispositivo fall\u00f3, y algunos alegaron que perdieron una extremidad debido al supuestamente defectuoso producto.<\/p>\n<p><b>Morcelador laparosc\u00f3pico:<\/b>\u00a0Las mujeres que experimentaron una histerectom\u00eda o un retiro de un fibroma uterino donde se utiliz\u00f3 un dispositivo morcelador laparosc\u00f3pico en una cirug\u00eda m\u00ednimamente invasiva han divulgado que el dispositivo caus\u00f3 que su c\u00e1ncer uterino no antes detectado se expandiera agresivamente y subiera de etapa.<\/p>\n<p><b>Complicaciones de la Perforaci\u00f3n de la Vena Cava Inferior:<\/b>\u00a0Las mujeres que fueron implantadas con un dispositivo de control de la natalidad de la vena cava inferior afirman haber sufrido una perforaci\u00f3n por causa del dispositivo, alta presi\u00f3n intracraneal, embarazo ect\u00f3pico e intrauterino, enfermedad inflamatoria p\u00e9lvica y m\u00e1s.<\/p>\n<p><b>Roundup y el C\u00e1ncer:\u00a0<\/b>Los estudios han vinculado el principal ingrediente en Roundup a un mayor riesgo de desarrollar Linfoma no-Hodgkin\u2019s y otros c\u00e1nceres. El creador de Roundup, Monsanto, ha sido presentado con varias demandas por aquellos que trabajaron con Roundup, incluyendo trabajadores agr\u00edcolas y jardineros dom\u00e9sticos, alegando que caus\u00f3 su diagn\u00f3stico de c\u00e1ncer.<\/p>\n<p>Si usted cree que tenga una reclamaci\u00f3n potencial para una demanda de responsabilidad civil por productos, nuestro bufete de abogados puede hacer arreglos para revisar su caso en una consulta sin costo y sin compromiso para discutir los asuntos que rodeen su situaci\u00f3n y para explicarle sus derechos y opciones legales.<\/p>\n","protected":false},"excerpt":{"rendered":"<p>\u00bfQU\u00c9 SON LAS DEMANDAS DE RESPONSABILIDAD CIVIL POR PRODUCTOS? Las demandas de responsabilidad por productos son aquellos presentadas contra el fabricante y otros involucrados en la venta y distribuci\u00f3n de un producto cuando es considerado defectuoso o peligroso. Normalmente, una persona que presenta una demanda de responsabilidad por productos debe alegar que hay defectos que [&hellip;]<\/p>\n","protected":false},"author":65,"featured_media":0,"parent":0,"menu_order":0,"comment_status":"closed","ping_status":"closed","template":"","meta":{"_acf_changed":false,"site-sidebar-layout":"default","site-content-layout":"","ast-site-content-layout":"default","site-content-style":"default","site-sidebar-style":"default","ast-global-header-display":"","ast-banner-title-visibility":"","ast-main-header-display":"","ast-hfb-above-header-display":"","ast-hfb-below-header-display":"","ast-hfb-mobile-header-display":"","site-post-title":"","ast-breadcrumbs-content":"","ast-featured-img":"","footer-sml-layout":"","ast-disable-related-posts":"","theme-transparent-header-meta":"","adv-header-id-meta":"","stick-header-meta":"","header-above-stick-meta":"","header-main-stick-meta":"","header-below-stick-meta":"","astra-migrate-meta-layouts":"default","ast-page-background-enabled":"default","ast-page-background-meta":{"desktop":{"background-color":"var(--ast-global-color-4)","background-image":"","background-repeat":"repeat","background-position":"center center","background-size":"auto","background-attachment":"scroll","background-type":"","background-media":"","overlay-type":"","overlay-color":"","overlay-opacity":"","overlay-gradient":""},"tablet":{"background-color":"","background-image":"","background-repeat":"repeat","background-position":"center center","background-size":"auto","background-attachment":"scroll","background-type":"","background-media":"","overlay-type":"","overlay-color":"","overlay-opacity":"","overlay-gradient":""},"mobile":{"background-color":"","background-image":"","background-repeat":"repeat","background-position":"center center","background-size":"auto","background-attachment":"scroll","background-type":"","background-media":"","overlay-type":"","overlay-color":"","overlay-opacity":"","overlay-gradient":""}},"ast-content-background-meta":{"desktop":{"background-color":"var(--ast-global-color-5)","background-image":"","background-repeat":"repeat","background-position":"center center","background-size":"auto","background-attachment":"scroll","background-type":"","background-media":"","overlay-type":"","overlay-color":"","overlay-opacity":"","overlay-gradient":""},"tablet":{"background-color":"var(--ast-global-color-5)","background-image":"","background-repeat":"repeat","background-position":"center center","background-size":"auto","background-attachment":"scroll","background-type":"","background-media":"","overlay-type":"","overlay-color":"","overlay-opacity":"","overlay-gradient":""},"mobile":{"background-color":"var(--ast-global-color-5)","background-image":"","background-repeat":"repeat","background-position":"center center","background-size":"auto","background-attachment":"scroll","background-type":"","background-media":"","overlay-type":"","overlay-color":"","overlay-opacity":"","overlay-gradient":""}},"footnotes":""},"class_list":["post-24887","page","type-page","status-publish","hentry"],"acf":[],"_links":{"self":[{"href":"https:\/\/mcdonaldworley.com\/es\/wp-json\/wp\/v2\/pages\/24887","targetHints":{"allow":["GET"]}}],"collection":[{"href":"https:\/\/mcdonaldworley.com\/es\/wp-json\/wp\/v2\/pages"}],"about":[{"href":"https:\/\/mcdonaldworley.com\/es\/wp-json\/wp\/v2\/types\/page"}],"author":[{"embeddable":true,"href":"https:\/\/mcdonaldworley.com\/es\/wp-json\/wp\/v2\/users\/65"}],"replies":[{"embeddable":true,"href":"https:\/\/mcdonaldworley.com\/es\/wp-json\/wp\/v2\/comments?post=24887"}],"version-history":[{"count":0,"href":"https:\/\/mcdonaldworley.com\/es\/wp-json\/wp\/v2\/pages\/24887\/revisions"}],"wp:attachment":[{"href":"https:\/\/mcdonaldworley.com\/es\/wp-json\/wp\/v2\/media?parent=24887"}],"curies":[{"name":"wp","href":"https:\/\/api.w.org\/{rel}","templated":true}]}}