{"id":24873,"date":"2018-11-01T18:05:12","date_gmt":"2018-11-01T18:05:12","guid":{"rendered":"https:\/\/abconlinehold.wpengine.com\/?page_id=24873"},"modified":"2021-08-09T12:39:39","modified_gmt":"2021-08-09T17:39:39","slug":"ley-de-proteccion-al-consumidor","status":"publish","type":"page","link":"https:\/\/mcdonaldworley.com\/es\/ley-de-proteccion-al-consumidor\/","title":{"rendered":"Ley de Protecci\u00f3n al Consumidor"},"content":{"rendered":"<p>A nivel nacional y a nivel federal, las leyes de protecci\u00f3n al consumidor sirven para proteger a los miembros del p\u00fablico del da\u00f1o que hacen las empresas. Actualmente, el prop\u00f3sito principal de la ley de protecci\u00f3n al consumidor es para impedir que las empresas y los vendedores utilicen estrategias deshonestas. Las leyes estatales y federales regulan el ambiente de protecci\u00f3n al consumidor y el ritmo r\u00e1pido de la tecnolog\u00eda tambi\u00e9n significa que esta \u00e1rea de la ley est\u00e1 evolucionando r\u00e1pidamente.<\/p>\n<p>Hay una amplia gama de diferentes tipos de leyes para evitar que ocurran dichas violaciones y que permiten que los consumidores se protejan en caso de que hayan sido v\u00edctimas del fraude al consumidor o de t\u00e1cticas poco \u00e9ticas. Estos casos pueden variar de estrategias desleales hasta fraudes obvios, muchos de los cuales est\u00e1n cubiertos por las leyes de protecci\u00f3n al consumidor.<\/p>\n<p>Varias leyes de consumo protegen a los clientes de vender un veh\u00edculo sin informaci\u00f3n precisa, perder dinero a trav\u00e9s del fraude financiero o de sufrir las consecuencias del robo de identidad en l\u00ednea y el fraude de tarjetas de cr\u00e9dito.<\/p>\n<p>Un abogado de protecci\u00f3n al consumidor es un abogado que ayuda a un cliente a defenderse cuando ha sido sometido a pr\u00e1cticas comerciales abusivas.<\/p>\n<p>Cuando una empresa aprovecha la falta de conocimiento del consumidor en el mercado y dicho consumidor puede demostrar que tal ventaja es una violaci\u00f3n de las leyes de protecci\u00f3n al consumidor, se puede presentar una demanda. Los expertos en derecho al consumidor anticipan que la conciencia de los problemas de los consumidores ser\u00e1 principal por muchos a\u00f1os m\u00e1s.<\/p>\n<p>Demandas colectivas del fraude de consumidor han sido dirigidas a compa\u00f1\u00edas que han violado estos derechos y que han intentado defraudar al p\u00fablico. Como resultado, la supervisi\u00f3n regulatoria ha aumentado y se han promulgado m\u00e1s leyes para proteger a los consumidores. La b\u00fasqueda de justicia a trav\u00e9s de demandas de protecci\u00f3n al consumidor se ha convertido en una piedra angular de este campo legal emergente.<\/p>\n<p>El prop\u00f3sito de las leyes de protecci\u00f3n al consumidor es para dar a los clientes una manera de responder y defenderse cuando una empresa est\u00e1 utilizando m\u00e9todos poco \u00e9ticos o ilegales para operar, comercializar o trabajar con consumidores.<\/p>\n<p><b>RESPONSABILIDAD DEL PRESTAMISTA<\/b><\/p>\n<p>El prop\u00f3sito de las leyes de responsabilidad del prestamista es proteger a los consumidores de ser sometidos a pr\u00e1cticas de pr\u00e9stamo injustas. Cada ley del derecho tiene que ser seguido al pie de la letra al hacer disponible un pr\u00e9stamo hipotecario o cuando se busca hacer una ejecuci\u00f3n hipotecaria contra un propietario. Algunos ejemplos comunes de casos de responsabilidad de prestamistas en la ley de protecci\u00f3n al consumidor implican ventas colaterales injustas, incumplimiento del deber fiduciario y violaci\u00f3n del contrato.<\/p>\n<p><a href=\"https:\/\/mcdonaldworley.com\/consumer-protection-law\/foreclosure-defense\/\" target=\"_blank\" rel=\"noopener\"><b>DEFENSA DE EJECUCI\u00d3N HIPOTECARIA<\/b><\/a><\/p>\n<p>Puede que los consumidores que toman medidas r\u00e1pidamente no tengan que perder su casa en ejecuci\u00f3n hipotecaria. Cuanto antes retenga la ayuda legal de los abogados de protecci\u00f3n al consumidor, m\u00e1s f\u00e1cil ser\u00e1 explorar sus opciones. Usted puede ser capaz de perseguir una modificaci\u00f3n de pr\u00e9stamo o mitigaci\u00f3n de p\u00e9rdidas cuando usted tiene abogados de su lado. Si la compa\u00f1\u00eda de pr\u00e9stamos cometi\u00f3 un error o infringi\u00f3 la ley en el manejo de su hipoteca, usted tiene derechos que puede ejercer.<\/p>\n<p><b>BANCARROTA<\/b><\/p>\n<p>Al entrar en bancarrota, existen ciertas protecciones inmediatas e importantes que los afectados pueden ejercer, pero aun as\u00ed los acreedores contin\u00faan acosando a los consumidores quienes han entrado en bancarrota. Estos acreedores est\u00e1n contando con la falta de conocimiento de los consumidores sobre las diversas leyes estatales y federales. Un abogado de protecci\u00f3n al consumidor puede ser usado para hacer responsable a estas compa\u00f1\u00edas cuando un acreedor abusa de su poder. La bancarrota se ve como un nuevo comienzo, y muchas de las provisiones de la bancarrota tal como la estancia autom\u00e1tica est\u00e1n puestos para ayudar a los consumidores a cerrar este cap\u00edtulo de su vida y seguir adelante sin interferencias adicionales.<\/p>\n<p><b>ABSUO DE ACREEDORES <\/b><\/p>\n<p>Cuando un cobrador de deudas te persigue, hay ciertas leyes que protegen tus derechos y te empoderan con la oportunidad de defenderte. Si sus derechos han sido violados y las leyes de protecci\u00f3n al consumidor han sido quebradas por los acreedores, usted puede hacer responsables a estas compa\u00f1\u00edas.<\/p>\n<p><b>PROTEJA SU HOGAR<\/b><\/p>\n<p>Las t\u00e1cticas de defensa de ejecuci\u00f3n hipotecaria pueden ayudar a detener las pr\u00e1cticas de pr\u00e9stamo abusivo y darle la oportunidad de proteger su hogar. Los prestamistas a menudo cuentan con la falta de conocimiento del consumidor sobre el proceso de pr\u00e9stamo y ejecuci\u00f3n hipotecaria para tomar acciones que no tienen el derecho de tomar legalmente. Cuando un prestamista viola dichas leyes, los consumidores son elegibles para defenderse.<\/p>\n<p><b>DEMANDA DE PROTECCI\u00d3N AL CONSUMIDOR <\/b><\/p>\n<p>Los consumidores han estado dirigiendo la acusaci\u00f3n contra el fraude al consumidor al presentar pleitos y demandas colectivas contra aquellas compa\u00f1\u00edas que han violado las leyes estatales y federales y que han provocado serios da\u00f1os a los clientes.<\/p>\n","protected":false},"excerpt":{"rendered":"<p>A nivel nacional y a nivel federal, las leyes de protecci\u00f3n al consumidor sirven para proteger a los miembros del p\u00fablico del da\u00f1o que hacen las empresas. Actualmente, el prop\u00f3sito principal de la ley de protecci\u00f3n al consumidor es para impedir que las empresas y los vendedores utilicen estrategias deshonestas. Las leyes estatales y federales [&hellip;]<\/p>\n","protected":false},"author":65,"featured_media":0,"parent":0,"menu_order":0,"comment_status":"closed","ping_status":"closed","template":"","meta":{"_acf_changed":false,"site-sidebar-layout":"default","site-content-layout":"","ast-site-content-layout":"default","site-content-style":"default","site-sidebar-style":"default","ast-global-header-display":"","ast-banner-title-visibility":"","ast-main-header-display":"","ast-hfb-above-header-display":"","ast-hfb-below-header-display":"","ast-hfb-mobile-header-display":"","site-post-title":"","ast-breadcrumbs-content":"","ast-featured-img":"","footer-sml-layout":"","ast-disable-related-posts":"","theme-transparent-header-meta":"","adv-header-id-meta":"","stick-header-meta":"","header-above-stick-meta":"","header-main-stick-meta":"","header-below-stick-meta":"","astra-migrate-meta-layouts":"default","ast-page-background-enabled":"default","ast-page-background-meta":{"desktop":{"background-color":"var(--ast-global-color-4)","background-image":"","background-repeat":"repeat","background-position":"center center","background-size":"auto","background-attachment":"scroll","background-type":"","background-media":"","overlay-type":"","overlay-color":"","overlay-opacity":"","overlay-gradient":""},"tablet":{"background-color":"","background-image":"","background-repeat":"repeat","background-position":"center center","background-size":"auto","background-attachment":"scroll","background-type":"","background-media":"","overlay-type":"","overlay-color":"","overlay-opacity":"","overlay-gradient":""},"mobile":{"background-color":"","background-image":"","background-repeat":"repeat","background-position":"center center","background-size":"auto","background-attachment":"scroll","background-type":"","background-media":"","overlay-type":"","overlay-color":"","overlay-opacity":"","overlay-gradient":""}},"ast-content-background-meta":{"desktop":{"background-color":"var(--ast-global-color-5)","background-image":"","background-repeat":"repeat","background-position":"center center","background-size":"auto","background-attachment":"scroll","background-type":"","background-media":"","overlay-type":"","overlay-color":"","overlay-opacity":"","overlay-gradient":""},"tablet":{"background-color":"var(--ast-global-color-5)","background-image":"","background-repeat":"repeat","background-position":"center center","background-size":"auto","background-attachment":"scroll","background-type":"","background-media":"","overlay-type":"","overlay-color":"","overlay-opacity":"","overlay-gradient":""},"mobile":{"background-color":"var(--ast-global-color-5)","background-image":"","background-repeat":"repeat","background-position":"center center","background-size":"auto","background-attachment":"scroll","background-type":"","background-media":"","overlay-type":"","overlay-color":"","overlay-opacity":"","overlay-gradient":""}},"footnotes":""},"class_list":["post-24873","page","type-page","status-publish","hentry"],"acf":[],"_links":{"self":[{"href":"https:\/\/mcdonaldworley.com\/es\/wp-json\/wp\/v2\/pages\/24873","targetHints":{"allow":["GET"]}}],"collection":[{"href":"https:\/\/mcdonaldworley.com\/es\/wp-json\/wp\/v2\/pages"}],"about":[{"href":"https:\/\/mcdonaldworley.com\/es\/wp-json\/wp\/v2\/types\/page"}],"author":[{"embeddable":true,"href":"https:\/\/mcdonaldworley.com\/es\/wp-json\/wp\/v2\/users\/65"}],"replies":[{"embeddable":true,"href":"https:\/\/mcdonaldworley.com\/es\/wp-json\/wp\/v2\/comments?post=24873"}],"version-history":[{"count":0,"href":"https:\/\/mcdonaldworley.com\/es\/wp-json\/wp\/v2\/pages\/24873\/revisions"}],"wp:attachment":[{"href":"https:\/\/mcdonaldworley.com\/es\/wp-json\/wp\/v2\/media?parent=24873"}],"curies":[{"name":"wp","href":"https:\/\/api.w.org\/{rel}","templated":true}]}}