{"id":24871,"date":"2018-11-01T18:03:10","date_gmt":"2018-11-01T18:03:10","guid":{"rendered":"https:\/\/abconlinehold.wpengine.com\/?page_id=24871"},"modified":"2020-12-23T15:01:21","modified_gmt":"2020-12-23T15:01:21","slug":"juicio-civil","status":"publish","type":"page","link":"https:\/\/mcdonaldworley.com\/es\/juicio-civil\/","title":{"rendered":"Juicio Civil"},"content":{"rendered":"<p>Muchos abogados pueden sacarlo de una multa de tr\u00e1fico. Algunos incluso son bastante buenos para obtener acuerdos decentes de las compa\u00f1\u00edas de seguros. Solo unos pocos pueden manejar los litigios civiles. Se requieren a\u00f1os de experiencia en lesiones personales antes de que un abogado est\u00e9 completamente calificado para manejar este tipo de casos. La gente escucha el t\u00e9rmino litigio civil y se intimidan. Suena aterrador Adem\u00e1s, para el acusado, puede ser muy aterrador. Esto es especialmente cierto si tiene un abogado experto en litigios civiles que represente al demandante. En McDonald Worley, tenemos abogados que tienen d\u00e9cadas de experiencia combinada en el manejo de litigios civiles.<\/p>\n<p>Manejamos una gran variedad de casos de litigio civil, que incluyen, entre otros, los siguientes:<\/p>\n<figure id=\"attachment_25640\" aria-describedby=\"caption-attachment-25640\" style=\"width: 300px\" class=\"wp-caption alignright\"><img loading=\"lazy\" decoding=\"async\" class=\"wp-image-25640 size-medium\" src=\"https:\/\/mcdonaldworley.com\/wp-content\/uploads\/2019\/06\/civil-law-300x200.jpg\" alt=\"Abogado de litigio civil hablando con un cliente\" width=\"300\" height=\"200\" title=\"\" srcset=\"https:\/\/mcdonaldworley.com\/wp-content\/uploads\/2019\/06\/civil-law-300x200.jpg 300w, https:\/\/mcdonaldworley.com\/wp-content\/uploads\/2019\/06\/civil-law.jpg 700w\" sizes=\"auto, (max-width: 300px) 100vw, 300px\" \/><figcaption id=\"caption-attachment-25640\" class=\"wp-caption-text\">Cont\u00e1ctenos si necesita un abogado con experiencia en litigios civiles.<\/figcaption><\/figure>\n<ul>\n<li><a href=\"https:\/\/mcdonaldworley.com\/es\/juicio-civil\/demandas-colectivas\/\">Demandas Grupales<\/a><\/li>\n<li><a href=\"https:\/\/mcdonaldworley.com\/es\/juicio-civil\/defectos-de-construccion\/\">Defectos de construcci\u00f3n<\/a><\/li>\n<li><a href=\"https:\/\/mcdonaldworley.com\/es\/juicio-civil\/exposicion-peligrosa-a-las-toxinas\/\">Exposici\u00f3n a toxinas peligrosas<\/a><\/li>\n<li><a href=\"https:\/\/mcdonaldworley.com\/es\/juicio-civil\/exposicion-al-gasoleo\/\">Exposici\u00f3n al combustible diesel<\/a><\/li>\n<li><a href=\"https:\/\/mcdonaldworley.com\/es\/houston\/abogado-de-divorcios\">Divorcio<\/a><\/li>\n<li><a href=\"https:\/\/mcdonaldworley.com\/es\/juicio-civil\/derecho-de-expropiacion\/\">Derecho de Expropiaci\u00f3n\u00a0<\/a><\/li>\n<li><a href=\"https:\/\/mcdonaldworley.com\/es\/juicio-civil\/impugnacion-de-testamento\/\">Impugnaci\u00f3n de Testamento<\/a><\/li>\n<li><a href=\"https:\/\/mcdonaldworley.com\/es\/juicio-civil\/demandas-del-mesotelioma\/\">Casos de mesotelioma<\/a><\/li>\n<li><a href=\"https:\/\/mcdonaldworley.com\/es\/juicio-civil\/el-pago-de-la-regalias-por-petroleo-y-gas\/\">Pago incompleto de regal\u00edas de petr\u00f3leo y gas<\/a><\/li>\n<li>Demanda de Adicci\u00f3n a Opioides<\/li>\n<li><a href=\"https:\/\/mcdonaldworley.com\/es\/juicio-civil\/derecho-sucesorio\/\">Ley de sucesiones<\/a><\/li>\n<li><a href=\"https:\/\/mcdonaldworley.com\/es\/juicio-civil\/demandas-de-techos\/\">Reclamaciones de techo<\/a><\/li>\n<li><a href=\"https:\/\/mcdonaldworley.com\/es\/juicio-civil\/negacion-del-seguro-social-por-incapacidad\/\">Denegaci\u00f3n de discapacidad del Seguro Social<\/a><\/li>\n<li><a href=\"https:\/\/mcdonaldworley.com\/es\/productos-defectuosos\/demanda-colectiva-contra-volkswagen-por-emisiones-de-gas\/\"><span class=\"fl-heading-text\">Demanda Colectiva Contra Volkswagen por Emisiones de Gas<\/span><\/a><\/li>\n<\/ul>\n<p>Todas estas \u00e1reas de la ley pueden ser complejas y desafiantes. Desea asegurarse de contratar los servicios de un abogado que pueda manejar las complejidades de su caso. Adem\u00e1s, los abogados con experiencia en McDonald Worley tienen lo necesario para obtener la compensaci\u00f3n que se merece.<\/p>\n<h2>\u00bfQu\u00e9 diferencia a un abogado de litigios civiles de otros abogados?<\/h2>\n<p>Todos los abogados tienen que pasar a\u00f1os en capacitaci\u00f3n escolar para convertirse en abogados. Tienen que aprobar el examen de la barra y mojarse los pies temprano en sus carreras. Sin embargo, ciertos abogados tienen una pasi\u00f3n por los litigios que otros abogados no tienen. <a href=\"https:\/\/mcdonaldworley.com\/es\/\">McDonald Worley<\/a> tiene algunos de los mejores abogados de litigios civiles.<\/p>\n<p>Un abogado de litigios civiles maneja un caso civil de principio a fin. Revisan y eval\u00faan el caso desde el momento en que tiene su consulta inicial. Son conocidos como abogados litigantes. Obtienen certificaciones especiales para practicar litigios civiles. Est\u00e1n calificados para manejar todos los aspectos de un asunto civil. Tambi\u00e9n son capaces de manejar la presentaci\u00f3n de una demanda, la fase de resoluci\u00f3n e incluso una apelaci\u00f3n. Tener el beneficio de un abogado litigante calificado es un activo que desea en su bolsillo. P\u00f3ngase en contacto con nuestra oficina hoy para discutir su caso.<\/p>\n<p>Los abogados de McDonald Worley le brindan la compensaci\u00f3n que se merece<\/p>\n<p>Si usted o su ser querido han resultado lesionados en cualquiera de estos tipos de casos, necesita los servicios de un abogado con experiencia en litigios civiles. Dependiendo de la gravedad de su caso, puede tener derecho a lo siguiente:<\/p>\n<ul>\n<li>Facturas m\u00e9dicas<\/li>\n<li>Salarios perdidos<\/li>\n<li>Da\u00f1o a la propiedad<\/li>\n<li>Perdidas financieras<\/li>\n<li>Dolor y sufrimiento<\/li>\n<\/ul>\n<p>Por \u00faltimo, su abogado de litigio civil luchar\u00e1 arduamente para asegurarse de que se recupere. Su objetivo es hacerte justicia. No querr\u00e1s depender de un abogado de vuelo nocturno para manejar algo tan serio como tu futuro. <a href=\"https:\/\/mcdonaldworley.com\/es\/contacto\/\">P\u00f3ngase en contacto<\/a> con nuestras oficinas hoy para su consulta inicial gratuita. Tambi\u00e9n tendr\u00e1 la oportunidad de discutir su caso con un abogado compasivo que sepa lo que se necesita para ayudar a sus clientes.<\/p>\n","protected":false},"excerpt":{"rendered":"<p>Muchos abogados pueden sacarlo de una multa de tr\u00e1fico. Algunos incluso son bastante buenos para obtener acuerdos decentes de las compa\u00f1\u00edas de seguros. Solo unos pocos pueden manejar los litigios civiles. Se requieren a\u00f1os de experiencia en lesiones personales antes de que un abogado est\u00e9 completamente calificado para manejar este tipo de casos. La gente [&hellip;]<\/p>\n","protected":false},"author":65,"featured_media":0,"parent":0,"menu_order":0,"comment_status":"closed","ping_status":"closed","template":"","meta":{"_acf_changed":false,"site-sidebar-layout":"default","site-content-layout":"","ast-site-content-layout":"default","site-content-style":"default","site-sidebar-style":"default","ast-global-header-display":"","ast-banner-title-visibility":"","ast-main-header-display":"","ast-hfb-above-header-display":"","ast-hfb-below-header-display":"","ast-hfb-mobile-header-display":"","site-post-title":"","ast-breadcrumbs-content":"","ast-featured-img":"","footer-sml-layout":"","ast-disable-related-posts":"","theme-transparent-header-meta":"","adv-header-id-meta":"","stick-header-meta":"","header-above-stick-meta":"","header-main-stick-meta":"","header-below-stick-meta":"","astra-migrate-meta-layouts":"default","ast-page-background-enabled":"default","ast-page-background-meta":{"desktop":{"background-color":"var(--ast-global-color-4)","background-image":"","background-repeat":"repeat","background-position":"center center","background-size":"auto","background-attachment":"scroll","background-type":"","background-media":"","overlay-type":"","overlay-color":"","overlay-opacity":"","overlay-gradient":""},"tablet":{"background-color":"","background-image":"","background-repeat":"repeat","background-position":"center center","background-size":"auto","background-attachment":"scroll","background-type":"","background-media":"","overlay-type":"","overlay-color":"","overlay-opacity":"","overlay-gradient":""},"mobile":{"background-color":"","background-image":"","background-repeat":"repeat","background-position":"center center","background-size":"auto","background-attachment":"scroll","background-type":"","background-media":"","overlay-type":"","overlay-color":"","overlay-opacity":"","overlay-gradient":""}},"ast-content-background-meta":{"desktop":{"background-color":"var(--ast-global-color-5)","background-image":"","background-repeat":"repeat","background-position":"center center","background-size":"auto","background-attachment":"scroll","background-type":"","background-media":"","overlay-type":"","overlay-color":"","overlay-opacity":"","overlay-gradient":""},"tablet":{"background-color":"var(--ast-global-color-5)","background-image":"","background-repeat":"repeat","background-position":"center center","background-size":"auto","background-attachment":"scroll","background-type":"","background-media":"","overlay-type":"","overlay-color":"","overlay-opacity":"","overlay-gradient":""},"mobile":{"background-color":"var(--ast-global-color-5)","background-image":"","background-repeat":"repeat","background-position":"center center","background-size":"auto","background-attachment":"scroll","background-type":"","background-media":"","overlay-type":"","overlay-color":"","overlay-opacity":"","overlay-gradient":""}},"footnotes":""},"class_list":["post-24871","page","type-page","status-publish","hentry"],"acf":[],"_links":{"self":[{"href":"https:\/\/mcdonaldworley.com\/es\/wp-json\/wp\/v2\/pages\/24871","targetHints":{"allow":["GET"]}}],"collection":[{"href":"https:\/\/mcdonaldworley.com\/es\/wp-json\/wp\/v2\/pages"}],"about":[{"href":"https:\/\/mcdonaldworley.com\/es\/wp-json\/wp\/v2\/types\/page"}],"author":[{"embeddable":true,"href":"https:\/\/mcdonaldworley.com\/es\/wp-json\/wp\/v2\/users\/65"}],"replies":[{"embeddable":true,"href":"https:\/\/mcdonaldworley.com\/es\/wp-json\/wp\/v2\/comments?post=24871"}],"version-history":[{"count":0,"href":"https:\/\/mcdonaldworley.com\/es\/wp-json\/wp\/v2\/pages\/24871\/revisions"}],"wp:attachment":[{"href":"https:\/\/mcdonaldworley.com\/es\/wp-json\/wp\/v2\/media?parent=24871"}],"curies":[{"name":"wp","href":"https:\/\/api.w.org\/{rel}","templated":true}]}}